{"id":48193,"date":"2026-01-27T21:58:02","date_gmt":"2026-01-27T21:58:02","guid":{"rendered":"https:\/\/www.deporteseli.com\/?product=tenis-hummel-225242-9124"},"modified":"2026-02-16T08:04:15","modified_gmt":"2026-02-16T08:04:15","slug":"tenis-hummel-225242-9124","status":"publish","type":"product","link":"https:\/\/www.deporteseli.com\/?product=tenis-hummel-225242-9124","title":{"rendered":"TENIS HUMMEL 225242-9124"},"content":{"rendered":"<p>Construcci\u00f3n abierta  Suela ancha y estable  Suela de TPR con dibujo hexagonal para un agarre multidireccional  Amortiguaci\u00f3n de entresuela de EVA  La construcci\u00f3n abierta, junto con la suela ancha y estable de las MULTIPLAY FLEX LC JR, ofrece a los ni\u00f1os una comodidad y un ajuste excepcionales. Adem\u00e1s, ofrecen un excelente agarre multidireccional gracias a la suela de TPR con dibujo hexagonal. La entresuela de EVA proporciona mayor amortiguaci\u00f3n para un estilo Hummel vers\u00e1til que les encantar\u00e1                                                                                                                                                                                                                                                                                                                                                                                                                                                                                                                                                                                                                                                                                                                                                                                                                                                                                                                                                                                                                                        <\/p>\n","protected":false},"excerpt":{"rendered":"<p>TENIS HUMMEL 225242-9124<\/p>\n","protected":false},"featured_media":60385,"template":"","meta":[],"product_brand":[],"product_cat":[345],"product_tag":[55],"class_list":{"0":"post-48193","1":"product","2":"type-product","3":"status-publish","4":"has-post-thumbnail","6":"product_cat-deportes_balonmano","7":"product_tag-hummel","8":"pa_color-unico","9":"pa_talla-141","10":"pa_talla-143","11":"pa_talla-145","12":"pa_talla-147","13":"pa_talla-149","14":"thunk-woo-product-list","15":"opn-qv-enable","16":"open-woo-hover-","17":"open-single-product-tab-horizontal","18":"open-shadow-","19":"open-shadow-hover-","21":"first","22":"instock","23":"sale","24":"shipping-taxable","25":"purchasable","26":"product-type-variable"},"jetpack_sharing_enabled":true,"_links":{"self":[{"href":"https:\/\/www.deporteseli.com\/index.php?rest_route=\/wp\/v2\/product\/48193","targetHints":{"allow":["GET"]}}],"collection":[{"href":"https:\/\/www.deporteseli.com\/index.php?rest_route=\/wp\/v2\/product"}],"about":[{"href":"https:\/\/www.deporteseli.com\/index.php?rest_route=\/wp\/v2\/types\/product"}],"wp:featuredmedia":[{"embeddable":true,"href":"https:\/\/www.deporteseli.com\/index.php?rest_route=\/wp\/v2\/media\/60385"}],"wp:attachment":[{"href":"https:\/\/www.deporteseli.com\/index.php?rest_route=%2Fwp%2Fv2%2Fmedia&parent=48193"}],"wp:term":[{"taxonomy":"product_brand","embeddable":true,"href":"https:\/\/www.deporteseli.com\/index.php?rest_route=%2Fwp%2Fv2%2Fproduct_brand&post=48193"},{"taxonomy":"product_cat","embeddable":true,"href":"https:\/\/www.deporteseli.com\/index.php?rest_route=%2Fwp%2Fv2%2Fproduct_cat&post=48193"},{"taxonomy":"product_tag","embeddable":true,"href":"https:\/\/www.deporteseli.com\/index.php?rest_route=%2Fwp%2Fv2%2Fproduct_tag&post=48193"}],"curies":[{"name":"wp","href":"https:\/\/api.w.org\/{rel}","templated":true}]}}