{"id":48167,"date":"2026-01-27T21:57:27","date_gmt":"2026-01-27T21:57:27","guid":{"rendered":"https:\/\/www.deporteseli.com\/?product=tenis-hummel-228237"},"modified":"2026-03-18T05:19:33","modified_gmt":"2026-03-18T05:19:33","slug":"tenis-hummel-228237","status":"publish","type":"product","link":"https:\/\/www.deporteseli.com\/?product=tenis-hummel-228237","title":{"rendered":"TENIS HUMMEL 228237"},"content":{"rendered":"<p>Parte superior de PU y malla  Refuerzos de TPU termofusible  Lado medial reforzado  Amortiguaci\u00f3n reactiva de la entresuela de EVA  Acolchado suave en el tal\u00f3n y la leng\u00fceta  Contrafuerte interno del tal\u00f3n  Suela de TPR  Escudo de poder  Suela que no deja marcas  Las ALL COURT son unas zapatillas vers\u00e1tiles para interior, fabricadas con una parte superior que combina PU y malla para ofrecer la m\u00e1xima durabilidad y transpirabilidad. Incluyen refuerzos de TPU termofusible, suela exterior de TPR que no deja marcas y una zona media reforzada con Power Shield. Ofrecen comodidad y estabilidad gracias a la entresuela de EVA reactiva, el suave acolchado del tal\u00f3n y la leng\u00fceta, y el contrafuerte interno.                                                                                                                                                                                                                                                                                                                                                                                                                                                                                                                                                                                                                                                                                                                                                                                                                                                                                                                                                                                                                                        <\/p>\n","protected":false},"excerpt":{"rendered":"<p>TENIS HUMMEL 228237<\/p>\n","protected":false},"featured_media":60375,"template":"","meta":[],"product_brand":[],"product_cat":[345],"product_tag":[55],"class_list":{"0":"post-48167","1":"product","2":"type-product","3":"status-publish","4":"has-post-thumbnail","6":"product_cat-deportes_balonmano","7":"product_tag-hummel","8":"pa_color-unico","9":"pa_talla-141","10":"pa_talla-143","11":"pa_talla-145","12":"pa_talla-147","13":"pa_talla-149","14":"pa_talla-151","15":"pa_talla-153","16":"pa_talla-155","17":"pa_talla-157","18":"pa_talla-159","19":"pa_talla-161","20":"pa_talla-163","21":"thunk-woo-product-list","22":"opn-qv-enable","23":"open-woo-hover-","24":"open-single-product-tab-horizontal","25":"open-shadow-","26":"open-shadow-hover-","28":"first","29":"instock","30":"sale","31":"shipping-taxable","32":"purchasable","33":"product-type-variable"},"jetpack_sharing_enabled":true,"_links":{"self":[{"href":"https:\/\/www.deporteseli.com\/index.php?rest_route=\/wp\/v2\/product\/48167","targetHints":{"allow":["GET"]}}],"collection":[{"href":"https:\/\/www.deporteseli.com\/index.php?rest_route=\/wp\/v2\/product"}],"about":[{"href":"https:\/\/www.deporteseli.com\/index.php?rest_route=\/wp\/v2\/types\/product"}],"wp:featuredmedia":[{"embeddable":true,"href":"https:\/\/www.deporteseli.com\/index.php?rest_route=\/wp\/v2\/media\/60375"}],"wp:attachment":[{"href":"https:\/\/www.deporteseli.com\/index.php?rest_route=%2Fwp%2Fv2%2Fmedia&parent=48167"}],"wp:term":[{"taxonomy":"product_brand","embeddable":true,"href":"https:\/\/www.deporteseli.com\/index.php?rest_route=%2Fwp%2Fv2%2Fproduct_brand&post=48167"},{"taxonomy":"product_cat","embeddable":true,"href":"https:\/\/www.deporteseli.com\/index.php?rest_route=%2Fwp%2Fv2%2Fproduct_cat&post=48167"},{"taxonomy":"product_tag","embeddable":true,"href":"https:\/\/www.deporteseli.com\/index.php?rest_route=%2Fwp%2Fv2%2Fproduct_tag&post=48167"}],"curies":[{"name":"wp","href":"https:\/\/api.w.org\/{rel}","templated":true}]}}