{"id":48159,"date":"2026-01-27T21:57:17","date_gmt":"2026-01-27T21:57:17","guid":{"rendered":"https:\/\/www.deporteseli.com\/?product=tenis-hummel-228236-2"},"modified":"2026-04-18T04:19:38","modified_gmt":"2026-04-18T04:19:38","slug":"tenis-hummel-228236-2","status":"publish","type":"product","link":"https:\/\/www.deporteseli.com\/?product=tenis-hummel-228236-2","title":{"rendered":"TENIS HUMMEL 228236"},"content":{"rendered":"<p>Parte superior de malla transpirable dise\u00f1ada  Refuerzos de TPU termofusible  Entresuela reactiva con tecnolog\u00eda REACH LX  Suela de goma  Soporte de la pared lateral del antepi\u00e9  Acolchado suave en el tal\u00f3n y la leng\u00fceta  Contrafuerte interno del tal\u00f3n  Plantilla Ortholite  Suela que no deja marcas  Las zapatillas de interior SPEED COURT est\u00e1n confeccionadas con una parte superior de malla t\u00e9cnica y refuerzos termofusibles de TPU, que se combinan para ofrecer la mejor transpirabilidad y durabilidad. Estas zapatillas ligeras cuentan con una suela exterior de goma antideslizante y antihuellas, junto con una entresuela reactiva con tecnolog\u00eda REACH LX, que ofrece un alto retorno de energ\u00eda y est\u00e1 dise\u00f1ada para superficies duras. Incluyen soporte lateral en el antepi\u00e9, acolchado suave en el tal\u00f3n y la leng\u00fceta, contrafuerte interno del tal\u00f3n y plantilla Ortholite acolchada para garantizar la comodidad durante partidos de alta intensidad.                                                                                                                                                                                                                                                                                                                                                                                                                                                                                                                                                                                                                                                                                                                                                                                                                                                                                                                                                                                                                                        <\/p>\n","protected":false},"excerpt":{"rendered":"<p>TENIS HUMMEL 228236<\/p>\n","protected":false},"featured_media":60370,"template":"","meta":[],"product_brand":[],"product_cat":[345],"product_tag":[55],"class_list":{"0":"post-48159","1":"product","2":"type-product","3":"status-publish","4":"has-post-thumbnail","6":"product_cat-deportes_balonmano","7":"product_tag-hummel","8":"pa_color-unico","9":"pa_talla-151","10":"pa_talla-153","11":"pa_talla-155","12":"pa_talla-157","13":"pa_talla-159","14":"pa_talla-161","15":"pa_talla-163","16":"thunk-woo-product-list","17":"opn-qv-enable","18":"open-woo-hover-","19":"open-single-product-tab-horizontal","20":"open-shadow-","21":"open-shadow-hover-","23":"first","24":"instock","25":"sale","26":"shipping-taxable","27":"purchasable","28":"product-type-variable"},"jetpack_sharing_enabled":true,"_links":{"self":[{"href":"https:\/\/www.deporteseli.com\/index.php?rest_route=\/wp\/v2\/product\/48159","targetHints":{"allow":["GET"]}}],"collection":[{"href":"https:\/\/www.deporteseli.com\/index.php?rest_route=\/wp\/v2\/product"}],"about":[{"href":"https:\/\/www.deporteseli.com\/index.php?rest_route=\/wp\/v2\/types\/product"}],"wp:featuredmedia":[{"embeddable":true,"href":"https:\/\/www.deporteseli.com\/index.php?rest_route=\/wp\/v2\/media\/60370"}],"wp:attachment":[{"href":"https:\/\/www.deporteseli.com\/index.php?rest_route=%2Fwp%2Fv2%2Fmedia&parent=48159"}],"wp:term":[{"taxonomy":"product_brand","embeddable":true,"href":"https:\/\/www.deporteseli.com\/index.php?rest_route=%2Fwp%2Fv2%2Fproduct_brand&post=48159"},{"taxonomy":"product_cat","embeddable":true,"href":"https:\/\/www.deporteseli.com\/index.php?rest_route=%2Fwp%2Fv2%2Fproduct_cat&post=48159"},{"taxonomy":"product_tag","embeddable":true,"href":"https:\/\/www.deporteseli.com\/index.php?rest_route=%2Fwp%2Fv2%2Fproduct_tag&post=48159"}],"curies":[{"name":"wp","href":"https:\/\/api.w.org\/{rel}","templated":true}]}}