{"id":48144,"date":"2026-01-27T21:56:49","date_gmt":"2026-01-27T21:56:49","guid":{"rendered":"https:\/\/www.deporteseli.com\/?product=tenis-hummel-230728-2"},"modified":"2026-02-16T08:04:08","modified_gmt":"2026-02-16T08:04:08","slug":"tenis-hummel-230728-2","status":"publish","type":"product","link":"https:\/\/www.deporteseli.com\/?product=tenis-hummel-230728-2","title":{"rendered":"TENIS HUMMEL 230728"},"content":{"rendered":"<p>Suela de goma que no deja marcas  Parte superior de TPU termofusible para mayor durabilidad  Dise\u00f1o ligero para mayor precisi\u00f3n.  Dise\u00f1ado para deportes de interior.  Las HB TOPFLIGHT PRO est\u00e1n dise\u00f1adas para balonmano intenso y deportes de interior. Con una suela de goma que no deja marcas, estas zapatillas ofrecen un agarre excelente en superficies interiores. La parte superior de TPU termofusible garantiza durabilidad, ligereza, comodidad y un ajuste preciso. Perfectas para movimientos r\u00e1pidos y giros bruscos en la cancha.                                                                                                                                                                                                                                                                                                                                                                                                                                                                                                                                                                                                                                                                                                                                                                                                                                                                                                                                                                                                                                        <\/p>\n","protected":false},"excerpt":{"rendered":"<p>TENIS HUMMEL 230728<\/p>\n","protected":false},"featured_media":60359,"template":"","meta":[],"product_brand":[],"product_cat":[345],"product_tag":[55],"class_list":{"0":"post-48144","1":"product","2":"type-product","3":"status-publish","4":"has-post-thumbnail","6":"product_cat-deportes_balonmano","7":"product_tag-hummel","8":"pa_color-unico","9":"pa_talla-151","10":"pa_talla-153","11":"pa_talla-155","12":"pa_talla-157","13":"pa_talla-159","14":"pa_talla-161","15":"pa_talla-163","16":"thunk-woo-product-list","17":"opn-qv-enable","18":"open-woo-hover-","19":"open-single-product-tab-horizontal","20":"open-shadow-","21":"open-shadow-hover-","23":"first","24":"instock","25":"sale","26":"shipping-taxable","27":"purchasable","28":"product-type-variable"},"jetpack_sharing_enabled":true,"_links":{"self":[{"href":"https:\/\/www.deporteseli.com\/index.php?rest_route=\/wp\/v2\/product\/48144","targetHints":{"allow":["GET"]}}],"collection":[{"href":"https:\/\/www.deporteseli.com\/index.php?rest_route=\/wp\/v2\/product"}],"about":[{"href":"https:\/\/www.deporteseli.com\/index.php?rest_route=\/wp\/v2\/types\/product"}],"wp:featuredmedia":[{"embeddable":true,"href":"https:\/\/www.deporteseli.com\/index.php?rest_route=\/wp\/v2\/media\/60359"}],"wp:attachment":[{"href":"https:\/\/www.deporteseli.com\/index.php?rest_route=%2Fwp%2Fv2%2Fmedia&parent=48144"}],"wp:term":[{"taxonomy":"product_brand","embeddable":true,"href":"https:\/\/www.deporteseli.com\/index.php?rest_route=%2Fwp%2Fv2%2Fproduct_brand&post=48144"},{"taxonomy":"product_cat","embeddable":true,"href":"https:\/\/www.deporteseli.com\/index.php?rest_route=%2Fwp%2Fv2%2Fproduct_cat&post=48144"},{"taxonomy":"product_tag","embeddable":true,"href":"https:\/\/www.deporteseli.com\/index.php?rest_route=%2Fwp%2Fv2%2Fproduct_tag&post=48144"}],"curies":[{"name":"wp","href":"https:\/\/api.w.org\/{rel}","templated":true}]}}