{"id":48120,"date":"2026-01-27T21:56:05","date_gmt":"2026-01-27T21:56:05","guid":{"rendered":"https:\/\/www.deporteseli.com\/?product=pantalon-hummel-233063"},"modified":"2026-03-07T06:38:58","modified_gmt":"2026-03-07T06:38:58","slug":"pantalon-hummel-233063","status":"publish","type":"product","link":"https:\/\/www.deporteseli.com\/?product=pantalon-hummel-233063","title":{"rendered":"PANTALON HUMMEL 233063"},"content":{"rendered":"<p>Ajuste c\u00f3nico para un movimiento sin restricciones.  Tecnolog\u00eda BeeCool  Cintura ajustable  Contenido de poli\u00e9ster reciclado  Ajuste: Regular  N\u00famero de producto: 233063-2442  Los pantalones de entrenamiento hmlBLAZE PRO presentan un corte ce\u00f1ido y estilizado, adem\u00e1s de un material flexible que proporciona total libertad de movimiento. Dise\u00f1ados con cintura ajustable con cord\u00f3n y confeccionados con una mezcla el\u00e1stica de poli\u00e9ster reciclado con tecnolog\u00eda BeeCool, estos pantalones te mantienen fresco y c\u00f3modo durante cualquier sesi\u00f3n.                                                                                                                                                                                                                                                                                                                                                                                                                                                                                                                                                                                                                                                                                                                                                                                                                                                                                                                                                                                                                                        <\/p>\n","protected":false},"excerpt":{"rendered":"<p>PANTALON HUMMEL 233063<\/p>\n","protected":false},"featured_media":60341,"template":"","meta":[],"product_brand":[],"product_cat":[252],"product_tag":[55],"class_list":{"0":"post-48120","1":"product","2":"type-product","3":"status-publish","4":"has-post-thumbnail","6":"product_cat-hombre_textil_pantalones","7":"product_tag-hummel","8":"pa_color-unico","9":"pa_talla-l","10":"pa_talla-m","11":"pa_talla-s","12":"pa_talla-xl","13":"pa_talla-xxl","14":"thunk-woo-product-list","15":"opn-qv-enable","16":"open-woo-hover-","17":"open-single-product-tab-horizontal","18":"open-shadow-","19":"open-shadow-hover-","21":"first","22":"instock","23":"shipping-taxable","24":"purchasable","25":"product-type-variable"},"jetpack_sharing_enabled":true,"_links":{"self":[{"href":"https:\/\/www.deporteseli.com\/index.php?rest_route=\/wp\/v2\/product\/48120","targetHints":{"allow":["GET"]}}],"collection":[{"href":"https:\/\/www.deporteseli.com\/index.php?rest_route=\/wp\/v2\/product"}],"about":[{"href":"https:\/\/www.deporteseli.com\/index.php?rest_route=\/wp\/v2\/types\/product"}],"wp:featuredmedia":[{"embeddable":true,"href":"https:\/\/www.deporteseli.com\/index.php?rest_route=\/wp\/v2\/media\/60341"}],"wp:attachment":[{"href":"https:\/\/www.deporteseli.com\/index.php?rest_route=%2Fwp%2Fv2%2Fmedia&parent=48120"}],"wp:term":[{"taxonomy":"product_brand","embeddable":true,"href":"https:\/\/www.deporteseli.com\/index.php?rest_route=%2Fwp%2Fv2%2Fproduct_brand&post=48120"},{"taxonomy":"product_cat","embeddable":true,"href":"https:\/\/www.deporteseli.com\/index.php?rest_route=%2Fwp%2Fv2%2Fproduct_cat&post=48120"},{"taxonomy":"product_tag","embeddable":true,"href":"https:\/\/www.deporteseli.com\/index.php?rest_route=%2Fwp%2Fv2%2Fproduct_tag&post=48120"}],"curies":[{"name":"wp","href":"https:\/\/api.w.org\/{rel}","templated":true}]}}