{"id":48114,"date":"2026-01-27T21:55:57","date_gmt":"2026-01-27T21:55:57","guid":{"rendered":"https:\/\/www.deporteseli.com\/?product=short-hummel-233062"},"modified":"2026-03-07T06:38:52","modified_gmt":"2026-03-07T06:38:52","slug":"short-hummel-233062","status":"publish","type":"product","link":"https:\/\/www.deporteseli.com\/?product=short-hummel-233062","title":{"rendered":"SHORT HUMMEL 233062"},"content":{"rendered":"<p>Descripci\u00f3n  Disfruta de una comodidad \u00f3ptima y un rendimiento inigualable en el campo con el pantal\u00f3n de entrenamiento Hummel Blaze Pro. Dise\u00f1ado por la famosa marca Hummel, este pantal\u00f3n est\u00e1 pensado especialmente para satisfacer las necesidades de los deportistas adultos, ya sean aficionados o profesionales.    Esta prenda mixta combina funcionalidad y estilo, ideal para las sesiones de entrenamiento de f\u00fatbol. Gracias a sus materiales de alta calidad, el pantal\u00f3n Hummel Blaze Pro favorece una gran libertad de movimiento mientras asegura una excelente evacuaci\u00f3n de la humedad. Esto permite a los deportistas mantenerse frescos y c\u00f3modos, incluso durante los entrenamientos m\u00e1s intensos.    A continuaci\u00f3n, algunas caracter\u00edsticas clave del pantal\u00f3n de entrenamiento Hummel Blaze Pro:    Dise\u00f1o ergon\u00f3mico: Permite un ajuste perfecto y una comodidad \u00f3ptima.  Materiales t\u00e9cnicos: Fabricado con tejidos transpirables para mantener una temperatura agradable.  Estilo moderno: Un dise\u00f1o que refleja las tendencias actuales del deporte, manteni\u00e9ndose cl\u00e1sico.  Ideal para el f\u00fatbol: Perfecto para entrenamientos en el campo o en el gimnasio.  Ya sea que est\u00e9s perfeccionando tus regateos o participando en partidos amistosos, este pantal\u00f3n de entrenamiento es un imprescindible en tu equipo deportivo. Te permitir\u00e1 concentrarte en tu juego, sin preocupaciones por tu vestimenta. Combina rendimiento y comodidad con el pantal\u00f3n de entrenamiento Hummel Blaze Pro y da lo mejor de ti en el campo.                                                                                                                                                                                                                                                                                                                                                                                                                                                                                                                                                                                                                                                                                                                                                                                                                                                                                                                                                                                                                                        <\/p>\n","protected":false},"excerpt":{"rendered":"<p>SHORT HUMMEL 233062<\/p>\n","protected":false},"featured_media":60336,"template":"","meta":[],"product_brand":[],"product_cat":[251],"product_tag":[55],"class_list":{"0":"post-48114","1":"product","2":"type-product","3":"status-publish","4":"has-post-thumbnail","6":"product_cat-hombre_textil_shorts","7":"product_tag-hummel","8":"pa_color-unico","9":"pa_talla-l","10":"pa_talla-m","11":"pa_talla-s","12":"pa_talla-xl","13":"pa_talla-xxl","14":"thunk-woo-product-list","15":"opn-qv-enable","16":"open-woo-hover-","17":"open-single-product-tab-horizontal","18":"open-shadow-","19":"open-shadow-hover-","21":"first","22":"instock","23":"shipping-taxable","24":"purchasable","25":"product-type-variable"},"jetpack_sharing_enabled":true,"_links":{"self":[{"href":"https:\/\/www.deporteseli.com\/index.php?rest_route=\/wp\/v2\/product\/48114","targetHints":{"allow":["GET"]}}],"collection":[{"href":"https:\/\/www.deporteseli.com\/index.php?rest_route=\/wp\/v2\/product"}],"about":[{"href":"https:\/\/www.deporteseli.com\/index.php?rest_route=\/wp\/v2\/types\/product"}],"wp:featuredmedia":[{"embeddable":true,"href":"https:\/\/www.deporteseli.com\/index.php?rest_route=\/wp\/v2\/media\/60336"}],"wp:attachment":[{"href":"https:\/\/www.deporteseli.com\/index.php?rest_route=%2Fwp%2Fv2%2Fmedia&parent=48114"}],"wp:term":[{"taxonomy":"product_brand","embeddable":true,"href":"https:\/\/www.deporteseli.com\/index.php?rest_route=%2Fwp%2Fv2%2Fproduct_brand&post=48114"},{"taxonomy":"product_cat","embeddable":true,"href":"https:\/\/www.deporteseli.com\/index.php?rest_route=%2Fwp%2Fv2%2Fproduct_cat&post=48114"},{"taxonomy":"product_tag","embeddable":true,"href":"https:\/\/www.deporteseli.com\/index.php?rest_route=%2Fwp%2Fv2%2Fproduct_tag&post=48114"}],"curies":[{"name":"wp","href":"https:\/\/api.w.org\/{rel}","templated":true}]}}