{"id":48108,"date":"2026-01-27T21:55:48","date_gmt":"2026-01-27T21:55:48","guid":{"rendered":"https:\/\/www.deporteseli.com\/?product=camisa-hummel-233061"},"modified":"2026-03-07T06:38:46","modified_gmt":"2026-03-07T06:38:46","slug":"camisa-hummel-233061","status":"publish","type":"product","link":"https:\/\/www.deporteseli.com\/?product=camisa-hummel-233061","title":{"rendered":"CAMISA HUMMEL 233061"},"content":{"rendered":"<p>La chaqueta de ch\u00e1ndal 1\/2 zip Hummel Blaze Pro es una opci\u00f3n ideal para los apasionados del f\u00fatbol que buscan comodidad y elegancia durante sus entrenamientos o competiciones. Dise\u00f1ada por la reconocida marca Hummel, combina rendimiento y estilo, respondiendo perfectamente a las necesidades de los adultos.    Fabricada con materiales de alta calidad, esta chaqueta est\u00e1 dise\u00f1ada para ofrecer una gran libertad de movimiento mientras mantiene una temperatura corporal agradable. Su dise\u00f1o ha sido pensado para los deportistas, garantizando as\u00ed una funcionalidad \u00f3ptima.    Las caracter\u00edsticas de la chaqueta de ch\u00e1ndal Hummel Blaze Pro incluyen:    Corte ergon\u00f3mico: Adaptado a la morfolog\u00eda masculina y femenina, permitiendo una facilidad en cada gesto.  Sistema 1\/2 zip: Facilita la puesta y el retiro mientras ofrece un ajuste a medida seg\u00fan las preferencias de cada uno.  Materiales transpirables: Ayudan a evacuar la humedad para mantenerse seco, incluso durante los entrenamientos intensivos.  Estilo moderno: Ideal tanto para el campo como para fuera de \u00e9l, esta chaqueta ser\u00e1 una adici\u00f3n a la moda a su guardarropa deportivo.  Ya sea para calentar antes de un partido, para entrenar a diario, o simplemente para lucir un look deportivo, la chaqueta de ch\u00e1ndal Hummel Blaze Pro se revela como un compa\u00f1ero de elecci\u00f3n. Su dise\u00f1o vers\u00e1til y sus funcionalidades pr\u00e1cticas la convierten en un imprescindible para los amantes del f\u00fatbol.    Con su apariencia contempor\u00e1nea y sus rendimientos t\u00e9cnicos, esta chaqueta te acompa\u00f1ar\u00e1 en cada etapa de tu trayectoria deportiva. Invierte en tu equipo y d\u00e9jate seducir por la calidad y el saber hacer de Hummel.                                                                                                                                                                                                                                                                                                                                                                                                                                                                                                                                                                                                                                                                                                                                                                                                                                                                                                                                                                                                                                        <\/p>\n","protected":false},"excerpt":{"rendered":"<p>CAMISA HUMMEL 233061<\/p>\n","protected":false},"featured_media":60333,"template":"","meta":[],"product_brand":[],"product_cat":[245],"product_tag":[55],"class_list":{"0":"post-48108","1":"product","2":"type-product","3":"status-publish","4":"has-post-thumbnail","6":"product_cat-hombre_textil_camisetas","7":"product_tag-hummel","8":"pa_color-unico","9":"pa_talla-l","10":"pa_talla-m","11":"pa_talla-s","12":"pa_talla-xl","13":"pa_talla-xxl","14":"thunk-woo-product-list","15":"opn-qv-enable","16":"open-woo-hover-","17":"open-single-product-tab-horizontal","18":"open-shadow-","19":"open-shadow-hover-","21":"first","22":"instock","23":"shipping-taxable","24":"purchasable","25":"product-type-variable"},"jetpack_sharing_enabled":true,"_links":{"self":[{"href":"https:\/\/www.deporteseli.com\/index.php?rest_route=\/wp\/v2\/product\/48108","targetHints":{"allow":["GET"]}}],"collection":[{"href":"https:\/\/www.deporteseli.com\/index.php?rest_route=\/wp\/v2\/product"}],"about":[{"href":"https:\/\/www.deporteseli.com\/index.php?rest_route=\/wp\/v2\/types\/product"}],"wp:featuredmedia":[{"embeddable":true,"href":"https:\/\/www.deporteseli.com\/index.php?rest_route=\/wp\/v2\/media\/60333"}],"wp:attachment":[{"href":"https:\/\/www.deporteseli.com\/index.php?rest_route=%2Fwp%2Fv2%2Fmedia&parent=48108"}],"wp:term":[{"taxonomy":"product_brand","embeddable":true,"href":"https:\/\/www.deporteseli.com\/index.php?rest_route=%2Fwp%2Fv2%2Fproduct_brand&post=48108"},{"taxonomy":"product_cat","embeddable":true,"href":"https:\/\/www.deporteseli.com\/index.php?rest_route=%2Fwp%2Fv2%2Fproduct_cat&post=48108"},{"taxonomy":"product_tag","embeddable":true,"href":"https:\/\/www.deporteseli.com\/index.php?rest_route=%2Fwp%2Fv2%2Fproduct_tag&post=48108"}],"curies":[{"name":"wp","href":"https:\/\/api.w.org\/{rel}","templated":true}]}}