{"id":48103,"date":"2026-01-27T21:55:42","date_gmt":"2026-01-27T21:55:42","guid":{"rendered":"https:\/\/www.deporteseli.com\/?product=camiseta-de-entrenamiento"},"modified":"2026-04-14T04:18:19","modified_gmt":"2026-04-14T04:18:19","slug":"camiseta-de-entrenamiento","status":"publish","type":"product","link":"https:\/\/www.deporteseli.com\/?product=camiseta-de-entrenamiento","title":{"rendered":"CAMISETA DE ENTRENAMIENTO"},"content":{"rendered":"<p>Ajuste ce\u00f1ido y ce\u00f1ido al cuerpo  Zonas de ventilaci\u00f3n para una mejor transpirabilidad.  Tecnolog\u00eda BEECOOL\u00ae para flujo de aire y secado r\u00e1pido  Impresi\u00f3n decorativa con tintas a base de agua.  Contiene poli\u00e9ster reciclado.  Consulte la etiqueta de cuidado para conocer la composici\u00f3n exacta.  Ajuste: Regular  N\u00famero de producto: 233060-2442  La camiseta de entrenamiento hmlBLAZE PRO TRAINING JERSEY de manga corta es una camiseta funcional de entrenamiento con un ajuste ce\u00f1ido y zonas de ventilaci\u00f3n integradas para una mayor transpirabilidad durante entrenamientos intensos. Equipada con tecnolog\u00eda BEECOOL\u00ae, favorece la circulaci\u00f3n del aire y un secado r\u00e1pido. La camiseta contiene poli\u00e9ster reciclado (consulte la etiqueta de cuidado para conocer su composici\u00f3n exacta) y el estampado decorativo est\u00e1 realizado con tintas a base de agua.                                                                                                                                                                                                                                                                                                                                                                                                                                                                                                                                                                                                                                                                                                                                                                                                                                                                                                                                                                                                                                        <\/p>\n","protected":false},"excerpt":{"rendered":"<p>CAMISETA DE ENTRENAMIENTO<\/p>\n","protected":false},"featured_media":60330,"template":"","meta":[],"product_brand":[],"product_cat":[245],"product_tag":[55],"class_list":{"0":"post-48103","1":"product","2":"type-product","3":"status-publish","4":"has-post-thumbnail","6":"product_cat-hombre_textil_camisetas","7":"product_tag-hummel","8":"pa_color-unico","9":"pa_talla-l","10":"pa_talla-m","11":"pa_talla-s","12":"pa_talla-xl","13":"thunk-woo-product-list","14":"opn-qv-enable","15":"open-woo-hover-","16":"open-single-product-tab-horizontal","17":"open-shadow-","18":"open-shadow-hover-","20":"first","21":"instock","22":"shipping-taxable","23":"purchasable","24":"product-type-variable"},"jetpack_sharing_enabled":true,"_links":{"self":[{"href":"https:\/\/www.deporteseli.com\/index.php?rest_route=\/wp\/v2\/product\/48103","targetHints":{"allow":["GET"]}}],"collection":[{"href":"https:\/\/www.deporteseli.com\/index.php?rest_route=\/wp\/v2\/product"}],"about":[{"href":"https:\/\/www.deporteseli.com\/index.php?rest_route=\/wp\/v2\/types\/product"}],"wp:featuredmedia":[{"embeddable":true,"href":"https:\/\/www.deporteseli.com\/index.php?rest_route=\/wp\/v2\/media\/60330"}],"wp:attachment":[{"href":"https:\/\/www.deporteseli.com\/index.php?rest_route=%2Fwp%2Fv2%2Fmedia&parent=48103"}],"wp:term":[{"taxonomy":"product_brand","embeddable":true,"href":"https:\/\/www.deporteseli.com\/index.php?rest_route=%2Fwp%2Fv2%2Fproduct_brand&post=48103"},{"taxonomy":"product_cat","embeddable":true,"href":"https:\/\/www.deporteseli.com\/index.php?rest_route=%2Fwp%2Fv2%2Fproduct_cat&post=48103"},{"taxonomy":"product_tag","embeddable":true,"href":"https:\/\/www.deporteseli.com\/index.php?rest_route=%2Fwp%2Fv2%2Fproduct_tag&post=48103"}],"curies":[{"name":"wp","href":"https:\/\/api.w.org\/{rel}","templated":true}]}}