{"id":48074,"date":"2026-01-27T21:54:58","date_gmt":"2026-01-27T21:54:58","guid":{"rendered":"https:\/\/www.deporteseli.com\/?product=chandal-j-smith-canopus"},"modified":"2026-03-10T05:23:59","modified_gmt":"2026-03-10T05:23:59","slug":"chandal-j-smith-canopus","status":"publish","type":"product","link":"https:\/\/www.deporteseli.com\/?product=chandal-j-smith-canopus","title":{"rendered":"CHANDAL J.SMITH CANOPUS"},"content":{"rendered":"<p>Ch\u00e1ndal de felpa perchada: confort t\u00e9rmico con un toque de estilo.    Abr\u00edgate con estilo con este ch\u00e1ndal en felpa de interior perchado, ideal para los d\u00edas m\u00e1s frescos.  La chaqueta abierta presenta bolsillos laterales, acabados en canal\u00e9 el\u00e1stico en pu\u00f1os y bajo, y una banda decorativa en los hombros que le da un aire deportivo y moderno.  El pantal\u00f3n, de corte recto, incorpora bolsillos laterales y cinturilla el\u00e1stica con cord\u00f3n para un ajuste c\u00f3modo y seguro.  Perfecto para el d\u00eda a d\u00eda, actividades al aire libre o simplemente para relajarte con el m\u00e1ximo confort y estilo.    Composici\u00f3n: 65% poli\u00e9ster-35% algod\u00f3n, backside brushed.                                                                                                                                                                                                                                                                                                                                                                                                                                                                                                                                                                                                                                                                                                                                                                                                                                                                                                                                                                                                                                        <\/p>\n","protected":false},"excerpt":{"rendered":"<p>CHANDAL J.SMITH CANOPUS<\/p>\n","protected":false},"featured_media":60307,"template":"","meta":[],"product_brand":[],"product_cat":[248],"product_tag":[43],"class_list":{"0":"post-48074","1":"product","2":"type-product","3":"status-publish","4":"has-post-thumbnail","6":"product_cat-hombre_textil_chandals","7":"product_tag-jhon_smith","8":"pa_color-unico","9":"pa_talla-m","10":"pa_talla-s","11":"pa_talla-xxl","12":"thunk-woo-product-list","13":"opn-qv-enable","14":"open-woo-hover-","15":"open-single-product-tab-horizontal","16":"open-shadow-","17":"open-shadow-hover-","19":"first","20":"instock","21":"shipping-taxable","22":"purchasable","23":"product-type-variable"},"jetpack_sharing_enabled":true,"_links":{"self":[{"href":"https:\/\/www.deporteseli.com\/index.php?rest_route=\/wp\/v2\/product\/48074","targetHints":{"allow":["GET"]}}],"collection":[{"href":"https:\/\/www.deporteseli.com\/index.php?rest_route=\/wp\/v2\/product"}],"about":[{"href":"https:\/\/www.deporteseli.com\/index.php?rest_route=\/wp\/v2\/types\/product"}],"wp:featuredmedia":[{"embeddable":true,"href":"https:\/\/www.deporteseli.com\/index.php?rest_route=\/wp\/v2\/media\/60307"}],"wp:attachment":[{"href":"https:\/\/www.deporteseli.com\/index.php?rest_route=%2Fwp%2Fv2%2Fmedia&parent=48074"}],"wp:term":[{"taxonomy":"product_brand","embeddable":true,"href":"https:\/\/www.deporteseli.com\/index.php?rest_route=%2Fwp%2Fv2%2Fproduct_brand&post=48074"},{"taxonomy":"product_cat","embeddable":true,"href":"https:\/\/www.deporteseli.com\/index.php?rest_route=%2Fwp%2Fv2%2Fproduct_cat&post=48074"},{"taxonomy":"product_tag","embeddable":true,"href":"https:\/\/www.deporteseli.com\/index.php?rest_route=%2Fwp%2Fv2%2Fproduct_tag&post=48074"}],"curies":[{"name":"wp","href":"https:\/\/api.w.org\/{rel}","templated":true}]}}