{"id":48039,"date":"2026-01-27T21:54:03","date_gmt":"2026-01-27T21:54:03","guid":{"rendered":"https:\/\/www.deporteseli.com\/?product=camiseta-bullpadel-dinneno-25i"},"modified":"2026-03-07T06:38:17","modified_gmt":"2026-03-07T06:38:17","slug":"camiseta-bullpadel-dinneno-25i","status":"publish","type":"product","link":"https:\/\/www.deporteseli.com\/?product=camiseta-bullpadel-dinneno-25i","title":{"rendered":"CAMISETA BULLPADEL DINNENO 25I"},"content":{"rendered":"<p>La camiseta Bullpadel Dinenno Negro 2025, oficial del jugador argentino Mart\u00edn Di Nenno, ofrece un tejido t\u00e9cnico de poli\u00e9ster el\u00e1stico con tecnolog\u00eda Quickerdry que garantiza libertad de movimiento y r\u00e1pida absorci\u00f3n del sudor. Su corte ergon\u00f3mico y dise\u00f1o exclusivo proporcionan comodidad y estilo profesional en la pista. Presenta colores y estampados exclusivos de la colecci\u00f3n oficial, con el logo Bullpadel y la firma de Mart\u00edn Di Nenno.                                                                                                                                                                                                                                                                                                                                                                                                                                                                                                                                                                                                                                                                                                                                                                                                                                                                                                                                                                                                                                        <\/p>\n","protected":false},"excerpt":{"rendered":"<p>CAMISETA BULLPADEL DINNENO 25I<\/p>\n","protected":false},"featured_media":60292,"template":"","meta":[],"product_brand":[],"product_cat":[364],"product_tag":[21],"class_list":{"0":"post-48039","1":"product","2":"type-product","3":"status-publish","4":"has-post-thumbnail","6":"product_cat-padel_y_tenis_textil_camisas","7":"product_tag-bull_padel","8":"pa_color-unico","9":"pa_talla-l","10":"pa_talla-m","11":"pa_talla-xl","12":"thunk-woo-product-list","13":"opn-qv-enable","14":"open-woo-hover-","15":"open-single-product-tab-horizontal","16":"open-shadow-","17":"open-shadow-hover-","19":"first","20":"instock","21":"shipping-taxable","22":"purchasable","23":"product-type-variable"},"jetpack_sharing_enabled":true,"_links":{"self":[{"href":"https:\/\/www.deporteseli.com\/index.php?rest_route=\/wp\/v2\/product\/48039","targetHints":{"allow":["GET"]}}],"collection":[{"href":"https:\/\/www.deporteseli.com\/index.php?rest_route=\/wp\/v2\/product"}],"about":[{"href":"https:\/\/www.deporteseli.com\/index.php?rest_route=\/wp\/v2\/types\/product"}],"wp:featuredmedia":[{"embeddable":true,"href":"https:\/\/www.deporteseli.com\/index.php?rest_route=\/wp\/v2\/media\/60292"}],"wp:attachment":[{"href":"https:\/\/www.deporteseli.com\/index.php?rest_route=%2Fwp%2Fv2%2Fmedia&parent=48039"}],"wp:term":[{"taxonomy":"product_brand","embeddable":true,"href":"https:\/\/www.deporteseli.com\/index.php?rest_route=%2Fwp%2Fv2%2Fproduct_brand&post=48039"},{"taxonomy":"product_cat","embeddable":true,"href":"https:\/\/www.deporteseli.com\/index.php?rest_route=%2Fwp%2Fv2%2Fproduct_cat&post=48039"},{"taxonomy":"product_tag","embeddable":true,"href":"https:\/\/www.deporteseli.com\/index.php?rest_route=%2Fwp%2Fv2%2Fproduct_tag&post=48039"}],"curies":[{"name":"wp","href":"https:\/\/api.w.org\/{rel}","templated":true}]}}