{"id":48019,"date":"2026-01-27T21:53:37","date_gmt":"2026-01-27T21:53:37","guid":{"rendered":"https:\/\/www.deporteseli.com\/?product=short-bullpadel-mazari-negro"},"modified":"2026-03-07T06:37:57","modified_gmt":"2026-03-07T06:37:57","slug":"short-bullpadel-mazari-negro","status":"publish","type":"product","link":"https:\/\/www.deporteseli.com\/?product=short-bullpadel-mazari-negro","title":{"rendered":"SHORT BULLPADEL MAZARI NEGRO"},"content":{"rendered":"<p>Este pantal\u00f3n corto te ofrece frescura y libertad en los momentos de m\u00e1xima intensidad sobre la pista. Una prenda pensada para elevar tu rendimiento en la pista sin renunciar al estilo. Dise\u00f1ada para acompa\u00f1arte en cada movimiento con la m\u00e1xima comodidad, su construcci\u00f3n t\u00e9cnica y detalles funcionales marcan la diferencia partido tras partido.    Pantal\u00f3n corto de nuestra l\u00ednea M\u00e1ster con diferentes tejidos en delantero y espalda, ambos a la plana biel\u00e1sticos de poli\u00e9ster con elast\u00e1n, con acabado binamic que ayuda a un secado r\u00e1pido y la confortabilidad, un largo de 42 cm en talla m, cinturilla con banda el\u00e1stica interior y cord\u00f3n para ajustar, perforaciones l\u00e1ser en los laterales que favorecen la transpirabilidad, bolsillos laterales, suspensor el\u00e1stico interior y logos de goma en delantero y laterales.                                                                                                                                                                                                                                                                                                                                                                                                                                                                                                                                                                                                                                                                                                                                                                                                                                                                                                                                                                                                                                        <\/p>\n","protected":false},"excerpt":{"rendered":"<p>SHORT BULLPADEL MAZARI NEGRO<\/p>\n","protected":false},"featured_media":60268,"template":"","meta":[],"product_brand":[],"product_cat":[365],"product_tag":[21],"class_list":{"0":"post-48019","1":"product","2":"type-product","3":"status-publish","4":"has-post-thumbnail","6":"product_cat-padel_y_tenis_textil_shorts","7":"product_tag-bull_padel","8":"pa_color-unico","9":"pa_talla-l","10":"pa_talla-m","11":"thunk-woo-product-list","12":"opn-qv-enable","13":"open-woo-hover-","14":"open-single-product-tab-horizontal","15":"open-shadow-","16":"open-shadow-hover-","18":"first","19":"instock","20":"shipping-taxable","21":"purchasable","22":"product-type-variable"},"jetpack_sharing_enabled":true,"_links":{"self":[{"href":"https:\/\/www.deporteseli.com\/index.php?rest_route=\/wp\/v2\/product\/48019","targetHints":{"allow":["GET"]}}],"collection":[{"href":"https:\/\/www.deporteseli.com\/index.php?rest_route=\/wp\/v2\/product"}],"about":[{"href":"https:\/\/www.deporteseli.com\/index.php?rest_route=\/wp\/v2\/types\/product"}],"wp:featuredmedia":[{"embeddable":true,"href":"https:\/\/www.deporteseli.com\/index.php?rest_route=\/wp\/v2\/media\/60268"}],"wp:attachment":[{"href":"https:\/\/www.deporteseli.com\/index.php?rest_route=%2Fwp%2Fv2%2Fmedia&parent=48019"}],"wp:term":[{"taxonomy":"product_brand","embeddable":true,"href":"https:\/\/www.deporteseli.com\/index.php?rest_route=%2Fwp%2Fv2%2Fproduct_brand&post=48019"},{"taxonomy":"product_cat","embeddable":true,"href":"https:\/\/www.deporteseli.com\/index.php?rest_route=%2Fwp%2Fv2%2Fproduct_cat&post=48019"},{"taxonomy":"product_tag","embeddable":true,"href":"https:\/\/www.deporteseli.com\/index.php?rest_route=%2Fwp%2Fv2%2Fproduct_tag&post=48019"}],"curies":[{"name":"wp","href":"https:\/\/api.w.org\/{rel}","templated":true}]}}