{"id":47983,"date":"2026-01-27T21:52:50","date_gmt":"2026-01-27T21:52:50","guid":{"rendered":"https:\/\/www.deporteseli.com\/?product=solution-speed-ff-3-clay"},"modified":"2026-02-16T08:03:56","modified_gmt":"2026-02-16T08:03:56","slug":"solution-speed-ff-3-clay","status":"publish","type":"product","link":"https:\/\/www.deporteseli.com\/?product=solution-speed-ff-3-clay","title":{"rendered":"SOLUTION SPEED FF 3 CLAY"},"content":{"rendered":"<p>La zapatilla de tenis SOLUTION SPEED\u2122 FF 3 CLAY presenta un dise\u00f1o que ofrece mayor velocidad y una flexibilidad inigualable para que sientas la m\u00e1xima energ\u00eda en pistas de tierra batida. Este modelo, el m\u00e1s ligero que hemos lanzado hasta el momento, es la opci\u00f3n definitiva si te mueves por toda la pista y buscas una zapatilla r\u00e1pida y flexible.    Gracias a su tecnolog\u00eda SPEEDTRUSS\u2122, conseguir\u00e1s la flexibilidad que necesitas para moverte con libertad. Adem\u00e1s, es una zapatilla ligera que no te restar\u00e1 un \u00e1pice de velocidad. Hemos a\u00f1adido una nueva suela PRECISION-SOLE\u2122 de dos piezas para ofrecer una sensaci\u00f3n m\u00e1s ligera y flexible. Tambi\u00e9n hemos incluido nuestra tecnolog\u00eda FLYTEFOAM\u2122 ligera para favorecer un juego de pies r\u00e1pido.    \u00bfC\u00f3mo consigue la zapatilla SOLUTION SPEED\u2122 FF 3 CLAY aumentar la flexibilidad y agilizar los movimientos?    La tecnolog\u00eda SPEEDTRUSS\u2122 mejora la flexibilidad y te aporta la velocidad que necesitas para conseguir una ventaja decisiva.  La nueva suela PRECISION-SOLE\u2122 garantiza la mejor combinaci\u00f3n de agarre y flexibilidad, lo que te ayuda a moverte con facilidad por toda la pista.  La tecnolog\u00eda FLYTEFOAM\u2122 en la mediasuela aligera el peso de la zapatilla para permitir movimientos m\u00e1s r\u00e1pidos y fluidos.  \u00bfPor qu\u00e9 otras cualidades destaca la zapatilla SOLUTION SPEED\u2122 FF 3 CLAY ?    El dise\u00f1o de esta zapatilla se centra en la flexibilidad y la velocidad. Hemos dedicado horas a probarla y perfeccionarla en nuestro Institute of Sport Science (ISS) en Jap\u00f3n. La zapatilla de tenis SOLUTION SPEED\u2122 FF 3 CLAY incluye m\u00e1s caracter\u00edsticas para ayudarte en tus partidos. Puedes consultarlas en la secci\u00f3n  Caracter\u00edsticas t\u00e9cnicas .                                                                                                                                                                                                                                                                                                                                                                                                                                                                                                                                                                                                                                                                                                                                                                                                                                                                                                                                                                                                                                        <\/p>\n","protected":false},"excerpt":{"rendered":"<p>SOLUTION SPEED FF 3 CLAY<\/p>\n","protected":false},"featured_media":60247,"template":"","meta":[],"product_brand":[],"product_cat":[371],"product_tag":[19],"class_list":{"0":"post-47983","1":"product","2":"type-product","3":"status-publish","4":"has-post-thumbnail","6":"product_cat-padel_y_tenis_calzado","7":"product_tag-asics","8":"pa_color-unico","9":"pa_talla-41-5","10":"pa_talla-153","11":"pa_talla-42-5","12":"pa_talla-43-5","13":"pa_talla-157","14":"pa_talla-44-5","15":"pa_talla-159","16":"pa_talla-161","17":"pa_talla-163","18":"thunk-woo-product-list","19":"opn-qv-enable","20":"open-woo-hover-","21":"open-single-product-tab-horizontal","22":"open-shadow-","23":"open-shadow-hover-","25":"first","26":"instock","27":"sale","28":"shipping-taxable","29":"purchasable","30":"product-type-variable"},"jetpack_sharing_enabled":true,"_links":{"self":[{"href":"https:\/\/www.deporteseli.com\/index.php?rest_route=\/wp\/v2\/product\/47983","targetHints":{"allow":["GET"]}}],"collection":[{"href":"https:\/\/www.deporteseli.com\/index.php?rest_route=\/wp\/v2\/product"}],"about":[{"href":"https:\/\/www.deporteseli.com\/index.php?rest_route=\/wp\/v2\/types\/product"}],"wp:featuredmedia":[{"embeddable":true,"href":"https:\/\/www.deporteseli.com\/index.php?rest_route=\/wp\/v2\/media\/60247"}],"wp:attachment":[{"href":"https:\/\/www.deporteseli.com\/index.php?rest_route=%2Fwp%2Fv2%2Fmedia&parent=47983"}],"wp:term":[{"taxonomy":"product_brand","embeddable":true,"href":"https:\/\/www.deporteseli.com\/index.php?rest_route=%2Fwp%2Fv2%2Fproduct_brand&post=47983"},{"taxonomy":"product_cat","embeddable":true,"href":"https:\/\/www.deporteseli.com\/index.php?rest_route=%2Fwp%2Fv2%2Fproduct_cat&post=47983"},{"taxonomy":"product_tag","embeddable":true,"href":"https:\/\/www.deporteseli.com\/index.php?rest_route=%2Fwp%2Fv2%2Fproduct_tag&post=47983"}],"curies":[{"name":"wp","href":"https:\/\/api.w.org\/{rel}","templated":true}]}}