{"id":47955,"date":"2026-01-27T21:52:04","date_gmt":"2026-01-27T21:52:04","guid":{"rendered":"https:\/\/www.deporteseli.com\/?product=camisa-adidas-jx6871"},"modified":"2026-03-07T06:37:47","modified_gmt":"2026-03-07T06:37:47","slug":"camisa-adidas-jx6871","status":"publish","type":"product","link":"https:\/\/www.deporteseli.com\/?product=camisa-adidas-jx6871","title":{"rendered":"CAMISA ADIDAS JX6871"},"content":{"rendered":"<p>Descripci\u00f3n  El camuflaje y el logotipo de adidas son dos cl\u00e1sicos que no necesitan presentaci\u00f3n. Esta camiseta adidas para j\u00f3venes incansables los combina para ofrecerte un look que est\u00e1 listo para la acci\u00f3n. Su tejido de algod\u00f3n suave la convierte en una opci\u00f3n ideal para ir a clase, salir con tus amigos o cualquier otro plan que requiera comodidad.                                                                                                                                                                                                                                                                                                                                                                                                                                                                                                                                                                                                                                                                                                                                                                                                                                                                                                                                                                                                                                        <\/p>\n","protected":false},"excerpt":{"rendered":"<p>CAMISA ADIDAS JX6871<\/p>\n","protected":false},"featured_media":60232,"template":"","meta":[],"product_brand":[],"product_cat":[296],"product_tag":[18],"class_list":{"0":"post-47955","1":"product","2":"type-product","3":"status-publish","4":"has-post-thumbnail","6":"product_cat-nino_textil_camisetas","7":"product_tag-adidas","8":"pa_color-unico","9":"pa_talla-t-12","10":"thunk-woo-product-list","11":"opn-qv-enable","12":"open-woo-hover-","13":"open-single-product-tab-horizontal","14":"open-shadow-","15":"open-shadow-hover-","17":"first","18":"instock","19":"shipping-taxable","20":"purchasable","21":"product-type-variable"},"jetpack_sharing_enabled":true,"_links":{"self":[{"href":"https:\/\/www.deporteseli.com\/index.php?rest_route=\/wp\/v2\/product\/47955","targetHints":{"allow":["GET"]}}],"collection":[{"href":"https:\/\/www.deporteseli.com\/index.php?rest_route=\/wp\/v2\/product"}],"about":[{"href":"https:\/\/www.deporteseli.com\/index.php?rest_route=\/wp\/v2\/types\/product"}],"wp:featuredmedia":[{"embeddable":true,"href":"https:\/\/www.deporteseli.com\/index.php?rest_route=\/wp\/v2\/media\/60232"}],"wp:attachment":[{"href":"https:\/\/www.deporteseli.com\/index.php?rest_route=%2Fwp%2Fv2%2Fmedia&parent=47955"}],"wp:term":[{"taxonomy":"product_brand","embeddable":true,"href":"https:\/\/www.deporteseli.com\/index.php?rest_route=%2Fwp%2Fv2%2Fproduct_brand&post=47955"},{"taxonomy":"product_cat","embeddable":true,"href":"https:\/\/www.deporteseli.com\/index.php?rest_route=%2Fwp%2Fv2%2Fproduct_cat&post=47955"},{"taxonomy":"product_tag","embeddable":true,"href":"https:\/\/www.deporteseli.com\/index.php?rest_route=%2Fwp%2Fv2%2Fproduct_tag&post=47955"}],"curies":[{"name":"wp","href":"https:\/\/api.w.org\/{rel}","templated":true}]}}