{"id":47943,"date":"2026-01-27T21:51:46","date_gmt":"2026-01-27T21:51:46","guid":{"rendered":"https:\/\/www.deporteseli.com\/?product=short-adidas-jy7897"},"modified":"2026-03-07T06:37:38","modified_gmt":"2026-03-07T06:37:38","slug":"short-adidas-jy7897","status":"publish","type":"product","link":"https:\/\/www.deporteseli.com\/?product=short-adidas-jy7897","title":{"rendered":"SHORT ADIDAS JY7897"},"content":{"rendered":"<p>Descripci\u00f3n  Dise\u00f1ado para superar a tus rivales. El pantal\u00f3n corto junior F50 incorpora tecnolog\u00eda AEROREADY, que expulsa la humedad, para que puedas concentrarte en el juego. Est\u00e1 confeccionado con un suave tejido interlock ligero que no limita tus movimientos. Comb\u00ednalo con una camiseta adidas a conjunto y un par de ic\u00f3nicas botas F50 para sentir que toda tu equipaci\u00f3n favorece la velocidad.                                                                                                                                                                                                                                                                                                                                                                                                                                                                                                                                                                                                                                                                                                                                                                                                                                                                                                                                                                                                                                        <\/p>\n","protected":false},"excerpt":{"rendered":"<p>SHORT ADIDAS JY7897<\/p>\n","protected":false},"featured_media":60226,"template":"","meta":[],"product_brand":[],"product_cat":[300],"product_tag":[18],"class_list":{"0":"post-47943","1":"product","2":"type-product","3":"status-publish","4":"has-post-thumbnail","6":"product_cat-nino_textil_shorts","7":"product_tag-adidas","8":"pa_color-unico","9":"pa_talla-t-10","10":"pa_talla-t-12","11":"pa_talla-t-14","12":"pa_talla-t-16","13":"thunk-woo-product-list","14":"opn-qv-enable","15":"open-woo-hover-","16":"open-single-product-tab-horizontal","17":"open-shadow-","18":"open-shadow-hover-","20":"first","21":"instock","22":"shipping-taxable","23":"purchasable","24":"product-type-variable"},"jetpack_sharing_enabled":true,"_links":{"self":[{"href":"https:\/\/www.deporteseli.com\/index.php?rest_route=\/wp\/v2\/product\/47943","targetHints":{"allow":["GET"]}}],"collection":[{"href":"https:\/\/www.deporteseli.com\/index.php?rest_route=\/wp\/v2\/product"}],"about":[{"href":"https:\/\/www.deporteseli.com\/index.php?rest_route=\/wp\/v2\/types\/product"}],"wp:featuredmedia":[{"embeddable":true,"href":"https:\/\/www.deporteseli.com\/index.php?rest_route=\/wp\/v2\/media\/60226"}],"wp:attachment":[{"href":"https:\/\/www.deporteseli.com\/index.php?rest_route=%2Fwp%2Fv2%2Fmedia&parent=47943"}],"wp:term":[{"taxonomy":"product_brand","embeddable":true,"href":"https:\/\/www.deporteseli.com\/index.php?rest_route=%2Fwp%2Fv2%2Fproduct_brand&post=47943"},{"taxonomy":"product_cat","embeddable":true,"href":"https:\/\/www.deporteseli.com\/index.php?rest_route=%2Fwp%2Fv2%2Fproduct_cat&post=47943"},{"taxonomy":"product_tag","embeddable":true,"href":"https:\/\/www.deporteseli.com\/index.php?rest_route=%2Fwp%2Fv2%2Fproduct_tag&post=47943"}],"curies":[{"name":"wp","href":"https:\/\/api.w.org\/{rel}","templated":true}]}}