{"id":47941,"date":"2026-01-27T21:51:43","date_gmt":"2026-01-27T21:51:43","guid":{"rendered":"https:\/\/www.deporteseli.com\/?product=pala-bullpadel-wonder"},"modified":"2026-01-27T21:51:45","modified_gmt":"2026-01-27T21:51:45","slug":"pala-bullpadel-wonder","status":"publish","type":"product","link":"https:\/\/www.deporteseli.com\/?product=pala-bullpadel-wonder","title":{"rendered":"PALA BULLPADEL WONDER"},"content":{"rendered":"<p>Te presentamos la nueva Wonder, la pala de Claudia Fern\u00e1ndez, la jugadora que con solo 19 a\u00f1os ya deslumbra en lo m\u00e1s alto del p\u00e1del mundial.    Apodada \u201cLa Ni\u00f1a Maravilla\u201d, Claudia ha inspirado un modelo completamente nuevo, ligero y \u00e1gil, pero con una firmeza sorprendente. Gracias a su innovadora estructura ExoFrame, Wonder ofrece una una sensaci\u00f3n de juego \u00fanica en todos tus golpeos.     El futuro ya est\u00e1 aqu\u00ed y tiene nombres propios:    Wonder &amp; Claudia.    Tecnolog\u00edas: ExoFrame, Air React Channel, Custom Weight, Vibradrive, Multieva, Fibrix.    \u2022 Especificaciones T\u00e9cnicas:    \u2022 Peso: 350-360 gramos     \u2022 Perfil: 38 mm     \u2022 Balance: \u02dc 25.7cm     \u2022 Superficie de juego: 517 cm2    \u2022 Forma: Hybrid    \u2022 Composici\u00f3n Exterior: Fibrix     \u2022 Composici\u00f3n Interior: Multieva     \u2022 Acabado rugoso: Tipo 3D    \u2022 Nivel: Avanzado     \u2022 Ideal para: Juego Polivalente.                                                                                                                                                                                                                                                                                                                                                                                                                                                                                                                                                                                                                                                                                                                                                                                                                                                                                                                                                                                                                                        <\/p>\n","protected":false},"excerpt":{"rendered":"<p>PALA BULLPADEL WONDER<\/p>\n","protected":false},"featured_media":60220,"template":"","meta":[],"product_brand":[],"product_cat":[353],"product_tag":[21],"class_list":{"0":"post-47941","1":"product","2":"type-product","3":"status-publish","4":"has-post-thumbnail","6":"product_cat-padel_y_tenis_palas","7":"product_tag-bull_padel","8":"pa_color-unico","9":"pa_talla-unica","10":"thunk-woo-product-list","11":"opn-qv-enable","12":"open-woo-hover-","13":"open-single-product-tab-horizontal","14":"open-shadow-","15":"open-shadow-hover-","17":"first","18":"instock","19":"sale","20":"shipping-taxable","21":"purchasable","22":"product-type-variable"},"jetpack_sharing_enabled":true,"_links":{"self":[{"href":"https:\/\/www.deporteseli.com\/index.php?rest_route=\/wp\/v2\/product\/47941","targetHints":{"allow":["GET"]}}],"collection":[{"href":"https:\/\/www.deporteseli.com\/index.php?rest_route=\/wp\/v2\/product"}],"about":[{"href":"https:\/\/www.deporteseli.com\/index.php?rest_route=\/wp\/v2\/types\/product"}],"wp:featuredmedia":[{"embeddable":true,"href":"https:\/\/www.deporteseli.com\/index.php?rest_route=\/wp\/v2\/media\/60220"}],"wp:attachment":[{"href":"https:\/\/www.deporteseli.com\/index.php?rest_route=%2Fwp%2Fv2%2Fmedia&parent=47941"}],"wp:term":[{"taxonomy":"product_brand","embeddable":true,"href":"https:\/\/www.deporteseli.com\/index.php?rest_route=%2Fwp%2Fv2%2Fproduct_brand&post=47941"},{"taxonomy":"product_cat","embeddable":true,"href":"https:\/\/www.deporteseli.com\/index.php?rest_route=%2Fwp%2Fv2%2Fproduct_cat&post=47941"},{"taxonomy":"product_tag","embeddable":true,"href":"https:\/\/www.deporteseli.com\/index.php?rest_route=%2Fwp%2Fv2%2Fproduct_tag&post=47941"}],"curies":[{"name":"wp","href":"https:\/\/api.w.org\/{rel}","templated":true}]}}