{"id":47939,"date":"2026-01-27T21:51:40","date_gmt":"2026-01-27T21:51:40","guid":{"rendered":"https:\/\/www.deporteseli.com\/?product=pala-bullpadel-elite-w-26"},"modified":"2026-03-06T05:19:09","modified_gmt":"2026-03-06T05:19:09","slug":"pala-bullpadel-elite-w-26","status":"publish","type":"product","link":"https:\/\/www.deporteseli.com\/?product=pala-bullpadel-elite-w-26","title":{"rendered":"PALA BULLPADEL ELITE W 26"},"content":{"rendered":"<p>Elite, la pala de nuestra N\u00ba1 Del mundo Gemma Triay, es el equilibrio perfecto entre elegancia, control y poder. Creada para la jugadora que lo quiere todo: estilo, rendimiento y presencia. Con su dise\u00f1o chic, Elite se convierte en una extensi\u00f3n natural de tu estilo, fusionando rendimiento y moda a la perfecci\u00f3n. Elite no es solo una herramienta de juego  es una declaraci\u00f3n de intenciones.    En la pista, su formato h\u00edbrido te permite dominar cada punto con la gracia y fuerza que te distingue para un juego total, como t\u00fa. Fuera de ella, su est\u00e9tica lifestyle transforma a Elite en el accesorio definitivo para quienes comprenden que deporte y estilo van de la mano.    Elite es, en definitiva, una pala letalmente sofisticada. Dise\u00f1ada para la jugadora que no solo compite, sino que deja huella.    Tecnolog\u00edas: Elite Core, Air React Channel, Vibradrive, Fibrix, Multieva, Carbontube.    Espeficifaciones T\u00e9cnicas:    \u2022 Peso aprox: 350-360 grs.    \u2022 Perfil: 38mm.    \u2022 Balance: ~25,8 cm    \u2022 Superficie de juego: 524 cm\u00b2    \u2022 Forma: Hibrida    \u2022 Comp. Exterior: Fibrix    \u2022 Comp. Interior: Multieva    \u2022 Acabado rugoso: Tipo 3D    \u2022 Nivel: Avanzado    \u2022 Ideal para: Un juego polivalente.                                                                                                                                                                                                                                                                                                                                                                                                                                                                                                                                                                                                                                                                                                                                                                                                                                                                                                                                                                                                                                        <\/p>\n","protected":false},"excerpt":{"rendered":"<p>PALA BULLPADEL ELITE W 26<\/p>\n","protected":false},"featured_media":60214,"template":"","meta":[],"product_brand":[],"product_cat":[353],"product_tag":[21],"class_list":{"0":"post-47939","1":"product","2":"type-product","3":"status-publish","4":"has-post-thumbnail","6":"product_cat-padel_y_tenis_palas","7":"product_tag-bull_padel","8":"pa_color-unico","9":"pa_talla-unica","10":"thunk-woo-product-list","11":"opn-qv-enable","12":"open-woo-hover-","13":"open-single-product-tab-horizontal","14":"open-shadow-","15":"open-shadow-hover-","17":"first","18":"instock","19":"sale","20":"shipping-taxable","21":"purchasable","22":"product-type-variable"},"jetpack_sharing_enabled":true,"_links":{"self":[{"href":"https:\/\/www.deporteseli.com\/index.php?rest_route=\/wp\/v2\/product\/47939","targetHints":{"allow":["GET"]}}],"collection":[{"href":"https:\/\/www.deporteseli.com\/index.php?rest_route=\/wp\/v2\/product"}],"about":[{"href":"https:\/\/www.deporteseli.com\/index.php?rest_route=\/wp\/v2\/types\/product"}],"wp:featuredmedia":[{"embeddable":true,"href":"https:\/\/www.deporteseli.com\/index.php?rest_route=\/wp\/v2\/media\/60214"}],"wp:attachment":[{"href":"https:\/\/www.deporteseli.com\/index.php?rest_route=%2Fwp%2Fv2%2Fmedia&parent=47939"}],"wp:term":[{"taxonomy":"product_brand","embeddable":true,"href":"https:\/\/www.deporteseli.com\/index.php?rest_route=%2Fwp%2Fv2%2Fproduct_brand&post=47939"},{"taxonomy":"product_cat","embeddable":true,"href":"https:\/\/www.deporteseli.com\/index.php?rest_route=%2Fwp%2Fv2%2Fproduct_cat&post=47939"},{"taxonomy":"product_tag","embeddable":true,"href":"https:\/\/www.deporteseli.com\/index.php?rest_route=%2Fwp%2Fv2%2Fproduct_tag&post=47939"}],"curies":[{"name":"wp","href":"https:\/\/api.w.org\/{rel}","templated":true}]}}