{"id":47937,"date":"2026-01-27T21:51:36","date_gmt":"2026-01-27T21:51:36","guid":{"rendered":"https:\/\/www.deporteseli.com\/?product=pala-bullpadel-flow-legend"},"modified":"2026-01-27T21:51:38","modified_gmt":"2026-01-27T21:51:38","slug":"pala-bullpadel-flow-legend","status":"publish","type":"product","link":"https:\/\/www.deporteseli.com\/?product=pala-bullpadel-flow-legend","title":{"rendered":"PALA BULLPADEL FLOW LEGEND"},"content":{"rendered":"<p>Flow 26 \u2013 Dise\u00f1ada para la grandeza en la pista    25 a\u00f1os en la elite del p\u00e1del mundial, 4 veces N\u00ba1 del mundo, 7 campeonatos del mundo y m\u00e1s de 60 t\u00edtulos internacionales.    La Flow 26 rinde homenaje a la trayectoria de Alejandra Salazar.     El modelo que la acompa\u00f1\u00f3 en sus mayores \u00e9xitos ahora en un dise\u00f1o exclusivo en negro con grabados dorados que reflejan cada punto, cada torneo y cada victoria.    Prueba la Flow 26 y si\u00e9ntete en la pista con la misma confianza que Alejandra ha sentido todos estos a\u00f1os en los momentos m\u00e1s decisivos y dif\u00edciles de su carrera.     Consistencia en cada golpe, con un extra de potencia guardado en su formato diamante. Flow 26 guarda en su interior toda esa esencia, conocimiento y desarrollo t\u00e9cnico de a\u00f1o tras a\u00f1o, para brindarte la mejor de las experiencias y rendimiento en la pista, como a la jugadora m\u00e1s laureada de la historia.     Flow 26, el legado m\u00e1s brillante, reflejado en una pala.     Tecnolog\u00edas: Flowforce, 3D grain ,Vibradrive, Fibrix, Multieva, Carbontube.    Especificiaciones T\u00e9cnicas:    \u2022 Peso aprox: 350-360 grs.    \u2022 Perfil: 38mm.    \u2022 Balance: \u02dc 26 cm    \u2022 Superficie de juego: 523 cm\u00b2    \u2022 Forma: Diamante.    \u2022 Comp. Exterior: Fibrix    \u2022 Comp. Interior: Multieva.    \u2022 Acabado rugoso: Tipo 3D    \u2022 Nivel: Avanzado    \u2022 Ideal para: Mejorar tu ataque.                                                                                                                                                                                                                                                                                                                                                                                                                                                                                                                                                                                                                                                                                                                                                                                                                                                                                                                                                                                                                                        <\/p>\n","protected":false},"excerpt":{"rendered":"<p>PALA BULLPADEL FLOW LEGEND<\/p>\n","protected":false},"featured_media":60208,"template":"","meta":[],"product_brand":[],"product_cat":[353],"product_tag":[21],"class_list":{"0":"post-47937","1":"product","2":"type-product","3":"status-publish","4":"has-post-thumbnail","6":"product_cat-padel_y_tenis_palas","7":"product_tag-bull_padel","8":"pa_color-unico","9":"pa_talla-unica","10":"thunk-woo-product-list","11":"opn-qv-enable","12":"open-woo-hover-","13":"open-single-product-tab-horizontal","14":"open-shadow-","15":"open-shadow-hover-","17":"first","18":"instock","19":"sale","20":"shipping-taxable","21":"purchasable","22":"product-type-variable"},"jetpack_sharing_enabled":true,"_links":{"self":[{"href":"https:\/\/www.deporteseli.com\/index.php?rest_route=\/wp\/v2\/product\/47937","targetHints":{"allow":["GET"]}}],"collection":[{"href":"https:\/\/www.deporteseli.com\/index.php?rest_route=\/wp\/v2\/product"}],"about":[{"href":"https:\/\/www.deporteseli.com\/index.php?rest_route=\/wp\/v2\/types\/product"}],"wp:featuredmedia":[{"embeddable":true,"href":"https:\/\/www.deporteseli.com\/index.php?rest_route=\/wp\/v2\/media\/60208"}],"wp:attachment":[{"href":"https:\/\/www.deporteseli.com\/index.php?rest_route=%2Fwp%2Fv2%2Fmedia&parent=47937"}],"wp:term":[{"taxonomy":"product_brand","embeddable":true,"href":"https:\/\/www.deporteseli.com\/index.php?rest_route=%2Fwp%2Fv2%2Fproduct_brand&post=47937"},{"taxonomy":"product_cat","embeddable":true,"href":"https:\/\/www.deporteseli.com\/index.php?rest_route=%2Fwp%2Fv2%2Fproduct_cat&post=47937"},{"taxonomy":"product_tag","embeddable":true,"href":"https:\/\/www.deporteseli.com\/index.php?rest_route=%2Fwp%2Fv2%2Fproduct_tag&post=47937"}],"curies":[{"name":"wp","href":"https:\/\/api.w.org\/{rel}","templated":true}]}}