{"id":47935,"date":"2026-01-27T21:51:32","date_gmt":"2026-01-27T21:51:32","guid":{"rendered":"https:\/\/www.deporteseli.com\/?product=pala-bullpadel-vertex-05-w"},"modified":"2026-01-27T21:51:35","modified_gmt":"2026-01-27T21:51:35","slug":"pala-bullpadel-vertex-05-w","status":"publish","type":"product","link":"https:\/\/www.deporteseli.com\/?product=pala-bullpadel-vertex-05-w","title":{"rendered":"PALA BULLPADEL VERTEX 05 W"},"content":{"rendered":"<p>Vertex 05 Woman, ligera para volar en la pista y jugar con libertad, \u00e1gil para reaccionar al instante y firme para resistir cada impacto, es una pala total: ataque, defensa, manejo, reactividad\u2026 un juego sin fronteras. Cada reflejo, cada decisi\u00f3n, cada punto\u2026 Vertex 05 Woman responde a todo tal y como lo piensas.    Creada por la obesesi\u00f3n constante de alcanzar lo m\u00e1s alto, a partir de un proceso de mejora continua y la colaboraci\u00f3n con Delfi Brea, nuestra jugadora N\u00ba1. Cada detalle ha sido perfeccionado para ofrecer rendimiento, y libertad de juego a todas las jugadoras.    Tecnolog\u00eda y experiencia, la uni\u00f3n de dos fuerzas que no aceptan l\u00edmites, se combinan para que cada golpe responda como t\u00fa quieres, adapt\u00e1ndose a tu estilo y potenciando tu juego sin l\u00edmites.    Nueva Vertex 05 Woman. Total Play.    Tecnolog\u00edas: Curv:aktiv, Air Power, Vertex Core, Custom Weight, Top Spin, Fibrix, Multieva, Carbontube.     \u2022 Peso aprox: 350-360 g    \u2022 Perfil: 38 mm    \u2022 Balance: \u02dc 25,4    \u2022 Superficie de juego: 530 cm\u00b2    \u2022 Forma: Diamante    \u2022 Comp. exterior: Fibrix    \u2022 Comp. interior: Multieva    \u2022 Rugoso: Top Spin    \u2022 Nivel: Avanzado    \u2022 Ideal Para: Juego Polivalente                                                                                                                                                                                                                                                                                                                                                                                                                                                                                                                                                                                                                                                                                                                                                                                                                                                                                                                                                                                                                                        <\/p>\n","protected":false},"excerpt":{"rendered":"<p>PALA BULLPADEL VERTEX 05 W<\/p>\n","protected":false},"featured_media":60203,"template":"","meta":[],"product_brand":[],"product_cat":[353],"product_tag":[21],"class_list":{"0":"post-47935","1":"product","2":"type-product","3":"status-publish","4":"has-post-thumbnail","6":"product_cat-padel_y_tenis_palas","7":"product_tag-bull_padel","8":"pa_color-unico","9":"pa_talla-unica","10":"thunk-woo-product-list","11":"opn-qv-enable","12":"open-woo-hover-","13":"open-single-product-tab-horizontal","14":"open-shadow-","15":"open-shadow-hover-","17":"first","18":"instock","19":"sale","20":"shipping-taxable","21":"purchasable","22":"product-type-variable"},"jetpack_sharing_enabled":true,"_links":{"self":[{"href":"https:\/\/www.deporteseli.com\/index.php?rest_route=\/wp\/v2\/product\/47935","targetHints":{"allow":["GET"]}}],"collection":[{"href":"https:\/\/www.deporteseli.com\/index.php?rest_route=\/wp\/v2\/product"}],"about":[{"href":"https:\/\/www.deporteseli.com\/index.php?rest_route=\/wp\/v2\/types\/product"}],"wp:featuredmedia":[{"embeddable":true,"href":"https:\/\/www.deporteseli.com\/index.php?rest_route=\/wp\/v2\/media\/60203"}],"wp:attachment":[{"href":"https:\/\/www.deporteseli.com\/index.php?rest_route=%2Fwp%2Fv2%2Fmedia&parent=47935"}],"wp:term":[{"taxonomy":"product_brand","embeddable":true,"href":"https:\/\/www.deporteseli.com\/index.php?rest_route=%2Fwp%2Fv2%2Fproduct_brand&post=47935"},{"taxonomy":"product_cat","embeddable":true,"href":"https:\/\/www.deporteseli.com\/index.php?rest_route=%2Fwp%2Fv2%2Fproduct_cat&post=47935"},{"taxonomy":"product_tag","embeddable":true,"href":"https:\/\/www.deporteseli.com\/index.php?rest_route=%2Fwp%2Fv2%2Fproduct_tag&post=47935"}],"curies":[{"name":"wp","href":"https:\/\/api.w.org\/{rel}","templated":true}]}}