{"id":47933,"date":"2026-01-27T21:51:29","date_gmt":"2026-01-27T21:51:29","guid":{"rendered":"https:\/\/www.deporteseli.com\/?product=pala-bullpadel-neuron-02-edge"},"modified":"2026-01-27T21:51:31","modified_gmt":"2026-01-27T21:51:31","slug":"pala-bullpadel-neuron-02-edge","status":"publish","type":"product","link":"https:\/\/www.deporteseli.com\/?product=pala-bullpadel-neuron-02-edge","title":{"rendered":"PALA BULLPADEL NEURON 02 EDGE"},"content":{"rendered":"<p>Neuron 02 Edge \u2013 Designed at the Edge of Possibilities    La nueva Neuron 02 Edge es la \u00fanica pala capaz de seguir la mente veloz y estrat\u00e9gica de Fede Chingotto.    Un dise\u00f1o llevado al l\u00edmite por el equipo Bullpadel-Lab, creado para anticipar, responder y decidir cada punto con la misma rapidez que su juego. Para aquellos que exigen la perfecci\u00f3n en cada detalle.    Su innovador marco PrismLock bloquea torsiones y mantiene la pala firme incluso en los momentos de m\u00e1xima presi\u00f3n, mientras que el formato geo en la cabeza a\u00f1ade ese plus de potencia que evoluciona el control a una precisi\u00f3n ganadora.    Cada golpe, exactamente donde lo quieres. La pala m\u00e1s precisa que hemos creado.    Neuron 02 Edge. Engineered for perfection. Inspired by Chingotto.    Tecnolog\u00edas: Prismlock, Nueron Core, Air Power, Geometric Shape, Ease Vibe, Custom Weight, Smart Holes, 3D Grain, Hesacore, Vibradrive, X-Tend Carbon 3K, Multieva, Carbontube.    \u2022 Peso aprox: 365-375 grs.    \u2022 Perfil: 38mm.    \u2022 Balance: ~26 cm    \u2022 Superficie de juego: 535 cm\u00b2    \u2022 Forma: Geom\u00e9trica    \u2022 Comp. Exterior: X-Tend Carbon 3K    \u2022 Comp. Interior: Multieva    \u2022 Acabado rugoso: Tipo 3D    \u2022 Nivel: Profesional    \u2022 Ideal para: Precisi\u00f3n M\u00e1xima                                                                                                                                                                                                                                                                                                                                                                                                                                                                                                                                                                                                                                                                                                                                                                                                                                                                                                                                                                                                                                        <\/p>\n","protected":false},"excerpt":{"rendered":"<p>PALA BULLPADEL NEURON 02 EDGE<\/p>\n","protected":false},"featured_media":60197,"template":"","meta":[],"product_brand":[],"product_cat":[353],"product_tag":[21],"class_list":{"0":"post-47933","1":"product","2":"type-product","3":"status-publish","4":"has-post-thumbnail","6":"product_cat-padel_y_tenis_palas","7":"product_tag-bull_padel","8":"pa_color-unico","9":"pa_talla-unica","10":"thunk-woo-product-list","11":"opn-qv-enable","12":"open-woo-hover-","13":"open-single-product-tab-horizontal","14":"open-shadow-","15":"open-shadow-hover-","17":"first","18":"instock","19":"sale","20":"shipping-taxable","21":"purchasable","22":"product-type-variable"},"jetpack_sharing_enabled":true,"_links":{"self":[{"href":"https:\/\/www.deporteseli.com\/index.php?rest_route=\/wp\/v2\/product\/47933","targetHints":{"allow":["GET"]}}],"collection":[{"href":"https:\/\/www.deporteseli.com\/index.php?rest_route=\/wp\/v2\/product"}],"about":[{"href":"https:\/\/www.deporteseli.com\/index.php?rest_route=\/wp\/v2\/types\/product"}],"wp:featuredmedia":[{"embeddable":true,"href":"https:\/\/www.deporteseli.com\/index.php?rest_route=\/wp\/v2\/media\/60197"}],"wp:attachment":[{"href":"https:\/\/www.deporteseli.com\/index.php?rest_route=%2Fwp%2Fv2%2Fmedia&parent=47933"}],"wp:term":[{"taxonomy":"product_brand","embeddable":true,"href":"https:\/\/www.deporteseli.com\/index.php?rest_route=%2Fwp%2Fv2%2Fproduct_brand&post=47933"},{"taxonomy":"product_cat","embeddable":true,"href":"https:\/\/www.deporteseli.com\/index.php?rest_route=%2Fwp%2Fv2%2Fproduct_cat&post=47933"},{"taxonomy":"product_tag","embeddable":true,"href":"https:\/\/www.deporteseli.com\/index.php?rest_route=%2Fwp%2Fv2%2Fproduct_tag&post=47933"}],"curies":[{"name":"wp","href":"https:\/\/api.w.org\/{rel}","templated":true}]}}