{"id":47931,"date":"2026-01-27T21:51:26","date_gmt":"2026-01-27T21:51:26","guid":{"rendered":"https:\/\/www.deporteseli.com\/?product=pala-bullpadel-neuron-02"},"modified":"2026-01-27T21:51:28","modified_gmt":"2026-01-27T21:51:28","slug":"pala-bullpadel-neuron-02","status":"publish","type":"product","link":"https:\/\/www.deporteseli.com\/?product=pala-bullpadel-neuron-02","title":{"rendered":"PALA BULLPADEL NEURON 02"},"content":{"rendered":"<p>Neuron 02 Edge \u2013 Designed at the Edge of Possibilities    La nueva Neuron 02 ha sido dise\u00f1ada para ofrecer un control y precisi\u00f3n excepcional en la pista. Su estructura, desarrollada por el equipo Bullpadel-Lab, permite anticipar y responder a cada situaci\u00f3n con estabilidad y seguridad. Ideal para quienes buscan un control preciso en cada golpe.    El innovador marco PrismLock minimiza las torsiones y mantiene la pala firme incluso en los momentos m\u00e1s exigentes. Su dise\u00f1o equilibrado facilita golpes consistentes y un juego s\u00f3lido, favoreciendo el dominio del punto sin sacrificar comodidad ni maniobrabilidad.    Cada golpe se siente seguro y controlado. La pala confiable para quienes priorizan el control sobre la potencia con un tacto duro.    Neuron 02. Dise\u00f1ada para un control preciso.    Tecnolog\u00edas: Prismlock, Nuero Core, Air Power, Ease Vibe, Custom Weight, Smart Holes, 3D Grain, Hesacore, Vibradrive, X-Tend Carbon 3K, Multieva, Carbontube.    \u2022 Peso aprox: 365-375 grs.    \u2022 Perfil: 38mm.    \u2022 Balance: ~25.5 cm    \u2022 Superficie de juego: 525 cm\u00b2    \u2022 Forma: Hibrida    \u2022 Comp. Exterior: X-Tend Carbon 3K    \u2022 Comp. Interior: Multieva    \u2022 Acabado rugoso: Tipo 3D    \u2022 Nivel: Profesional    \u2022 Ideal para: Precisi\u00f3n Y Control.                                                                                                                                                                                                                                                                                                                                                                                                                                                                                                                                                                                                                                                                                                                                                                                                                                                                                                                                                                                                                                        <\/p>\n","protected":false},"excerpt":{"rendered":"<p>PALA BULLPADEL NEURON 02<\/p>\n","protected":false},"featured_media":60192,"template":"","meta":[],"product_brand":[],"product_cat":[353],"product_tag":[21],"class_list":{"0":"post-47931","1":"product","2":"type-product","3":"status-publish","4":"has-post-thumbnail","6":"product_cat-padel_y_tenis_palas","7":"product_tag-bull_padel","8":"pa_color-unico","9":"pa_talla-unica","10":"thunk-woo-product-list","11":"opn-qv-enable","12":"open-woo-hover-","13":"open-single-product-tab-horizontal","14":"open-shadow-","15":"open-shadow-hover-","17":"first","18":"instock","19":"sale","20":"shipping-taxable","21":"purchasable","22":"product-type-variable"},"jetpack_sharing_enabled":true,"_links":{"self":[{"href":"https:\/\/www.deporteseli.com\/index.php?rest_route=\/wp\/v2\/product\/47931","targetHints":{"allow":["GET"]}}],"collection":[{"href":"https:\/\/www.deporteseli.com\/index.php?rest_route=\/wp\/v2\/product"}],"about":[{"href":"https:\/\/www.deporteseli.com\/index.php?rest_route=\/wp\/v2\/types\/product"}],"wp:featuredmedia":[{"embeddable":true,"href":"https:\/\/www.deporteseli.com\/index.php?rest_route=\/wp\/v2\/media\/60192"}],"wp:attachment":[{"href":"https:\/\/www.deporteseli.com\/index.php?rest_route=%2Fwp%2Fv2%2Fmedia&parent=47931"}],"wp:term":[{"taxonomy":"product_brand","embeddable":true,"href":"https:\/\/www.deporteseli.com\/index.php?rest_route=%2Fwp%2Fv2%2Fproduct_brand&post=47931"},{"taxonomy":"product_cat","embeddable":true,"href":"https:\/\/www.deporteseli.com\/index.php?rest_route=%2Fwp%2Fv2%2Fproduct_cat&post=47931"},{"taxonomy":"product_tag","embeddable":true,"href":"https:\/\/www.deporteseli.com\/index.php?rest_route=%2Fwp%2Fv2%2Fproduct_tag&post=47931"}],"curies":[{"name":"wp","href":"https:\/\/api.w.org\/{rel}","templated":true}]}}