{"id":47927,"date":"2026-01-27T21:51:20","date_gmt":"2026-01-27T21:51:20","guid":{"rendered":"https:\/\/www.deporteseli.com\/?product=pala-bullpadel-xplo-26"},"modified":"2026-01-27T21:51:22","modified_gmt":"2026-01-27T21:51:22","slug":"pala-bullpadel-xplo-26","status":"publish","type":"product","link":"https:\/\/www.deporteseli.com\/?product=pala-bullpadel-xplo-26","title":{"rendered":"PALA BULLPADEL XPLO 26"},"content":{"rendered":"<p>XPLO, la pala m\u00e1s potente en la historia de Bullpadel. Dise\u00f1ada para llevar a Mart\u00edn Di Nenno a la cima, la XPLO te permitir\u00e1 sentir una explosi\u00f3n de poder en cada golpe. Redefine tu concepto de potencia con las tecnolog\u00edas espec\u00edficas del Bullpadel-Lab y domina la pista con total autoridad.     Aviso: Bullpadel no se responsabiliza de los posibles da\u00f1os en la pista causados por la incre\u00edble potencia de tus golpes.    Tecnolog\u00edas: Geometric Shape, Geometric Core, Hexature, Air Power, Wave System, Custom Weight, Ease Vibe, Smart Holes ,3D Grain, Hesacore, Vibradrive, X-Tend Carbon 12k, Multieva,Carbon Tube.    \u2022 Peso aprox: 365-375 grs.    \u2022 Perfil: 38mm.    \u2022 Balance: \u02dc 26.5    \u2022 Superficie de juego: 535 cm\u00b2    \u2022 Forma: Geom\u00e9trica    \u2022 Comp. Exterior: Xtend &#8211; Carbon 12K.    \u2022 Comp. Interior: Multieva.    \u2022 Acabado rugoso: Tipo 3D    \u2022 Nivel: Profesional    \u2022 Ideal Para: Potencia M\u00e1xima                                                                                                                                                                                                                                                                                                                                                                                                                                                                                                                                                                                                                                                                                                                                                                                                                                                                                                                                                                                                                                        <\/p>\n","protected":false},"excerpt":{"rendered":"<p>PALA BULLPADEL XPLO 26<\/p>\n","protected":false},"featured_media":60180,"template":"","meta":[],"product_brand":[],"product_cat":[353],"product_tag":[21],"class_list":{"0":"post-47927","1":"product","2":"type-product","3":"status-publish","4":"has-post-thumbnail","6":"product_cat-padel_y_tenis_palas","7":"product_tag-bull_padel","8":"pa_color-unico","9":"pa_talla-unica","10":"thunk-woo-product-list","11":"opn-qv-enable","12":"open-woo-hover-","13":"open-single-product-tab-horizontal","14":"open-shadow-","15":"open-shadow-hover-","17":"first","18":"instock","19":"sale","20":"shipping-taxable","21":"purchasable","22":"product-type-variable"},"jetpack_sharing_enabled":true,"_links":{"self":[{"href":"https:\/\/www.deporteseli.com\/index.php?rest_route=\/wp\/v2\/product\/47927","targetHints":{"allow":["GET"]}}],"collection":[{"href":"https:\/\/www.deporteseli.com\/index.php?rest_route=\/wp\/v2\/product"}],"about":[{"href":"https:\/\/www.deporteseli.com\/index.php?rest_route=\/wp\/v2\/types\/product"}],"wp:featuredmedia":[{"embeddable":true,"href":"https:\/\/www.deporteseli.com\/index.php?rest_route=\/wp\/v2\/media\/60180"}],"wp:attachment":[{"href":"https:\/\/www.deporteseli.com\/index.php?rest_route=%2Fwp%2Fv2%2Fmedia&parent=47927"}],"wp:term":[{"taxonomy":"product_brand","embeddable":true,"href":"https:\/\/www.deporteseli.com\/index.php?rest_route=%2Fwp%2Fv2%2Fproduct_brand&post=47927"},{"taxonomy":"product_cat","embeddable":true,"href":"https:\/\/www.deporteseli.com\/index.php?rest_route=%2Fwp%2Fv2%2Fproduct_cat&post=47927"},{"taxonomy":"product_tag","embeddable":true,"href":"https:\/\/www.deporteseli.com\/index.php?rest_route=%2Fwp%2Fv2%2Fproduct_tag&post=47927"}],"curies":[{"name":"wp","href":"https:\/\/api.w.org\/{rel}","templated":true}]}}