{"id":47925,"date":"2026-01-27T21:51:17","date_gmt":"2026-01-27T21:51:17","guid":{"rendered":"https:\/\/www.deporteseli.com\/?product=pala-bullpadel-vertex-05-hyb"},"modified":"2026-01-27T21:51:19","modified_gmt":"2026-01-27T21:51:19","slug":"pala-bullpadel-vertex-05-hyb","status":"publish","type":"product","link":"https:\/\/www.deporteseli.com\/?product=pala-bullpadel-vertex-05-hyb","title":{"rendered":"PALA BULLPADEL VERTEX 05 HYB"},"content":{"rendered":"<p>En el p\u00e1del, cada punto es una decisi\u00f3n, cada golpe una estrategia.     Vertex 05 Hybrid acompa\u00f1a a quienes juegan con cabeza. Quienes combinan control en los intercambios m\u00e1s exigentes con la capacidad de reacci\u00f3n cuando el ritmo se acelera.     Cada movimiento se siente natural, cada decisi\u00f3n se convierte en ventaja, cada golpe responde a tu instinto. No se trata de elegir entre atacar o defender, ni entre fuerza o velocidad  se trata de hacerlo todo con sentido y adaptabilidad. Un juego t\u00e1ctico y completo    Vertex Hybrid. Total Play.    Tecnolog\u00edas: Curv:aktiv, Air Power, Vertex Core, Ease Vibe, Custom Weight, Top Spin, Hesacore, Vibradrive, Xtend-Carbon 12K, Multieva, Carbontube.     \u2022 Peso aprox: 365-375 g    \u2022 Perfil: 38 mm    \u2022 Balance: \u02dc 25    \u2022 Superficie de juego: 531 cm\u00b2    \u2022 Forma: Hybrid    \u2022 Comp. exterior: X-Tend Carbon 12K    \u2022 Comp. interior: Multieva    \u2022 Rugoso: Top Spin    \u2022 Nivel: Profesional    \u2022 Ideal Para: Juego Polivalente                                                                                                                                                                                                                                                                                                                                                                                                                                                                                                                                                                                                                                                                                                                                                                                                                                                                                                                                                                                                                                        <\/p>\n","protected":false},"excerpt":{"rendered":"<p>PALA BULLPADEL VERTEX 05 HYB<\/p>\n","protected":false},"featured_media":60174,"template":"","meta":[],"product_brand":[],"product_cat":[353],"product_tag":[21],"class_list":{"0":"post-47925","1":"product","2":"type-product","3":"status-publish","4":"has-post-thumbnail","6":"product_cat-padel_y_tenis_palas","7":"product_tag-bull_padel","8":"pa_color-unico","9":"pa_talla-unica","10":"thunk-woo-product-list","11":"opn-qv-enable","12":"open-woo-hover-","13":"open-single-product-tab-horizontal","14":"open-shadow-","15":"open-shadow-hover-","17":"first","18":"instock","19":"sale","20":"shipping-taxable","21":"purchasable","22":"product-type-variable"},"jetpack_sharing_enabled":true,"_links":{"self":[{"href":"https:\/\/www.deporteseli.com\/index.php?rest_route=\/wp\/v2\/product\/47925","targetHints":{"allow":["GET"]}}],"collection":[{"href":"https:\/\/www.deporteseli.com\/index.php?rest_route=\/wp\/v2\/product"}],"about":[{"href":"https:\/\/www.deporteseli.com\/index.php?rest_route=\/wp\/v2\/types\/product"}],"wp:featuredmedia":[{"embeddable":true,"href":"https:\/\/www.deporteseli.com\/index.php?rest_route=\/wp\/v2\/media\/60174"}],"wp:attachment":[{"href":"https:\/\/www.deporteseli.com\/index.php?rest_route=%2Fwp%2Fv2%2Fmedia&parent=47925"}],"wp:term":[{"taxonomy":"product_brand","embeddable":true,"href":"https:\/\/www.deporteseli.com\/index.php?rest_route=%2Fwp%2Fv2%2Fproduct_brand&post=47925"},{"taxonomy":"product_cat","embeddable":true,"href":"https:\/\/www.deporteseli.com\/index.php?rest_route=%2Fwp%2Fv2%2Fproduct_cat&post=47925"},{"taxonomy":"product_tag","embeddable":true,"href":"https:\/\/www.deporteseli.com\/index.php?rest_route=%2Fwp%2Fv2%2Fproduct_tag&post=47925"}],"curies":[{"name":"wp","href":"https:\/\/api.w.org\/{rel}","templated":true}]}}