{"id":47923,"date":"2026-01-27T21:51:15","date_gmt":"2026-01-27T21:51:15","guid":{"rendered":"https:\/\/www.deporteseli.com\/?product=pala-bullpadel-vertex-05-geo"},"modified":"2026-01-27T21:51:16","modified_gmt":"2026-01-27T21:51:16","slug":"pala-bullpadel-vertex-05-geo","status":"publish","type":"product","link":"https:\/\/www.deporteseli.com\/?product=pala-bullpadel-vertex-05-geo","title":{"rendered":"PALA BULLPADEL VERTEX 05 GEO"},"content":{"rendered":"<p>\u00bfPotencia o control? \u00bfVelocidad o dominio? \u00bfAtacar o defender?    Con la Vertex 05 GEO no eliges. Lo llevas todo\u2026 al m\u00e1ximo.    La nueva pala de Pablo Cardona, lleva un paso m\u00e1s all\u00e1 a la l\u00ednea Vertex con este nuevo modelo Vertex 05 Geo. El juego extremo de nuestra joven promesa, exige m\u00e1s que nunca a nuestra ic\u00f3nica pala haciendo de esta Vertex 05 Geo, la Vertex m\u00e1s salvaje que hemos creado.    Una nueva evoluci\u00f3n nunca antes vista. La Vertex m\u00e1s ofensiva, como nunca antes.     Su nuevo dise\u00f1o geom\u00e9trico incorpora un formato m\u00e1s amplio, aumentando la superficie de golpeo y de un mayor balance ofensivo, para adaptarse a esos jugadores que lo quieren todo en una pala, pero potenciando a\u00fan m\u00e1s sus ataques.     Vertex 05 GEO \u2013 Total Play MAX. El siguiente nivel, del juego total.    Tecnolog\u00edas: Curv:aktiv, Air Power, Vertex Core, Geometric Shape, Ease Vibe, Custom Weight, Top Spin, Hesacore, Vibradrive, Xtend-Carbon 3k, Multieva, Carbontube.     \u2022 Peso aprox: 365-375 g    \u2022 Perfil: 38 mm    \u2022 Balance: \u02dc 26    \u2022 Superficie de juego: 541 cm\u00b2    \u2022 Forma: Geom\u00e9trica    \u2022 Comp. exterior: X-Tend Carbon 3K    \u2022 Comp. interior: Multieva    \u2022 Rugoso: Top Spin    \u2022 Nivel: Profesional    \u2022 Ideal Para: Juego Polivalente, Ofensivo                                                                                                                                                                                                                                                                                                                                                                                                                                                                                                                                                                                                                                                                                                                                                                                                                                                                                                                                                                                                                                        <\/p>\n","protected":false},"excerpt":{"rendered":"<p>PALA BULLPADEL VERTEX 05 GEO<\/p>\n","protected":false},"featured_media":60169,"template":"","meta":[],"product_brand":[],"product_cat":[353],"product_tag":[21],"class_list":{"0":"post-47923","1":"product","2":"type-product","3":"status-publish","4":"has-post-thumbnail","6":"product_cat-padel_y_tenis_palas","7":"product_tag-bull_padel","8":"pa_color-unico","9":"pa_talla-unica","10":"thunk-woo-product-list","11":"opn-qv-enable","12":"open-woo-hover-","13":"open-single-product-tab-horizontal","14":"open-shadow-","15":"open-shadow-hover-","17":"first","18":"instock","19":"sale","20":"shipping-taxable","21":"purchasable","22":"product-type-variable"},"jetpack_sharing_enabled":true,"_links":{"self":[{"href":"https:\/\/www.deporteseli.com\/index.php?rest_route=\/wp\/v2\/product\/47923","targetHints":{"allow":["GET"]}}],"collection":[{"href":"https:\/\/www.deporteseli.com\/index.php?rest_route=\/wp\/v2\/product"}],"about":[{"href":"https:\/\/www.deporteseli.com\/index.php?rest_route=\/wp\/v2\/types\/product"}],"wp:featuredmedia":[{"embeddable":true,"href":"https:\/\/www.deporteseli.com\/index.php?rest_route=\/wp\/v2\/media\/60169"}],"wp:attachment":[{"href":"https:\/\/www.deporteseli.com\/index.php?rest_route=%2Fwp%2Fv2%2Fmedia&parent=47923"}],"wp:term":[{"taxonomy":"product_brand","embeddable":true,"href":"https:\/\/www.deporteseli.com\/index.php?rest_route=%2Fwp%2Fv2%2Fproduct_brand&post=47923"},{"taxonomy":"product_cat","embeddable":true,"href":"https:\/\/www.deporteseli.com\/index.php?rest_route=%2Fwp%2Fv2%2Fproduct_cat&post=47923"},{"taxonomy":"product_tag","embeddable":true,"href":"https:\/\/www.deporteseli.com\/index.php?rest_route=%2Fwp%2Fv2%2Fproduct_tag&post=47923"}],"curies":[{"name":"wp","href":"https:\/\/api.w.org\/{rel}","templated":true}]}}