{"id":47915,"date":"2026-01-27T21:51:04","date_gmt":"2026-01-27T21:51:04","guid":{"rendered":"https:\/\/www.deporteseli.com\/?product=pala-bullpadel-hack-04-26"},"modified":"2026-02-19T05:19:31","modified_gmt":"2026-02-19T05:19:31","slug":"pala-bullpadel-hack-04-26","status":"publish","type":"product","link":"https:\/\/www.deporteseli.com\/?product=pala-bullpadel-hack-04-26","title":{"rendered":"PALA BULLPADEL HACK 04 26"},"content":{"rendered":"<p>Una pala m\u00e1s r\u00e1pida, m\u00e1s potente, m\u00e1s din\u00e1mica y \u00e1gil. Dise\u00f1ada para incendiar la bola en cada golpe gracias a la combinaci\u00f3n de su exclusivo Total Channel y su inigualable sweet spot que le permite acelerar con mayor facilidad los golpes para llevarlos a otro nivel.     Si te gusta jugar r\u00e1pido, la nueva HACK 04 es tu pala!    Tecnolog\u00edas: Total Channel, Tricore, Air React Channel, Ease Vibe, Custom weight, Smart Holes, 3D Grain, Hesacore, Vibradrive , TriCarbon 18K, Multieva, Carbon Tube.    \u2022 Peso aprox: 365-375 g.    \u2022 Perfil: 38mm.    \u2022 Balance: \u02dc 26,4    \u2022 Superficie de juego: 522 cm\u00b2    \u2022 Forma: Diamante.    \u2022 Comp. Exterior: TriCarbon 18K.    \u2022 Comp. Interior: Multieva.    \u2022 Acabado Rugoso: Tipo 3D    \u2022 Nivel: Profesional    \u2022 Ideal para: Acelerar y Atacar                                                                                                                                                                                                                                                                                                                                                                                                                                                                                                                                                                                                                                                                                                                                                                                                                                                                                                                                                                                                                                        <\/p>\n","protected":false},"excerpt":{"rendered":"<p>PALA BULLPADEL HACK 04 26<\/p>\n","protected":false},"featured_media":60146,"template":"","meta":[],"product_brand":[],"product_cat":[353],"product_tag":[21],"class_list":{"0":"post-47915","1":"product","2":"type-product","3":"status-publish","4":"has-post-thumbnail","6":"product_cat-padel_y_tenis_palas","7":"product_tag-bull_padel","8":"pa_color-unico","9":"pa_talla-unica","10":"thunk-woo-product-list","11":"opn-qv-enable","12":"open-woo-hover-","13":"open-single-product-tab-horizontal","14":"open-shadow-","15":"open-shadow-hover-","17":"first","18":"instock","19":"sale","20":"shipping-taxable","21":"purchasable","22":"product-type-variable"},"jetpack_sharing_enabled":true,"_links":{"self":[{"href":"https:\/\/www.deporteseli.com\/index.php?rest_route=\/wp\/v2\/product\/47915","targetHints":{"allow":["GET"]}}],"collection":[{"href":"https:\/\/www.deporteseli.com\/index.php?rest_route=\/wp\/v2\/product"}],"about":[{"href":"https:\/\/www.deporteseli.com\/index.php?rest_route=\/wp\/v2\/types\/product"}],"wp:featuredmedia":[{"embeddable":true,"href":"https:\/\/www.deporteseli.com\/index.php?rest_route=\/wp\/v2\/media\/60146"}],"wp:attachment":[{"href":"https:\/\/www.deporteseli.com\/index.php?rest_route=%2Fwp%2Fv2%2Fmedia&parent=47915"}],"wp:term":[{"taxonomy":"product_brand","embeddable":true,"href":"https:\/\/www.deporteseli.com\/index.php?rest_route=%2Fwp%2Fv2%2Fproduct_brand&post=47915"},{"taxonomy":"product_cat","embeddable":true,"href":"https:\/\/www.deporteseli.com\/index.php?rest_route=%2Fwp%2Fv2%2Fproduct_cat&post=47915"},{"taxonomy":"product_tag","embeddable":true,"href":"https:\/\/www.deporteseli.com\/index.php?rest_route=%2Fwp%2Fv2%2Fproduct_tag&post=47915"}],"curies":[{"name":"wp","href":"https:\/\/api.w.org\/{rel}","templated":true}]}}