{"id":47909,"date":"2026-01-27T21:50:56","date_gmt":"2026-01-27T21:50:56","guid":{"rendered":"https:\/\/www.deporteseli.com\/?product=tenis-joma-men-slam-2501"},"modified":"2026-02-26T05:20:05","modified_gmt":"2026-02-26T05:20:05","slug":"tenis-joma-men-slam-2501","status":"publish","type":"product","link":"https:\/\/www.deporteseli.com\/?product=tenis-joma-men-slam-2501","title":{"rendered":"TENIS JOMA MEN SLAM 2501"},"content":{"rendered":"<p>JOMA SLAM MEN 2501 Negro FW25 \u2013 M\u00e1xima estabilidad y amortiguaci\u00f3n para los jugadores m\u00e1s exigentes  Caracter\u00edsticas principales  Upper en malla t\u00e9cnica con tecnolog\u00eda VTS que optimiza la transpiraci\u00f3n, manteniendo el pie seco y fresco durante todo el partido.  Termosellado SPORTECH que elimina costuras innecesarias y proporciona un ajuste c\u00f3modo y seguro.  Mediasuela DUAL REACTIVE que combina phylon de alta densidad con REACTIVE BALL para una amortiguaci\u00f3n progresiva y mayor impulso en cada paso.  STABILIS en el mediopi\u00e9 que mejora la estabilidad y reduce el riesgo de torsiones o lesiones.  Suela Omni DURABILITY con dise\u00f1o mixto de taco y espiga que favorece tracci\u00f3n, agarre y deslizamiento controlado en la pista.  Composici\u00f3n  Calzado robusto y ergon\u00f3mico, ideal para jugadores de nivel intermedio y avanzado que exigen alto rendimiento en cada jugada.  Color: Negro.  Rendimiento profesional con dise\u00f1o resistente  Las JOMA SLAM MEN 2501 Negro FW25 ofrecen la combinaci\u00f3n perfecta entre estabilidad, amortiguaci\u00f3n y tracci\u00f3n. Dise\u00f1adas para responder en partidos intensos, estas zapatillas aseguran desplazamientos precisos y una sensaci\u00f3n de confort que se mantiene punto tras punto                                                                                                                                                                                                                                                                                                                                                                                                                                                                                                                                                                                                                                                                                                                                                                                                                                                                                                                                                                                                                                        <\/p>\n","protected":false},"excerpt":{"rendered":"<p>TENIS JOMA MEN SLAM 2501<\/p>\n","protected":false},"featured_media":60143,"template":"","meta":[],"product_brand":[],"product_cat":[371],"product_tag":[31],"class_list":{"0":"post-47909","1":"product","2":"type-product","3":"status-publish","4":"has-post-thumbnail","6":"product_cat-padel_y_tenis_calzado","7":"product_tag-joma","8":"pa_color-unico","9":"pa_talla-149","10":"pa_talla-153","11":"pa_talla-155","12":"pa_talla-157","13":"pa_talla-159","14":"thunk-woo-product-list","15":"opn-qv-enable","16":"open-woo-hover-","17":"open-single-product-tab-horizontal","18":"open-shadow-","19":"open-shadow-hover-","21":"first","22":"instock","23":"sale","24":"shipping-taxable","25":"purchasable","26":"product-type-variable"},"jetpack_sharing_enabled":true,"_links":{"self":[{"href":"https:\/\/www.deporteseli.com\/index.php?rest_route=\/wp\/v2\/product\/47909","targetHints":{"allow":["GET"]}}],"collection":[{"href":"https:\/\/www.deporteseli.com\/index.php?rest_route=\/wp\/v2\/product"}],"about":[{"href":"https:\/\/www.deporteseli.com\/index.php?rest_route=\/wp\/v2\/types\/product"}],"wp:featuredmedia":[{"embeddable":true,"href":"https:\/\/www.deporteseli.com\/index.php?rest_route=\/wp\/v2\/media\/60143"}],"wp:attachment":[{"href":"https:\/\/www.deporteseli.com\/index.php?rest_route=%2Fwp%2Fv2%2Fmedia&parent=47909"}],"wp:term":[{"taxonomy":"product_brand","embeddable":true,"href":"https:\/\/www.deporteseli.com\/index.php?rest_route=%2Fwp%2Fv2%2Fproduct_brand&post=47909"},{"taxonomy":"product_cat","embeddable":true,"href":"https:\/\/www.deporteseli.com\/index.php?rest_route=%2Fwp%2Fv2%2Fproduct_cat&post=47909"},{"taxonomy":"product_tag","embeddable":true,"href":"https:\/\/www.deporteseli.com\/index.php?rest_route=%2Fwp%2Fv2%2Fproduct_tag&post=47909"}],"curies":[{"name":"wp","href":"https:\/\/api.w.org\/{rel}","templated":true}]}}