{"id":47897,"date":"2026-01-27T21:50:32","date_gmt":"2026-01-27T21:50:32","guid":{"rendered":"https:\/\/www.deporteseli.com\/?product=camisa-adidas-jx0712"},"modified":"2026-04-24T09:23:29","modified_gmt":"2026-04-24T09:23:29","slug":"camisa-adidas-jx0712","status":"publish","type":"product","link":"https:\/\/www.deporteseli.com\/?product=camisa-adidas-jx0712","title":{"rendered":"CAMISA ADIDAS JX0712"},"content":{"rendered":"<p>Descripci\u00f3n  Presume de look deportivo a diario con este pantal\u00f3n adidas. Se ha confeccionado en un suave tejido de felpa con pu\u00f1os de canal\u00e9 que te a\u00edslan del fr\u00edo. Las 3 bandas en los laterales le confieren un toque deportivo que no pasa desapercibido.  Al elegir materiales reciclados, podemos dar nueva vida a materiales que ya se han utilizado y ayudar a reducir los residuos. La utilizaci\u00f3n de materiales renovables nos ayuda a acabar con nuestra dependencia de los recursos finitos. Nuestros productos fabricados con materiales reciclados y renovables contienen al menos un 70% de estos materiales.                                                                                                                                                                                                                                                                                                                                                                                                                                                                                                                                                                                                                                                                                                                                                                                                                                                                                                                                                                                                                                        <\/p>\n","protected":false},"excerpt":{"rendered":"<p>CAMISA ADIDAS JX0712<\/p>\n","protected":false},"featured_media":60129,"template":"","meta":[],"product_brand":[],"product_cat":[252],"product_tag":[18],"class_list":{"0":"post-47897","1":"product","2":"type-product","3":"status-publish","4":"has-post-thumbnail","6":"product_cat-hombre_textil_pantalones","7":"product_tag-adidas","8":"pa_color-unico","9":"pa_talla-l","10":"pa_talla-s","11":"pa_talla-xl","12":"thunk-woo-product-list","13":"opn-qv-enable","14":"open-woo-hover-","15":"open-single-product-tab-horizontal","16":"open-shadow-","17":"open-shadow-hover-","19":"first","20":"instock","21":"shipping-taxable","22":"purchasable","23":"product-type-variable"},"jetpack_sharing_enabled":true,"_links":{"self":[{"href":"https:\/\/www.deporteseli.com\/index.php?rest_route=\/wp\/v2\/product\/47897","targetHints":{"allow":["GET"]}}],"collection":[{"href":"https:\/\/www.deporteseli.com\/index.php?rest_route=\/wp\/v2\/product"}],"about":[{"href":"https:\/\/www.deporteseli.com\/index.php?rest_route=\/wp\/v2\/types\/product"}],"wp:featuredmedia":[{"embeddable":true,"href":"https:\/\/www.deporteseli.com\/index.php?rest_route=\/wp\/v2\/media\/60129"}],"wp:attachment":[{"href":"https:\/\/www.deporteseli.com\/index.php?rest_route=%2Fwp%2Fv2%2Fmedia&parent=47897"}],"wp:term":[{"taxonomy":"product_brand","embeddable":true,"href":"https:\/\/www.deporteseli.com\/index.php?rest_route=%2Fwp%2Fv2%2Fproduct_brand&post=47897"},{"taxonomy":"product_cat","embeddable":true,"href":"https:\/\/www.deporteseli.com\/index.php?rest_route=%2Fwp%2Fv2%2Fproduct_cat&post=47897"},{"taxonomy":"product_tag","embeddable":true,"href":"https:\/\/www.deporteseli.com\/index.php?rest_route=%2Fwp%2Fv2%2Fproduct_tag&post=47897"}],"curies":[{"name":"wp","href":"https:\/\/api.w.org\/{rel}","templated":true}]}}