{"id":47869,"date":"2026-01-27T21:49:51","date_gmt":"2026-01-27T21:49:51","guid":{"rendered":"https:\/\/www.deporteseli.com\/?product=sudadera-under-armour-6003710"},"modified":"2026-03-15T05:19:22","modified_gmt":"2026-03-15T05:19:22","slug":"sudadera-under-armour-6003710","status":"publish","type":"product","link":"https:\/\/www.deporteseli.com\/?product=sudadera-under-armour-6003710","title":{"rendered":"SUDADERA UNDER ARMOUR 6003710"},"content":{"rendered":"<p>Esta sudadera con capucha te mantiene abrigado y listo para casi todo: es ligera, c\u00f3moda y s\u00faper suave por dentro. Adem\u00e1s, luce un divertido logo con letras brillantes que le dan un toque de brillo.    Caracter\u00edsticas:    Polar de mezcla de algod\u00f3n ultra suave con interior cepillado para mayor calidez.  Bolsillo canguro delantero  Pu\u00f1os y dobladillo acanalados  mangas ragl\u00e1n  Composici\u00f3n:    80% algod\u00f3n  20% poli\u00e9ster                                                                                                                                                                                                                                                                                                                                                                                                                                                                                                                                                                                                                                                                                                                                                                                                                                                                                                                                                                                                                                        <\/p>\n","protected":false},"excerpt":{"rendered":"<p>SUDADERA UNDER ARMOUR 6003710<\/p>\n","protected":false},"featured_media":60097,"template":"","meta":[],"product_brand":[],"product_cat":[279],"product_tag":[81],"class_list":{"0":"post-47869","1":"product","2":"type-product","3":"status-publish","4":"has-post-thumbnail","6":"product_cat-mujer_textil_sudaderas","7":"product_tag-under_armour","8":"pa_color-unico","9":"pa_talla-l","10":"pa_talla-m","11":"thunk-woo-product-list","12":"opn-qv-enable","13":"open-woo-hover-","14":"open-single-product-tab-horizontal","15":"open-shadow-","16":"open-shadow-hover-","18":"first","19":"instock","20":"shipping-taxable","21":"purchasable","22":"product-type-variable"},"jetpack_sharing_enabled":true,"_links":{"self":[{"href":"https:\/\/www.deporteseli.com\/index.php?rest_route=\/wp\/v2\/product\/47869","targetHints":{"allow":["GET"]}}],"collection":[{"href":"https:\/\/www.deporteseli.com\/index.php?rest_route=\/wp\/v2\/product"}],"about":[{"href":"https:\/\/www.deporteseli.com\/index.php?rest_route=\/wp\/v2\/types\/product"}],"wp:featuredmedia":[{"embeddable":true,"href":"https:\/\/www.deporteseli.com\/index.php?rest_route=\/wp\/v2\/media\/60097"}],"wp:attachment":[{"href":"https:\/\/www.deporteseli.com\/index.php?rest_route=%2Fwp%2Fv2%2Fmedia&parent=47869"}],"wp:term":[{"taxonomy":"product_brand","embeddable":true,"href":"https:\/\/www.deporteseli.com\/index.php?rest_route=%2Fwp%2Fv2%2Fproduct_brand&post=47869"},{"taxonomy":"product_cat","embeddable":true,"href":"https:\/\/www.deporteseli.com\/index.php?rest_route=%2Fwp%2Fv2%2Fproduct_cat&post=47869"},{"taxonomy":"product_tag","embeddable":true,"href":"https:\/\/www.deporteseli.com\/index.php?rest_route=%2Fwp%2Fv2%2Fproduct_tag&post=47869"}],"curies":[{"name":"wp","href":"https:\/\/api.w.org\/{rel}","templated":true}]}}