{"id":47857,"date":"2026-01-27T21:49:37","date_gmt":"2026-01-27T21:49:37","guid":{"rendered":"https:\/\/www.deporteseli.com\/?product=zapatilla-under-armour-3028512"},"modified":"2026-04-15T04:17:47","modified_gmt":"2026-04-15T04:17:47","slug":"zapatilla-under-armour-3028512","status":"publish","type":"product","link":"https:\/\/www.deporteseli.com\/?product=zapatilla-under-armour-3028512","title":{"rendered":"ZAPATILLA UNDER ARMOUR 3028512"},"content":{"rendered":"<p>Parte superior de malla transpirable con revestimientos de piel y pel\u00edcula para una mayor sujeci\u00f3n y durabilidad  Mediasuela de EVA para una pisada ligera y reactiva  Suela exterior de goma maciza duradera con patr\u00f3n de tracci\u00f3n de espiga que proporciona un movimiento y un control excepcionales en la cancha                                                                                                                                                                                                                                                                                                                                                                                                                                                                                                                                                                                                                                                                                                                                                                                                                                                                                                                                                                                                                                        <\/p>\n","protected":false},"excerpt":{"rendered":"<p>ZAPATILLA UNDER ARMOUR 3028512<\/p>\n","protected":false},"featured_media":60088,"template":"","meta":[],"product_brand":[],"product_cat":[346],"product_tag":[81],"class_list":{"0":"post-47857","1":"product","2":"type-product","3":"status-publish","4":"has-post-thumbnail","6":"product_cat-deportes_baloncesto","7":"product_tag-under_armour","8":"pa_color-unico","9":"pa_talla-151","10":"pa_talla-153","11":"pa_talla-155","12":"pa_talla-157","13":"pa_talla-159","14":"pa_talla-161","15":"thunk-woo-product-list","16":"opn-qv-enable","17":"open-woo-hover-","18":"open-single-product-tab-horizontal","19":"open-shadow-","20":"open-shadow-hover-","22":"first","23":"instock","24":"sale","25":"shipping-taxable","26":"purchasable","27":"product-type-variable"},"jetpack_sharing_enabled":true,"_links":{"self":[{"href":"https:\/\/www.deporteseli.com\/index.php?rest_route=\/wp\/v2\/product\/47857","targetHints":{"allow":["GET"]}}],"collection":[{"href":"https:\/\/www.deporteseli.com\/index.php?rest_route=\/wp\/v2\/product"}],"about":[{"href":"https:\/\/www.deporteseli.com\/index.php?rest_route=\/wp\/v2\/types\/product"}],"wp:featuredmedia":[{"embeddable":true,"href":"https:\/\/www.deporteseli.com\/index.php?rest_route=\/wp\/v2\/media\/60088"}],"wp:attachment":[{"href":"https:\/\/www.deporteseli.com\/index.php?rest_route=%2Fwp%2Fv2%2Fmedia&parent=47857"}],"wp:term":[{"taxonomy":"product_brand","embeddable":true,"href":"https:\/\/www.deporteseli.com\/index.php?rest_route=%2Fwp%2Fv2%2Fproduct_brand&post=47857"},{"taxonomy":"product_cat","embeddable":true,"href":"https:\/\/www.deporteseli.com\/index.php?rest_route=%2Fwp%2Fv2%2Fproduct_cat&post=47857"},{"taxonomy":"product_tag","embeddable":true,"href":"https:\/\/www.deporteseli.com\/index.php?rest_route=%2Fwp%2Fv2%2Fproduct_tag&post=47857"}],"curies":[{"name":"wp","href":"https:\/\/api.w.org\/{rel}","templated":true}]}}