{"id":47844,"date":"2026-01-27T21:49:18","date_gmt":"2026-01-27T21:49:18","guid":{"rendered":"https:\/\/www.deporteseli.com\/?product=tenis-under-armour-3027000-4"},"modified":"2026-04-15T04:17:46","modified_gmt":"2026-04-15T04:17:46","slug":"tenis-under-armour-3027000-4","status":"publish","type":"product","link":"https:\/\/www.deporteseli.com\/?product=tenis-under-armour-3027000-4","title":{"rendered":"TENIS UNDER ARMOUR 3027000"},"content":{"rendered":"<p>Descripci\u00f3n  Las zapatillas de running Under Armour Charged Surge 4 Verde son ideales para corredores que buscan comodidad y soporte. Con una parte superior transpirable de malla y amortiguaci\u00f3n mejorada alrededor del tobillo, brindan una sensaci\u00f3n de confort durante todo el d\u00eda. La tecnolog\u00eda Charged Cushioning\u00ae en la entresuela ofrece comodidad y respuesta, mientras que la suela de goma duradera proporciona tracci\u00f3n y flexibilidad para un despegue \u00f3ptimo. Estas zapatillas son perfectas para corredores neutros que buscan equilibrio entre flexibilidad y amortiguaci\u00f3n.  Lleva tu carrera al siguiente nivel con las Under Armour Charged Surge 4!    Caracter\u00edsticas  Parte superior de malla transpirable con superposiciones sint\u00e9ticas para mayor estructura y soporte.  Amortiguaci\u00f3n mejorada alrededor del tobillo para mayor comodidad.  La plantilla Deluxe Comfort System se amolda a tu pie para brindar m\u00e1xima comodidad al pisar  La entresuela Charged Cushioning\u00ae brinda comodidad durante todo el d\u00eda con capacidad de respuesta y durabilidad.  La suela exterior de goma duradera brinda tracci\u00f3n y durabilidad con flexibilidad donde la necesita para despegar  NEUTRO: Para corredores que necesitan un equilibrio entre flexibilidad y amortiguaci\u00f3n.                                                                                                                                                                                                                                                                                                                                                                                                                                                                                                                                                                                                                                                                                                                                                                                                                                                                                                                                                                                                                                        <\/p>\n","protected":false},"excerpt":{"rendered":"<p>TENIS UNDER ARMOUR 3027000<\/p>\n","protected":false},"featured_media":60081,"template":"","meta":[],"product_brand":[],"product_cat":[259],"product_tag":[81],"class_list":{"0":"post-47844","1":"product","2":"type-product","3":"status-publish","4":"has-post-thumbnail","6":"product_cat-hombre_calzado_running","7":"product_tag-under_armour","8":"pa_color-unico","9":"pa_talla-153","10":"pa_talla-42-5","11":"pa_talla-155","12":"pa_talla-44-5","13":"pa_talla-159","14":"pa_talla-161","15":"pa_talla-163","16":"thunk-woo-product-list","17":"opn-qv-enable","18":"open-woo-hover-","19":"open-single-product-tab-horizontal","20":"open-shadow-","21":"open-shadow-hover-","23":"first","24":"instock","25":"sale","26":"shipping-taxable","27":"purchasable","28":"product-type-variable"},"jetpack_sharing_enabled":true,"_links":{"self":[{"href":"https:\/\/www.deporteseli.com\/index.php?rest_route=\/wp\/v2\/product\/47844","targetHints":{"allow":["GET"]}}],"collection":[{"href":"https:\/\/www.deporteseli.com\/index.php?rest_route=\/wp\/v2\/product"}],"about":[{"href":"https:\/\/www.deporteseli.com\/index.php?rest_route=\/wp\/v2\/types\/product"}],"wp:featuredmedia":[{"embeddable":true,"href":"https:\/\/www.deporteseli.com\/index.php?rest_route=\/wp\/v2\/media\/60081"}],"wp:attachment":[{"href":"https:\/\/www.deporteseli.com\/index.php?rest_route=%2Fwp%2Fv2%2Fmedia&parent=47844"}],"wp:term":[{"taxonomy":"product_brand","embeddable":true,"href":"https:\/\/www.deporteseli.com\/index.php?rest_route=%2Fwp%2Fv2%2Fproduct_brand&post=47844"},{"taxonomy":"product_cat","embeddable":true,"href":"https:\/\/www.deporteseli.com\/index.php?rest_route=%2Fwp%2Fv2%2Fproduct_cat&post=47844"},{"taxonomy":"product_tag","embeddable":true,"href":"https:\/\/www.deporteseli.com\/index.php?rest_route=%2Fwp%2Fv2%2Fproduct_tag&post=47844"}],"curies":[{"name":"wp","href":"https:\/\/api.w.org\/{rel}","templated":true}]}}