{"id":47824,"date":"2026-01-27T21:48:54","date_gmt":"2026-01-27T21:48:54","guid":{"rendered":"https:\/\/www.deporteseli.com\/?product=tenis-under-armour-3026017"},"modified":"2026-02-16T08:03:32","modified_gmt":"2026-02-16T08:03:32","slug":"tenis-under-armour-3026017","status":"publish","type":"product","link":"https:\/\/www.deporteseli.com\/?product=tenis-under-armour-3026017","title":{"rendered":"TENIS UNDER ARMOUR 3026017"},"content":{"rendered":"<p>Parte superior de malla ligera con revestimientos texturizados, c\u00f3moda y transpirable  Proporciona sujeci\u00f3n funcional para mejorar la flexibilidad y estabilidad durante los movimientos din\u00e1micos  Plantilla con sistema de comodidad superior que se adapta al pie  Mediasuela Charged Cushioning\u00ae que absorbe los impactos y los convierte en una reactividad explosiva  Suela exterior de goma completa con ranuras flexibles anat\u00f3micamente colocadas para una mayor flexibilidad y tracci\u00f3n en diferentes superficies                                                                                                                                                                                                                                                                                                                                                                                                                                                                                                                                                                                                                                                                                                                                                                                                                                                                                                                                                                                                                                        <\/p>\n","protected":false},"excerpt":{"rendered":"<p>TENIS UNDER ARMOUR 3026017<\/p>\n","protected":false},"featured_media":60067,"template":"","meta":[],"product_brand":[],"product_cat":[259],"product_tag":[81],"class_list":{"0":"post-47824","1":"product","2":"type-product","3":"status-publish","4":"has-post-thumbnail","6":"product_cat-hombre_calzado_running","7":"product_tag-under_armour","8":"pa_color-unico","9":"pa_talla-151","10":"pa_talla-153","11":"pa_talla-42-5","12":"pa_talla-157","13":"pa_talla-44-5","14":"pa_talla-159","15":"thunk-woo-product-list","16":"opn-qv-enable","17":"open-woo-hover-","18":"open-single-product-tab-horizontal","19":"open-shadow-","20":"open-shadow-hover-","22":"first","23":"instock","24":"sale","25":"shipping-taxable","26":"purchasable","27":"product-type-variable"},"jetpack_sharing_enabled":true,"_links":{"self":[{"href":"https:\/\/www.deporteseli.com\/index.php?rest_route=\/wp\/v2\/product\/47824","targetHints":{"allow":["GET"]}}],"collection":[{"href":"https:\/\/www.deporteseli.com\/index.php?rest_route=\/wp\/v2\/product"}],"about":[{"href":"https:\/\/www.deporteseli.com\/index.php?rest_route=\/wp\/v2\/types\/product"}],"wp:featuredmedia":[{"embeddable":true,"href":"https:\/\/www.deporteseli.com\/index.php?rest_route=\/wp\/v2\/media\/60067"}],"wp:attachment":[{"href":"https:\/\/www.deporteseli.com\/index.php?rest_route=%2Fwp%2Fv2%2Fmedia&parent=47824"}],"wp:term":[{"taxonomy":"product_brand","embeddable":true,"href":"https:\/\/www.deporteseli.com\/index.php?rest_route=%2Fwp%2Fv2%2Fproduct_brand&post=47824"},{"taxonomy":"product_cat","embeddable":true,"href":"https:\/\/www.deporteseli.com\/index.php?rest_route=%2Fwp%2Fv2%2Fproduct_cat&post=47824"},{"taxonomy":"product_tag","embeddable":true,"href":"https:\/\/www.deporteseli.com\/index.php?rest_route=%2Fwp%2Fv2%2Fproduct_tag&post=47824"}],"curies":[{"name":"wp","href":"https:\/\/api.w.org\/{rel}","templated":true}]}}