{"id":47814,"date":"2026-01-27T21:48:42","date_gmt":"2026-01-27T21:48:42","guid":{"rendered":"https:\/\/www.deporteseli.com\/?product=camisa-under-armour-1384230"},"modified":"2026-04-02T04:18:49","modified_gmt":"2026-04-02T04:18:49","slug":"camisa-under-armour-1384230","status":"publish","type":"product","link":"https:\/\/www.deporteseli.com\/?product=camisa-under-armour-1384230","title":{"rendered":"CAMISA UNDER ARMOUR 1384230"},"content":{"rendered":"<p>Tejido UA Tech\u2122 de secado r\u00e1pido, ultrasuave y de tacto m\u00e1s natural  Material que capilariza el sudor y se seca r\u00e1pidamente  Tejido principal que contiene, al menos, un 30 % de poli\u00e9ster reciclado, sin incluir ribetes ni adornos                                                                                                                                                                                                                                                                                                                                                                                                                                                                                                                                                                                                                                                                                                                                                                                                                                                                                                                                                                                                                                        <\/p>\n","protected":false},"excerpt":{"rendered":"<p>CAMISA UNDER ARMOUR 1384230<\/p>\n","protected":false},"featured_media":60060,"template":"","meta":[],"product_brand":[],"product_cat":[269],"product_tag":[81],"class_list":{"0":"post-47814","1":"product","2":"type-product","3":"status-publish","4":"has-post-thumbnail","6":"product_cat-mujer_textil_camisetas","7":"product_tag-under_armour","8":"pa_color-unico","9":"pa_talla-l","10":"pa_talla-m","11":"pa_talla-s","12":"thunk-woo-product-list","13":"opn-qv-enable","14":"open-woo-hover-","15":"open-single-product-tab-horizontal","16":"open-shadow-","17":"open-shadow-hover-","19":"first","20":"instock","21":"shipping-taxable","22":"purchasable","23":"product-type-variable"},"jetpack_sharing_enabled":true,"_links":{"self":[{"href":"https:\/\/www.deporteseli.com\/index.php?rest_route=\/wp\/v2\/product\/47814","targetHints":{"allow":["GET"]}}],"collection":[{"href":"https:\/\/www.deporteseli.com\/index.php?rest_route=\/wp\/v2\/product"}],"about":[{"href":"https:\/\/www.deporteseli.com\/index.php?rest_route=\/wp\/v2\/types\/product"}],"wp:featuredmedia":[{"embeddable":true,"href":"https:\/\/www.deporteseli.com\/index.php?rest_route=\/wp\/v2\/media\/60060"}],"wp:attachment":[{"href":"https:\/\/www.deporteseli.com\/index.php?rest_route=%2Fwp%2Fv2%2Fmedia&parent=47814"}],"wp:term":[{"taxonomy":"product_brand","embeddable":true,"href":"https:\/\/www.deporteseli.com\/index.php?rest_route=%2Fwp%2Fv2%2Fproduct_brand&post=47814"},{"taxonomy":"product_cat","embeddable":true,"href":"https:\/\/www.deporteseli.com\/index.php?rest_route=%2Fwp%2Fv2%2Fproduct_cat&post=47814"},{"taxonomy":"product_tag","embeddable":true,"href":"https:\/\/www.deporteseli.com\/index.php?rest_route=%2Fwp%2Fv2%2Fproduct_tag&post=47814"}],"curies":[{"name":"wp","href":"https:\/\/api.w.org\/{rel}","templated":true}]}}