{"id":47810,"date":"2026-01-27T21:48:37","date_gmt":"2026-01-27T21:48:37","guid":{"rendered":"https:\/\/www.deporteseli.com\/?product=camisa-under-armour-1383648-2"},"modified":"2026-03-07T06:36:54","modified_gmt":"2026-03-07T06:36:54","slug":"camisa-under-armour-1383648-2","status":"publish","type":"product","link":"https:\/\/www.deporteseli.com\/?product=camisa-under-armour-1383648-2","title":{"rendered":"CAMISA UNDER ARMOUR 1383648"},"content":{"rendered":"<p>Tejido muy suave de mezcla de algod\u00f3n que proporciona comodidad durante todo el d\u00eda  Confecci\u00f3n con material el\u00e1stico en 4 direcciones que permite una mayor movilidad en cualquier direcci\u00f3n  Cuello acanalado                                                                                                                                                                                                                                                                                                                                                                                                                                                                                                                                                                                                                                                                                                                                                                                                                                                                                                                                                                                                                                        <\/p>\n","protected":false},"excerpt":{"rendered":"<p>CAMISA UNDER ARMOUR 1383648<\/p>\n","protected":false},"featured_media":60057,"template":"","meta":[],"product_brand":[],"product_cat":[269],"product_tag":[81],"class_list":{"0":"post-47810","1":"product","2":"type-product","3":"status-publish","4":"has-post-thumbnail","6":"product_cat-mujer_textil_camisetas","7":"product_tag-under_armour","8":"pa_color-unico","9":"pa_talla-l","10":"pa_talla-s","11":"pa_talla-xl","12":"thunk-woo-product-list","13":"opn-qv-enable","14":"open-woo-hover-","15":"open-single-product-tab-horizontal","16":"open-shadow-","17":"open-shadow-hover-","19":"first","20":"instock","21":"shipping-taxable","22":"purchasable","23":"product-type-variable"},"jetpack_sharing_enabled":true,"_links":{"self":[{"href":"https:\/\/www.deporteseli.com\/index.php?rest_route=\/wp\/v2\/product\/47810","targetHints":{"allow":["GET"]}}],"collection":[{"href":"https:\/\/www.deporteseli.com\/index.php?rest_route=\/wp\/v2\/product"}],"about":[{"href":"https:\/\/www.deporteseli.com\/index.php?rest_route=\/wp\/v2\/types\/product"}],"wp:featuredmedia":[{"embeddable":true,"href":"https:\/\/www.deporteseli.com\/index.php?rest_route=\/wp\/v2\/media\/60057"}],"wp:attachment":[{"href":"https:\/\/www.deporteseli.com\/index.php?rest_route=%2Fwp%2Fv2%2Fmedia&parent=47810"}],"wp:term":[{"taxonomy":"product_brand","embeddable":true,"href":"https:\/\/www.deporteseli.com\/index.php?rest_route=%2Fwp%2Fv2%2Fproduct_brand&post=47810"},{"taxonomy":"product_cat","embeddable":true,"href":"https:\/\/www.deporteseli.com\/index.php?rest_route=%2Fwp%2Fv2%2Fproduct_cat&post=47810"},{"taxonomy":"product_tag","embeddable":true,"href":"https:\/\/www.deporteseli.com\/index.php?rest_route=%2Fwp%2Fv2%2Fproduct_tag&post=47810"}],"curies":[{"name":"wp","href":"https:\/\/api.w.org\/{rel}","templated":true}]}}