{"id":47802,"date":"2026-01-27T21:48:26","date_gmt":"2026-01-27T21:48:26","guid":{"rendered":"https:\/\/www.deporteseli.com\/?product=short-under-armour-1383629-2"},"modified":"2026-03-07T06:36:46","modified_gmt":"2026-03-07T06:36:46","slug":"short-under-armour-1383629-2","status":"publish","type":"product","link":"https:\/\/www.deporteseli.com\/?product=short-under-armour-1383629-2","title":{"rendered":"SHORT UNDER ARMOUR 1383629"},"content":{"rendered":"<p>Tejido HeatGear\u00ae original superligero, transpirable y de secado r\u00e1pido  Material que capilariza el sudor y se seca r\u00e1pidamente  Confecci\u00f3n con material el\u00e1stico en 4 direcciones que permite una mayor movilidad en cualquier direcci\u00f3n  Refuerzo actualizado y costuras planas ergon\u00f3micas para proporcionar un ajuste c\u00f3modo y sin roces  Cintura el\u00e1stica visible con detalle de logotipo                                                                                                                                                                                                                                                                                                                                                                                                                                                                                                                                                                                                                                                                                                                                                                                                                                                                                                                                                                                                                                        <\/p>\n","protected":false},"excerpt":{"rendered":"<p>SHORT UNDER ARMOUR 1383629<\/p>\n","protected":false},"featured_media":60052,"template":"","meta":[],"product_brand":[],"product_cat":[277],"product_tag":[81],"class_list":{"0":"post-47802","1":"product","2":"type-product","3":"status-publish","4":"has-post-thumbnail","6":"product_cat-mujer_textil_shorts","7":"product_tag-under_armour","8":"pa_color-unico","9":"pa_talla-l","10":"pa_talla-s","11":"thunk-woo-product-list","12":"opn-qv-enable","13":"open-woo-hover-","14":"open-single-product-tab-horizontal","15":"open-shadow-","16":"open-shadow-hover-","18":"first","19":"instock","20":"shipping-taxable","21":"purchasable","22":"product-type-variable"},"jetpack_sharing_enabled":true,"_links":{"self":[{"href":"https:\/\/www.deporteseli.com\/index.php?rest_route=\/wp\/v2\/product\/47802","targetHints":{"allow":["GET"]}}],"collection":[{"href":"https:\/\/www.deporteseli.com\/index.php?rest_route=\/wp\/v2\/product"}],"about":[{"href":"https:\/\/www.deporteseli.com\/index.php?rest_route=\/wp\/v2\/types\/product"}],"wp:featuredmedia":[{"embeddable":true,"href":"https:\/\/www.deporteseli.com\/index.php?rest_route=\/wp\/v2\/media\/60052"}],"wp:attachment":[{"href":"https:\/\/www.deporteseli.com\/index.php?rest_route=%2Fwp%2Fv2%2Fmedia&parent=47802"}],"wp:term":[{"taxonomy":"product_brand","embeddable":true,"href":"https:\/\/www.deporteseli.com\/index.php?rest_route=%2Fwp%2Fv2%2Fproduct_brand&post=47802"},{"taxonomy":"product_cat","embeddable":true,"href":"https:\/\/www.deporteseli.com\/index.php?rest_route=%2Fwp%2Fv2%2Fproduct_cat&post=47802"},{"taxonomy":"product_tag","embeddable":true,"href":"https:\/\/www.deporteseli.com\/index.php?rest_route=%2Fwp%2Fv2%2Fproduct_tag&post=47802"}],"curies":[{"name":"wp","href":"https:\/\/api.w.org\/{rel}","templated":true}]}}