{"id":47777,"date":"2026-01-27T21:47:52","date_gmt":"2026-01-27T21:47:52","guid":{"rendered":"https:\/\/www.deporteseli.com\/?product=pantalon-under-armour-1379774"},"modified":"2026-03-07T06:36:22","modified_gmt":"2026-03-07T06:36:22","slug":"pantalon-under-armour-1379774","status":"publish","type":"product","link":"https:\/\/www.deporteseli.com\/?product=pantalon-under-armour-1379774","title":{"rendered":"PANTALON UNDER ARMOUR 1379774"},"content":{"rendered":"<p>Tejido Fleece de mezcla de algod\u00f3n ultrasuave con interior cepillado para una mayor calidez  Cintura el\u00e1stica con revestimiento y cord\u00f3n exterior  Bolsillos laterales abiertos y bolsillo posterior con cierre a presi\u00f3n                                                                                                                                                                                                                                                                                                                                                                                                                                                                                                                                                                                                                                                                                                                                                                                                                                                                                                                                                                                                                                        <\/p>\n","protected":false},"excerpt":{"rendered":"<p>PANTALON UNDER ARMOUR 1379774<\/p>\n","protected":false},"featured_media":60037,"template":"","meta":[],"product_brand":[],"product_cat":[252],"product_tag":[81],"class_list":{"0":"post-47777","1":"product","2":"type-product","3":"status-publish","4":"has-post-thumbnail","6":"product_cat-hombre_textil_pantalones","7":"product_tag-under_armour","8":"pa_color-unico","9":"pa_talla-l","10":"pa_talla-m","11":"pa_talla-s","12":"thunk-woo-product-list","13":"opn-qv-enable","14":"open-woo-hover-","15":"open-single-product-tab-horizontal","16":"open-shadow-","17":"open-shadow-hover-","19":"first","20":"instock","21":"shipping-taxable","22":"purchasable","23":"product-type-variable"},"jetpack_sharing_enabled":true,"_links":{"self":[{"href":"https:\/\/www.deporteseli.com\/index.php?rest_route=\/wp\/v2\/product\/47777","targetHints":{"allow":["GET"]}}],"collection":[{"href":"https:\/\/www.deporteseli.com\/index.php?rest_route=\/wp\/v2\/product"}],"about":[{"href":"https:\/\/www.deporteseli.com\/index.php?rest_route=\/wp\/v2\/types\/product"}],"wp:featuredmedia":[{"embeddable":true,"href":"https:\/\/www.deporteseli.com\/index.php?rest_route=\/wp\/v2\/media\/60037"}],"wp:attachment":[{"href":"https:\/\/www.deporteseli.com\/index.php?rest_route=%2Fwp%2Fv2%2Fmedia&parent=47777"}],"wp:term":[{"taxonomy":"product_brand","embeddable":true,"href":"https:\/\/www.deporteseli.com\/index.php?rest_route=%2Fwp%2Fv2%2Fproduct_brand&post=47777"},{"taxonomy":"product_cat","embeddable":true,"href":"https:\/\/www.deporteseli.com\/index.php?rest_route=%2Fwp%2Fv2%2Fproduct_cat&post=47777"},{"taxonomy":"product_tag","embeddable":true,"href":"https:\/\/www.deporteseli.com\/index.php?rest_route=%2Fwp%2Fv2%2Fproduct_tag&post=47777"}],"curies":[{"name":"wp","href":"https:\/\/api.w.org\/{rel}","templated":true}]}}