{"id":47767,"date":"2026-01-27T21:47:38","date_gmt":"2026-01-27T21:47:38","guid":{"rendered":"https:\/\/www.deporteseli.com\/?product=camisa-under-armour-1379589-2"},"modified":"2026-03-07T06:36:13","modified_gmt":"2026-03-07T06:36:13","slug":"camisa-under-armour-1379589-2","status":"publish","type":"product","link":"https:\/\/www.deporteseli.com\/?product=camisa-under-armour-1379589-2","title":{"rendered":"CAMISA UNDER ARMOUR 1379589"},"content":{"rendered":"<p>Descripci\u00f3n  La colecci\u00f3n UA Challenger ofrece todos los art\u00edculos esenciales para el f\u00fatbol, dise\u00f1ados para aportarte ligereza y velocidad sobre el terreno de juego. Esta equipaci\u00f3n sigue mejorando con cada temporada que pasa.    Tejido suave, ligero y de secado r\u00e1pido para un rendimiento superior  Tejido de secado r\u00e1pido que absorbe la humedad  Paneles laterales de malla para mejorar la transpirabilidad  Dobladillo redondeado  Especificaci\u00f3n    100% poli\u00e9ster  Importado  Ajuste y cuidado :    Entallado: corte aerodin\u00e1mico ni demasiado ajustado ni demasiado holgado.  Lavar a m\u00e1quina en fr\u00edo con colores similares.  Utilizar s\u00f3lo lej\u00eda sin cloro si es necesario  Secar en secadora a baja temperatura  No planchar  No utilizar suavizante  No limpiar en seco                                                                                                                                                                                                                                                                                                                                                                                                                                                                                                                                                                                                                                                                                                                                                                                                                                                                                                                                                                                                                                        <\/p>\n","protected":false},"excerpt":{"rendered":"<p>CAMISA UNDER ARMOUR 1379589<\/p>\n","protected":false},"featured_media":60031,"template":"","meta":[],"product_brand":[],"product_cat":[245],"product_tag":[81],"class_list":{"0":"post-47767","1":"product","2":"type-product","3":"status-publish","4":"has-post-thumbnail","6":"product_cat-hombre_textil_camisetas","7":"product_tag-under_armour","8":"pa_color-unico","9":"pa_talla-l","10":"pa_talla-m","11":"pa_talla-xl","12":"pa_talla-xxl","13":"thunk-woo-product-list","14":"opn-qv-enable","15":"open-woo-hover-","16":"open-single-product-tab-horizontal","17":"open-shadow-","18":"open-shadow-hover-","20":"first","21":"instock","22":"shipping-taxable","23":"purchasable","24":"product-type-variable"},"jetpack_sharing_enabled":true,"_links":{"self":[{"href":"https:\/\/www.deporteseli.com\/index.php?rest_route=\/wp\/v2\/product\/47767","targetHints":{"allow":["GET"]}}],"collection":[{"href":"https:\/\/www.deporteseli.com\/index.php?rest_route=\/wp\/v2\/product"}],"about":[{"href":"https:\/\/www.deporteseli.com\/index.php?rest_route=\/wp\/v2\/types\/product"}],"wp:featuredmedia":[{"embeddable":true,"href":"https:\/\/www.deporteseli.com\/index.php?rest_route=\/wp\/v2\/media\/60031"}],"wp:attachment":[{"href":"https:\/\/www.deporteseli.com\/index.php?rest_route=%2Fwp%2Fv2%2Fmedia&parent=47767"}],"wp:term":[{"taxonomy":"product_brand","embeddable":true,"href":"https:\/\/www.deporteseli.com\/index.php?rest_route=%2Fwp%2Fv2%2Fproduct_brand&post=47767"},{"taxonomy":"product_cat","embeddable":true,"href":"https:\/\/www.deporteseli.com\/index.php?rest_route=%2Fwp%2Fv2%2Fproduct_cat&post=47767"},{"taxonomy":"product_tag","embeddable":true,"href":"https:\/\/www.deporteseli.com\/index.php?rest_route=%2Fwp%2Fv2%2Fproduct_tag&post=47767"}],"curies":[{"name":"wp","href":"https:\/\/api.w.org\/{rel}","templated":true}]}}