{"id":47720,"date":"2026-01-27T21:46:30","date_gmt":"2026-01-27T21:46:30","guid":{"rendered":"https:\/\/www.deporteseli.com\/?product=short-puma-526002-2"},"modified":"2026-04-10T04:18:00","modified_gmt":"2026-04-10T04:18:00","slug":"short-puma-526002-2","status":"publish","type":"product","link":"https:\/\/www.deporteseli.com\/?product=short-puma-526002-2","title":{"rendered":"SHORT PUMA 526002"},"content":{"rendered":"<p>Descripci\u00f3n  Da rienda suelta a tu potencial durante los entrenamientos de alta intensidad con estas mallas cortas de PUMA. El dise\u00f1o de tiro alto te proporciona la cobertura ideal, la tecnolog\u00eda dryCELL te mantiene libre del sudor y la cintura el\u00e1stica con la marca les da un toque elegante. Si\u00e9ntete imparable y entrena con confianza.                                                                                                                                                                                                                                                                                                                                                                                                                                                                                                                                                                                                                                                                                                                                                                                                                                                                                                                                                                                                                                        <\/p>\n","protected":false},"excerpt":{"rendered":"<p>SHORT PUMA 526002<\/p>\n","protected":false},"featured_media":59998,"template":"","meta":[],"product_brand":[],"product_cat":[277],"product_tag":[32],"class_list":{"0":"post-47720","1":"product","2":"type-product","3":"status-publish","4":"has-post-thumbnail","6":"product_cat-mujer_textil_shorts","7":"product_tag-puma","8":"pa_color-unico","9":"pa_talla-l","10":"pa_talla-m","11":"pa_talla-s","12":"pa_talla-xs","13":"thunk-woo-product-list","14":"opn-qv-enable","15":"open-woo-hover-","16":"open-single-product-tab-horizontal","17":"open-shadow-","18":"open-shadow-hover-","20":"first","21":"instock","22":"shipping-taxable","23":"purchasable","24":"product-type-variable"},"jetpack_sharing_enabled":true,"_links":{"self":[{"href":"https:\/\/www.deporteseli.com\/index.php?rest_route=\/wp\/v2\/product\/47720","targetHints":{"allow":["GET"]}}],"collection":[{"href":"https:\/\/www.deporteseli.com\/index.php?rest_route=\/wp\/v2\/product"}],"about":[{"href":"https:\/\/www.deporteseli.com\/index.php?rest_route=\/wp\/v2\/types\/product"}],"wp:featuredmedia":[{"embeddable":true,"href":"https:\/\/www.deporteseli.com\/index.php?rest_route=\/wp\/v2\/media\/59998"}],"wp:attachment":[{"href":"https:\/\/www.deporteseli.com\/index.php?rest_route=%2Fwp%2Fv2%2Fmedia&parent=47720"}],"wp:term":[{"taxonomy":"product_brand","embeddable":true,"href":"https:\/\/www.deporteseli.com\/index.php?rest_route=%2Fwp%2Fv2%2Fproduct_brand&post=47720"},{"taxonomy":"product_cat","embeddable":true,"href":"https:\/\/www.deporteseli.com\/index.php?rest_route=%2Fwp%2Fv2%2Fproduct_cat&post=47720"},{"taxonomy":"product_tag","embeddable":true,"href":"https:\/\/www.deporteseli.com\/index.php?rest_route=%2Fwp%2Fv2%2Fproduct_tag&post=47720"}],"curies":[{"name":"wp","href":"https:\/\/api.w.org\/{rel}","templated":true}]}}