{"id":47703,"date":"2026-01-27T21:46:08","date_gmt":"2026-01-27T21:46:08","guid":{"rendered":"https:\/\/www.deporteseli.com\/?product=tenis-puma-399069"},"modified":"2026-04-09T04:17:47","modified_gmt":"2026-04-09T04:17:47","slug":"tenis-puma-399069","status":"publish","type":"product","link":"https:\/\/www.deporteseli.com\/?product=tenis-puma-399069","title":{"rendered":"TENIS PUMA 399069"},"content":{"rendered":"<p>Descripci\u00f3n  Las zapatillas Puma St Runner V4 NL en azul y blanco son una opci\u00f3n ideal para quienes buscan estilo y comodidad.  Su dise\u00f1o legendario combina una parte superior de gamuza y nailon, lo que brinda durabilidad y un aspecto atractivo.  Incorporan un clip de tal\u00f3n que mejora el soporte y sujeci\u00f3n.  Adem\u00e1s, la entresuela ligeramente m\u00e1s alta ofrece una amortiguaci\u00f3n superior, mientras que la plantilla SoftFoam  asegura un confort \u00f3ptimo durante todo el d\u00eda.  Estas zapatillas son perfectas tanto para hacer ejercicio como para usar en el d\u00eda a d\u00eda.    Caracter\u00edsticas  Zapatillas  Dise\u00f1o legendario  Parte superior de gamuza y nailon.  Clip de tal\u00f3n  Entresuela ligeramente m\u00e1s alta  Plantilla SoftFoam   Amortiguaci\u00f3n superior  Confort \u00f3ptimo                                                                                                                                                                                                                                                                                                                                                                                                                                                                                                                                                                                                                                                                                                                                                                                                                                                                                                                                                                                                                                        <\/p>\n","protected":false},"excerpt":{"rendered":"<p>TENIS PUMA 399069<\/p>\n","protected":false},"featured_media":59985,"template":"","meta":[],"product_brand":[],"product_cat":[261],"product_tag":[32],"class_list":{"0":"post-47703","1":"product","2":"type-product","3":"status-publish","4":"has-post-thumbnail","6":"product_cat-hombre_calzado_casual","7":"product_tag-puma","8":"pa_color-unico","9":"pa_talla-149","10":"pa_talla-151","11":"pa_talla-153","12":"pa_talla-155","13":"pa_talla-157","14":"pa_talla-44-5","15":"pa_talla-159","16":"pa_talla-161","17":"thunk-woo-product-list","18":"opn-qv-enable","19":"open-woo-hover-","20":"open-single-product-tab-horizontal","21":"open-shadow-","22":"open-shadow-hover-","24":"first","25":"instock","26":"shipping-taxable","27":"purchasable","28":"product-type-variable"},"jetpack_sharing_enabled":true,"_links":{"self":[{"href":"https:\/\/www.deporteseli.com\/index.php?rest_route=\/wp\/v2\/product\/47703","targetHints":{"allow":["GET"]}}],"collection":[{"href":"https:\/\/www.deporteseli.com\/index.php?rest_route=\/wp\/v2\/product"}],"about":[{"href":"https:\/\/www.deporteseli.com\/index.php?rest_route=\/wp\/v2\/types\/product"}],"wp:featuredmedia":[{"embeddable":true,"href":"https:\/\/www.deporteseli.com\/index.php?rest_route=\/wp\/v2\/media\/59985"}],"wp:attachment":[{"href":"https:\/\/www.deporteseli.com\/index.php?rest_route=%2Fwp%2Fv2%2Fmedia&parent=47703"}],"wp:term":[{"taxonomy":"product_brand","embeddable":true,"href":"https:\/\/www.deporteseli.com\/index.php?rest_route=%2Fwp%2Fv2%2Fproduct_brand&post=47703"},{"taxonomy":"product_cat","embeddable":true,"href":"https:\/\/www.deporteseli.com\/index.php?rest_route=%2Fwp%2Fv2%2Fproduct_cat&post=47703"},{"taxonomy":"product_tag","embeddable":true,"href":"https:\/\/www.deporteseli.com\/index.php?rest_route=%2Fwp%2Fv2%2Fproduct_tag&post=47703"}],"curies":[{"name":"wp","href":"https:\/\/api.w.org\/{rel}","templated":true}]}}