{"id":47698,"date":"2026-01-27T21:45:59","date_gmt":"2026-01-27T21:45:59","guid":{"rendered":"https:\/\/www.deporteseli.com\/?product=tenis-puma-399068"},"modified":"2026-04-02T04:18:47","modified_gmt":"2026-04-02T04:18:47","slug":"tenis-puma-399068","status":"publish","type":"product","link":"https:\/\/www.deporteseli.com\/?product=tenis-puma-399068","title":{"rendered":"TENIS PUMA 399068"},"content":{"rendered":"<p>HISTORIA DEL PRODUCTO  Usa un cl\u00e1sico y haz una declaraci\u00f3n de estilo. Estos renovados tenis unisex de estilo urbano combinan inspiraci\u00f3n retro con detalles modernos. Su suave cubierta de cuero corregido, un nuevo clip de soporte en el tal\u00f3n y la plantilla SOFTFOAM  te aportan comodidad vayas donde vayas y hagas lo que hagas. Con una entresuela ligeramente m\u00e1s alta, impact\u00e1 con cada paso.    CARACTER\u00cdSTICAS Y BENEFICIOS  Los productos de cuero PUMA respaldan la fabricaci\u00f3n responsable a trav\u00e9s del Leather Working Group: www.leatherworkinggroup.com  SOFTFOAM : Plantilla c\u00f3moda, dise\u00f1ada con un tal\u00f3n extra grueso para proporcionar una amortiguaci\u00f3n suave  DETALLES  Calce regular  Cubierta de cuero corregido  Con cordones  Entresuela sint\u00e9tica con TPU  Suela de goma  Clip de soporte en tal\u00f3n                                                                                                                                                                                                                                                                                                                                                                                                                                                                                                                                                                                                                                                                                                                                                                                                                                                                                                                                                                                                                                        <\/p>\n","protected":false},"excerpt":{"rendered":"<p>TENIS PUMA 399068<\/p>\n","protected":false},"featured_media":59981,"template":"","meta":[],"product_brand":[],"product_cat":[261],"product_tag":[32],"class_list":{"0":"post-47698","1":"product","2":"type-product","3":"status-publish","4":"has-post-thumbnail","6":"product_cat-hombre_calzado_casual","7":"product_tag-puma","8":"pa_color-unico","9":"pa_talla-149","10":"pa_talla-151","11":"pa_talla-153","12":"pa_talla-155","13":"pa_talla-157","14":"pa_talla-159","15":"pa_talla-161","16":"thunk-woo-product-list","17":"opn-qv-enable","18":"open-woo-hover-","19":"open-single-product-tab-horizontal","20":"open-shadow-","21":"open-shadow-hover-","23":"first","24":"instock","25":"shipping-taxable","26":"purchasable","27":"product-type-variable"},"jetpack_sharing_enabled":true,"_links":{"self":[{"href":"https:\/\/www.deporteseli.com\/index.php?rest_route=\/wp\/v2\/product\/47698","targetHints":{"allow":["GET"]}}],"collection":[{"href":"https:\/\/www.deporteseli.com\/index.php?rest_route=\/wp\/v2\/product"}],"about":[{"href":"https:\/\/www.deporteseli.com\/index.php?rest_route=\/wp\/v2\/types\/product"}],"wp:featuredmedia":[{"embeddable":true,"href":"https:\/\/www.deporteseli.com\/index.php?rest_route=\/wp\/v2\/media\/59981"}],"wp:attachment":[{"href":"https:\/\/www.deporteseli.com\/index.php?rest_route=%2Fwp%2Fv2%2Fmedia&parent=47698"}],"wp:term":[{"taxonomy":"product_brand","embeddable":true,"href":"https:\/\/www.deporteseli.com\/index.php?rest_route=%2Fwp%2Fv2%2Fproduct_brand&post=47698"},{"taxonomy":"product_cat","embeddable":true,"href":"https:\/\/www.deporteseli.com\/index.php?rest_route=%2Fwp%2Fv2%2Fproduct_cat&post=47698"},{"taxonomy":"product_tag","embeddable":true,"href":"https:\/\/www.deporteseli.com\/index.php?rest_route=%2Fwp%2Fv2%2Fproduct_tag&post=47698"}],"curies":[{"name":"wp","href":"https:\/\/api.w.org\/{rel}","templated":true}]}}