{"id":47683,"date":"2026-01-27T21:45:01","date_gmt":"2026-01-27T21:45:01","guid":{"rendered":"https:\/\/www.deporteseli.com\/?product=tenis-puma-398996"},"modified":"2026-02-16T08:03:10","modified_gmt":"2026-02-16T08:03:10","slug":"tenis-puma-398996","status":"publish","type":"product","link":"https:\/\/www.deporteseli.com\/?product=tenis-puma-398996","title":{"rendered":"TENIS PUMA 398996"},"content":{"rendered":"<p>Zapatillas blancas con negro de Puma. Con velcro y cordones el\u00e1sticos para un ajuste perfecto. Zapatillas muy suaves con plantilla extra\u00edble para una comodidad absoluta durante todo el d\u00eda. La parte superior es de piel sint\u00e9tica y la parte delantera cuenta con orificios para una mejor transpirabilidad. Cuentan con una suela antideslizante para m\u00e1xima seguridad                                                                                                                                                                                                                                                                                                                                                                                                                                                                                                                                                                                                                                                                                                                                                                                                                                                                                                                                                                                                                                        <\/p>\n","protected":false},"excerpt":{"rendered":"<p>TENIS PUMA 398996<\/p>\n","protected":false},"featured_media":59975,"template":"","meta":[],"product_brand":[],"product_cat":[310],"product_tag":[32],"class_list":{"0":"post-47683","1":"product","2":"type-product","3":"status-publish","4":"has-post-thumbnail","6":"product_cat-nino_calzado_casual","7":"product_tag-puma","8":"pa_color-unico","9":"pa_talla-113","10":"pa_talla-115","11":"pa_talla-117","12":"pa_talla-119","13":"pa_talla-121","14":"pa_talla-123","15":"pa_talla-t-21","16":"thunk-woo-product-list","17":"opn-qv-enable","18":"open-woo-hover-","19":"open-single-product-tab-horizontal","20":"open-shadow-","21":"open-shadow-hover-","23":"first","24":"instock","25":"sale","26":"shipping-taxable","27":"purchasable","28":"product-type-variable"},"jetpack_sharing_enabled":true,"_links":{"self":[{"href":"https:\/\/www.deporteseli.com\/index.php?rest_route=\/wp\/v2\/product\/47683","targetHints":{"allow":["GET"]}}],"collection":[{"href":"https:\/\/www.deporteseli.com\/index.php?rest_route=\/wp\/v2\/product"}],"about":[{"href":"https:\/\/www.deporteseli.com\/index.php?rest_route=\/wp\/v2\/types\/product"}],"wp:featuredmedia":[{"embeddable":true,"href":"https:\/\/www.deporteseli.com\/index.php?rest_route=\/wp\/v2\/media\/59975"}],"wp:attachment":[{"href":"https:\/\/www.deporteseli.com\/index.php?rest_route=%2Fwp%2Fv2%2Fmedia&parent=47683"}],"wp:term":[{"taxonomy":"product_brand","embeddable":true,"href":"https:\/\/www.deporteseli.com\/index.php?rest_route=%2Fwp%2Fv2%2Fproduct_brand&post=47683"},{"taxonomy":"product_cat","embeddable":true,"href":"https:\/\/www.deporteseli.com\/index.php?rest_route=%2Fwp%2Fv2%2Fproduct_cat&post=47683"},{"taxonomy":"product_tag","embeddable":true,"href":"https:\/\/www.deporteseli.com\/index.php?rest_route=%2Fwp%2Fv2%2Fproduct_tag&post=47683"}],"curies":[{"name":"wp","href":"https:\/\/api.w.org\/{rel}","templated":true}]}}