{"id":47663,"date":"2026-01-27T21:44:18","date_gmt":"2026-01-27T21:44:18","guid":{"rendered":"https:\/\/www.deporteseli.com\/?product=tenis-puma-395016"},"modified":"2026-02-16T08:03:02","modified_gmt":"2026-02-16T08:03:02","slug":"tenis-puma-395016","status":"publish","type":"product","link":"https:\/\/www.deporteseli.com\/?product=tenis-puma-395016","title":{"rendered":"TENIS PUMA 395016"},"content":{"rendered":"<p>HISTORIA DEL PRODUCTO  Domina la cancha con un estilo de inspiraci\u00f3n retro. El Caven 2.0 Lux combina cuero premium con una entresuela apilada para una comodidad inigualable. Ya sea cruzando a los defensores o clavando mates, sus detalles refinados y su silueta retro elevan tu juego a nuevas cotas.  CARACTER\u00cdSTICAS Y BENEFICIOS  La parte superior de los zapatos est\u00e1 hecha con al menos un 20% de materiales reciclados y la parte inferior est\u00e1 hecha con al menos un 10% de materiales reciclados.  Los productos de cuero de PUMA apoyan la fabricaci\u00f3n responsable a trav\u00e9s del Leather Working Group.www.leatherworkinggroup.com  DETALLES  Parte superior de cuero de primera calidad  Silueta cl\u00e1sica de baloncesto de los a\u00f1os 80  Entresuela apilada  La plantilla SoftFoam  ofrece una amortiguaci\u00f3n y comodidad superiores para usar durante todo el d\u00eda.  Cierre de encaje  Informaci\u00f3n del material  Suela: 100% caucho  Parte superior: 52,32 % sint\u00e9tico, 45,16 % piel de vacuno, 2,52 % textil  Forro: 100% Textil                                                                                                                                                                                                                                                                                                                                                                                                                                                                                                                                                                                                                                                                                                                                                                                                                                                                                                                                                                                                                                        <\/p>\n","protected":false},"excerpt":{"rendered":"<p>TENIS PUMA 395016<\/p>\n","protected":false},"featured_media":59966,"template":"","meta":[],"product_brand":[],"product_cat":[261],"product_tag":[32],"class_list":{"0":"post-47663","1":"product","2":"type-product","3":"status-publish","4":"has-post-thumbnail","6":"product_cat-hombre_calzado_casual","7":"product_tag-puma","8":"pa_color-unico","9":"pa_talla-153","10":"pa_talla-155","11":"pa_talla-157","12":"pa_talla-159","13":"thunk-woo-product-list","14":"opn-qv-enable","15":"open-woo-hover-","16":"open-single-product-tab-horizontal","17":"open-shadow-","18":"open-shadow-hover-","20":"first","21":"instock","22":"sale","23":"shipping-taxable","24":"purchasable","25":"product-type-variable"},"jetpack_sharing_enabled":true,"_links":{"self":[{"href":"https:\/\/www.deporteseli.com\/index.php?rest_route=\/wp\/v2\/product\/47663","targetHints":{"allow":["GET"]}}],"collection":[{"href":"https:\/\/www.deporteseli.com\/index.php?rest_route=\/wp\/v2\/product"}],"about":[{"href":"https:\/\/www.deporteseli.com\/index.php?rest_route=\/wp\/v2\/types\/product"}],"wp:featuredmedia":[{"embeddable":true,"href":"https:\/\/www.deporteseli.com\/index.php?rest_route=\/wp\/v2\/media\/59966"}],"wp:attachment":[{"href":"https:\/\/www.deporteseli.com\/index.php?rest_route=%2Fwp%2Fv2%2Fmedia&parent=47663"}],"wp:term":[{"taxonomy":"product_brand","embeddable":true,"href":"https:\/\/www.deporteseli.com\/index.php?rest_route=%2Fwp%2Fv2%2Fproduct_brand&post=47663"},{"taxonomy":"product_cat","embeddable":true,"href":"https:\/\/www.deporteseli.com\/index.php?rest_route=%2Fwp%2Fv2%2Fproduct_cat&post=47663"},{"taxonomy":"product_tag","embeddable":true,"href":"https:\/\/www.deporteseli.com\/index.php?rest_route=%2Fwp%2Fv2%2Fproduct_tag&post=47663"}],"curies":[{"name":"wp","href":"https:\/\/api.w.org\/{rel}","templated":true}]}}