{"id":47656,"date":"2026-01-27T21:44:04","date_gmt":"2026-01-27T21:44:04","guid":{"rendered":"https:\/\/www.deporteseli.com\/?product=tenis-puma-393841"},"modified":"2026-01-27T21:44:16","modified_gmt":"2026-01-27T21:44:16","slug":"tenis-puma-393841","status":"publish","type":"product","link":"https:\/\/www.deporteseli.com\/?product=tenis-puma-393841","title":{"rendered":"TENIS PUMA 393841"},"content":{"rendered":"<p>\u2022 Caracter\u00edsticas del producto:    Inspiradas en la moda universitaria de los 90, las PUMA Caven 2.0 presentan un dise\u00f1o nost\u00e1lgico que te sumerge en el estilo americano cl\u00e1sico. La parte superior estructurada se mantiene fiel al ADN de PUMA, mientras que la plantilla SoftFoam  proporciona una amortiguaci\u00f3n superior y una comodidad \u00f3ptima en cada paso.    \u2022 SOFTFOAM : plantilla c\u00f3moda que garantiza una amortiguaci\u00f3n suave gracias a un tal\u00f3n m\u00e1s grueso    \u2022 Parte superior de cuero sint\u00e9tico    \u2022 Cierre el\u00e1stico y velcro.    \u2022 Entresuela y suela de goma    \u2022 Franja caracter\u00edstica de PUMA    \u2022 Logotipos de PUMA                                                                                                                                                                                                                                                                                                                                                                                                                                                                                                                                                                                                                                                                                                                                                                                                                                                                                                                                                                                                                                        <\/p>\n","protected":false},"excerpt":{"rendered":"<p>TENIS PUMA 393841<\/p>\n","protected":false},"featured_media":59965,"template":"","meta":[],"product_brand":[],"product_cat":[310],"product_tag":[32],"class_list":{"0":"post-47656","1":"product","2":"type-product","3":"status-publish","4":"has-post-thumbnail","6":"product_cat-nino_calzado_casual","7":"product_tag-puma","8":"pa_color-unico","9":"pa_talla-113","10":"pa_talla-115","11":"pa_talla-117","12":"pa_talla-119","13":"pa_talla-121","14":"pa_talla-t-21","15":"thunk-woo-product-list","16":"opn-qv-enable","17":"open-woo-hover-","18":"open-single-product-tab-horizontal","19":"open-shadow-","20":"open-shadow-hover-","22":"first","23":"instock","24":"sale","25":"shipping-taxable","26":"purchasable","27":"product-type-variable"},"jetpack_sharing_enabled":true,"_links":{"self":[{"href":"https:\/\/www.deporteseli.com\/index.php?rest_route=\/wp\/v2\/product\/47656","targetHints":{"allow":["GET"]}}],"collection":[{"href":"https:\/\/www.deporteseli.com\/index.php?rest_route=\/wp\/v2\/product"}],"about":[{"href":"https:\/\/www.deporteseli.com\/index.php?rest_route=\/wp\/v2\/types\/product"}],"wp:featuredmedia":[{"embeddable":true,"href":"https:\/\/www.deporteseli.com\/index.php?rest_route=\/wp\/v2\/media\/59965"}],"wp:attachment":[{"href":"https:\/\/www.deporteseli.com\/index.php?rest_route=%2Fwp%2Fv2%2Fmedia&parent=47656"}],"wp:term":[{"taxonomy":"product_brand","embeddable":true,"href":"https:\/\/www.deporteseli.com\/index.php?rest_route=%2Fwp%2Fv2%2Fproduct_brand&post=47656"},{"taxonomy":"product_cat","embeddable":true,"href":"https:\/\/www.deporteseli.com\/index.php?rest_route=%2Fwp%2Fv2%2Fproduct_cat&post=47656"},{"taxonomy":"product_tag","embeddable":true,"href":"https:\/\/www.deporteseli.com\/index.php?rest_route=%2Fwp%2Fv2%2Fproduct_tag&post=47656"}],"curies":[{"name":"wp","href":"https:\/\/api.w.org\/{rel}","templated":true}]}}