{"id":47647,"date":"2026-01-27T21:43:48","date_gmt":"2026-01-27T21:43:48","guid":{"rendered":"https:\/\/www.deporteseli.com\/?product=botas-puma-108576-sala"},"modified":"2026-02-24T05:19:31","modified_gmt":"2026-02-24T05:19:31","slug":"botas-puma-108576-sala","status":"publish","type":"product","link":"https:\/\/www.deporteseli.com\/?product=botas-puma-108576-sala","title":{"rendered":"BOTAS PUMA 108576 SALA"},"content":{"rendered":"<p>El calzado Puma TRUCO III PS\/GS combina dise\u00f1o vers\u00e1til y comodidad, ideal para ni\u00f1os que buscan rendimiento y estilo en su d\u00eda a d\u00eda. Fabricado con materiales resistentes y transpirables, ofrece soporte y frescura en cada paso. Su suela de goma duradera proporciona excelente tracci\u00f3n en distintas superficies, mientras que el cierre ajustable asegura un calce perfecto y pr\u00e1ctico. Con el inconfundible estilo de las tres franjas de Adidas, este modelo es la opci\u00f3n perfecta para acompa\u00f1ar aventuras escolares y actividades al aire libre.    Color: Negro   Lima   Composici\u00f3n: Sint\u00e9tico                                                                                                                                                                                                                                                                                                                                                                                                                                                                                                                                                                                                                                                                                                                                                                                                                                                                                                                                                                                                                                        <\/p>\n","protected":false},"excerpt":{"rendered":"<p>BOTAS PUMA 108576 SALA<\/p>\n","protected":false},"featured_media":59961,"template":"","meta":[],"product_brand":[],"product_cat":[323],"product_tag":[32],"class_list":{"0":"post-47647","1":"product","2":"type-product","3":"status-publish","4":"has-post-thumbnail","6":"product_cat-deportes_futbol_botas_sala","7":"product_tag-puma","8":"pa_color-unico","9":"pa_talla-135","10":"pa_talla-137","11":"pa_talla-34-5","12":"pa_talla-139","13":"pa_talla-141","14":"pa_talla-37-5","15":"pa_talla-145","16":"pa_talla-38-5","17":"thunk-woo-product-list","18":"opn-qv-enable","19":"open-woo-hover-","20":"open-single-product-tab-horizontal","21":"open-shadow-","22":"open-shadow-hover-","24":"first","25":"instock","26":"sale","27":"shipping-taxable","28":"purchasable","29":"product-type-variable"},"jetpack_sharing_enabled":true,"_links":{"self":[{"href":"https:\/\/www.deporteseli.com\/index.php?rest_route=\/wp\/v2\/product\/47647","targetHints":{"allow":["GET"]}}],"collection":[{"href":"https:\/\/www.deporteseli.com\/index.php?rest_route=\/wp\/v2\/product"}],"about":[{"href":"https:\/\/www.deporteseli.com\/index.php?rest_route=\/wp\/v2\/types\/product"}],"wp:featuredmedia":[{"embeddable":true,"href":"https:\/\/www.deporteseli.com\/index.php?rest_route=\/wp\/v2\/media\/59961"}],"wp:attachment":[{"href":"https:\/\/www.deporteseli.com\/index.php?rest_route=%2Fwp%2Fv2%2Fmedia&parent=47647"}],"wp:term":[{"taxonomy":"product_brand","embeddable":true,"href":"https:\/\/www.deporteseli.com\/index.php?rest_route=%2Fwp%2Fv2%2Fproduct_brand&post=47647"},{"taxonomy":"product_cat","embeddable":true,"href":"https:\/\/www.deporteseli.com\/index.php?rest_route=%2Fwp%2Fv2%2Fproduct_cat&post=47647"},{"taxonomy":"product_tag","embeddable":true,"href":"https:\/\/www.deporteseli.com\/index.php?rest_route=%2Fwp%2Fv2%2Fproduct_tag&post=47647"}],"curies":[{"name":"wp","href":"https:\/\/api.w.org\/{rel}","templated":true}]}}