{"id":47638,"date":"2026-01-27T21:43:35","date_gmt":"2026-01-27T21:43:35","guid":{"rendered":"https:\/\/www.deporteseli.com\/?product=botas-puma-108572-sala"},"modified":"2026-03-22T05:19:09","modified_gmt":"2026-03-22T05:19:09","slug":"botas-puma-108572-sala","status":"publish","type":"product","link":"https:\/\/www.deporteseli.com\/?product=botas-puma-108572-sala","title":{"rendered":"BOTAS PUMA 108572 SALA"},"content":{"rendered":"<p>Las PUMA TRUCO III 108572 02 Black Fiz-Ight White para adulto son unas zapatillas de f\u00fatbol sala que destacan por su resistencia, ligereza y control, dise\u00f1adas espec\u00edficamente para ofrecer el mejor rendimiento en pista indoor. Con un dise\u00f1o moderno en negro con detalles en blanco, combinan estilo y funcionalidad en cada partido.    Su parte superior sint\u00e9tica duradera y ligera asegura un ajuste c\u00f3modo y firme, permitiendo un mejor contacto con el bal\u00f3n para optimizar la t\u00e9cnica y la precisi\u00f3n en el juego. El perfil bajo mejora la sensaci\u00f3n de control, esencial en espacios reducidos y jugadas r\u00e1pidas.    La suela de goma adherente y flexible est\u00e1 optimizada para superficies interiores, proporcionando excelente tracci\u00f3n, estabilidad y capacidad de reacci\u00f3n en movimientos explosivos y cambios de direcci\u00f3n.    Las PUMA Truco III Black Fiz-Ight White son la elecci\u00f3n perfecta para jugadores adultos que buscan unas zapatillas de f\u00fatbol sala fiables, resistentes y con gran control del bal\u00f3n, manteniendo siempre el estilo caracter\u00edstico de PUMA.                                                                                                                                                                                                                                                                                                                                                                                                                                                                                                                                                                                                                                                                                                                                                                                                                                                                                                                                                                                                                                        <\/p>\n","protected":false},"excerpt":{"rendered":"<p>BOTAS PUMA 108572 SALA<\/p>\n","protected":false},"featured_media":59958,"template":"","meta":[],"product_brand":[],"product_cat":[323],"product_tag":[32],"class_list":{"0":"post-47638","1":"product","2":"type-product","3":"status-publish","4":"has-post-thumbnail","6":"product_cat-deportes_futbol_botas_sala","7":"product_tag-puma","8":"pa_color-unico","9":"pa_talla-40-5","10":"pa_talla-151","11":"pa_talla-153","12":"pa_talla-155","13":"pa_talla-44-5","14":"pa_talla-159","15":"pa_talla-161","16":"pa_talla-163","17":"thunk-woo-product-list","18":"opn-qv-enable","19":"open-woo-hover-","20":"open-single-product-tab-horizontal","21":"open-shadow-","22":"open-shadow-hover-","24":"first","25":"instock","26":"sale","27":"shipping-taxable","28":"purchasable","29":"product-type-variable"},"jetpack_sharing_enabled":true,"_links":{"self":[{"href":"https:\/\/www.deporteseli.com\/index.php?rest_route=\/wp\/v2\/product\/47638","targetHints":{"allow":["GET"]}}],"collection":[{"href":"https:\/\/www.deporteseli.com\/index.php?rest_route=\/wp\/v2\/product"}],"about":[{"href":"https:\/\/www.deporteseli.com\/index.php?rest_route=\/wp\/v2\/types\/product"}],"wp:featuredmedia":[{"embeddable":true,"href":"https:\/\/www.deporteseli.com\/index.php?rest_route=\/wp\/v2\/media\/59958"}],"wp:attachment":[{"href":"https:\/\/www.deporteseli.com\/index.php?rest_route=%2Fwp%2Fv2%2Fmedia&parent=47638"}],"wp:term":[{"taxonomy":"product_brand","embeddable":true,"href":"https:\/\/www.deporteseli.com\/index.php?rest_route=%2Fwp%2Fv2%2Fproduct_brand&post=47638"},{"taxonomy":"product_cat","embeddable":true,"href":"https:\/\/www.deporteseli.com\/index.php?rest_route=%2Fwp%2Fv2%2Fproduct_cat&post=47638"},{"taxonomy":"product_tag","embeddable":true,"href":"https:\/\/www.deporteseli.com\/index.php?rest_route=%2Fwp%2Fv2%2Fproduct_tag&post=47638"}],"curies":[{"name":"wp","href":"https:\/\/api.w.org\/{rel}","templated":true}]}}