{"id":47625,"date":"2026-01-27T21:43:16","date_gmt":"2026-01-27T21:43:16","guid":{"rendered":"https:\/\/www.deporteseli.com\/?product=botas-puma-ultra-junior-play-mg-azul"},"modified":"2026-01-27T21:43:34","modified_gmt":"2026-01-27T21:43:34","slug":"botas-puma-ultra-junior-play-mg-azul","status":"publish","type":"product","link":"https:\/\/www.deporteseli.com\/?product=botas-puma-ultra-junior-play-mg-azul","title":{"rendered":"BOTAS PUMA ULTRA JUNIOR PLAY MG AZUL"},"content":{"rendered":"<p>Para j\u00f3venes jugadores de f\u00fatbol sala que entrenan 1 o 2 veces a la semana. Ata los cordones y prep\u00e1rate a correr. Las botas de f\u00fatbol infantil Puma ULTRA 6 PLAY MG JR est\u00e1n dise\u00f1adas para los peque\u00f1os futbolistas que quieren empezar a disfrutar sin miedo y con confianza, de su nueva pasi\u00f3n. Gracias a su construcci\u00f3n de material ligero y soporte estable, notar\u00e1n comodidad sin restricciones para moverse por todo el campo. La suela de placa SPEEDSYSTEM con multitacos FastTrax de tracci\u00f3n, soporte y velocidad, est\u00e1 preparada para jugar sobre cualquier superficie natural y terrenos de c\u00e9sped artificial. Con ellas podr\u00e1n jugar a toda velocidad.  Las botas f\u00fatbol Puma ULTRA 6 PLAY MG JR Azul Naranja incorporan un empeine ligero y resistente de material sint\u00e9tico y PU, con detalles estampados de relieve. Forro textil y tal\u00f3n acolchado.  La bota Puma ULTRA 6 PLAY MG JR cuenta con una placa de tecnolog\u00eda SPEEDSYSTEM, flexible y ligera, que incorpora tacos FastTrax de tracci\u00f3n y multidireccionales, espec\u00edficos para un buen agarre y aceleraci\u00f3n en campos de hierba duros, c\u00e9sped artificial y terrenos de tierra.  L\u00ednea de botas utilizada por Christian Pulisic y Kingsley Coman.                                                                                                                                                                                                                                                                                                                                                                                                                                                                                                                                                                                                                                                                                                                                                                                                                                                                                                                                                                                                                                        <\/p>\n","protected":false},"excerpt":{"rendered":"<p>BOTAS PUMA ULTRA JUNIOR PLAY MG AZUL<\/p>\n","protected":false},"featured_media":59954,"template":"","meta":[],"product_brand":[],"product_cat":[318],"product_tag":[32],"class_list":{"0":"post-47625","1":"product","2":"type-product","3":"status-publish","4":"has-post-thumbnail","6":"product_cat-deportes_futbol_botas","7":"product_tag-puma","8":"pa_color-unico","9":"pa_talla-125","10":"pa_talla-127","11":"pa_talla-131","12":"pa_talla-133","13":"pa_talla-135","14":"pa_talla-137","15":"pa_talla-34-5","16":"pa_talla-35-5","17":"pa_talla-141","18":"pa_talla-143","19":"pa_talla-145","20":"pa_talla-38-5","21":"thunk-woo-product-list","22":"opn-qv-enable","23":"open-woo-hover-","24":"open-single-product-tab-horizontal","25":"open-shadow-","26":"open-shadow-hover-","28":"first","29":"instock","30":"sale","31":"shipping-taxable","32":"purchasable","33":"product-type-variable"},"jetpack_sharing_enabled":true,"_links":{"self":[{"href":"https:\/\/www.deporteseli.com\/index.php?rest_route=\/wp\/v2\/product\/47625","targetHints":{"allow":["GET"]}}],"collection":[{"href":"https:\/\/www.deporteseli.com\/index.php?rest_route=\/wp\/v2\/product"}],"about":[{"href":"https:\/\/www.deporteseli.com\/index.php?rest_route=\/wp\/v2\/types\/product"}],"wp:featuredmedia":[{"embeddable":true,"href":"https:\/\/www.deporteseli.com\/index.php?rest_route=\/wp\/v2\/media\/59954"}],"wp:attachment":[{"href":"https:\/\/www.deporteseli.com\/index.php?rest_route=%2Fwp%2Fv2%2Fmedia&parent=47625"}],"wp:term":[{"taxonomy":"product_brand","embeddable":true,"href":"https:\/\/www.deporteseli.com\/index.php?rest_route=%2Fwp%2Fv2%2Fproduct_brand&post=47625"},{"taxonomy":"product_cat","embeddable":true,"href":"https:\/\/www.deporteseli.com\/index.php?rest_route=%2Fwp%2Fv2%2Fproduct_cat&post=47625"},{"taxonomy":"product_tag","embeddable":true,"href":"https:\/\/www.deporteseli.com\/index.php?rest_route=%2Fwp%2Fv2%2Fproduct_tag&post=47625"}],"curies":[{"name":"wp","href":"https:\/\/api.w.org\/{rel}","templated":true}]}}