{"id":47615,"date":"2026-01-27T21:42:59","date_gmt":"2026-01-27T21:42:59","guid":{"rendered":"https:\/\/www.deporteseli.com\/?product=bolso-puma-091182-2"},"modified":"2026-01-27T21:43:02","modified_gmt":"2026-01-27T21:43:02","slug":"bolso-puma-091182-2","status":"publish","type":"product","link":"https:\/\/www.deporteseli.com\/?product=bolso-puma-091182-2","title":{"rendered":"BOLSO PUMA 091182"},"content":{"rendered":"<p>Descripci\u00f3n  La mochila Puma Plus Portable New en azul marino es un accesorio que combina estilo y funcionalidad.  Su compartimento principal cuenta con una cremallera que garantiza la seguridad de tus pertenencias. Adem\u00e1s, incluye una apertura con cremallera en el bolsillo delantero que facilita el acceso a objetos peque\u00f1os.  En su interior, tambi\u00e9n encontrar\u00e1s un bolsillo deslizante que proporciona espacio adicional para organizar tus cosas.  Las correas de hombro son ajustables, permitiendo un uso c\u00f3moda y personalizada para todos.  Los detalles de la marca PUMA destacan su autenticidad y dise\u00f1o moderno.  Esta mochila es ideal para actividades diarias, estudios o deportes, siendo un complemento vers\u00e1til y pr\u00e1ctico.  Materiales de alta calidad aseguran durabilidad y resistencia.  El forro y la c\u00e1scara est\u00e1n compuestos al 100 por ciento, ofreciendo un acabado que resalta su est\u00e9tica.  Elige la mochila Puma Plus Portable New para llevar tus esenciales con estilo y comodidad.    Caracter\u00edsticas  Mochila  Compartimento principal con cremallera  Abertura con cremallera en el bolsillo delantero  Bolsillo interior deslizante  Correa de hombro ajustable  Detalles de la marca PUMA  Composici\u00f3n del material  Forro: 100%  C\u00e1scara: 100%                                                                                                                                                                                                                                                                                                                                                                                                                                                                                                                                                                                                                                                                                                                                                                                                                                                                                                                                                                                                                                        <\/p>\n","protected":false},"excerpt":{"rendered":"<p>BOLSO PUMA 091182<\/p>\n","protected":false},"featured_media":59948,"template":"","meta":[],"product_brand":[],"product_cat":[423],"product_tag":[32],"class_list":{"0":"post-47615","1":"product","2":"type-product","3":"status-publish","4":"has-post-thumbnail","6":"product_cat-accesorios_bandoleras","7":"product_tag-puma","8":"pa_color-unico","9":"pa_talla-unica","10":"thunk-woo-product-list","11":"opn-qv-enable","12":"open-woo-hover-","13":"open-single-product-tab-horizontal","14":"open-shadow-","15":"open-shadow-hover-","17":"first","18":"instock","19":"shipping-taxable","20":"purchasable","21":"product-type-variable"},"jetpack_sharing_enabled":true,"_links":{"self":[{"href":"https:\/\/www.deporteseli.com\/index.php?rest_route=\/wp\/v2\/product\/47615","targetHints":{"allow":["GET"]}}],"collection":[{"href":"https:\/\/www.deporteseli.com\/index.php?rest_route=\/wp\/v2\/product"}],"about":[{"href":"https:\/\/www.deporteseli.com\/index.php?rest_route=\/wp\/v2\/types\/product"}],"wp:featuredmedia":[{"embeddable":true,"href":"https:\/\/www.deporteseli.com\/index.php?rest_route=\/wp\/v2\/media\/59948"}],"wp:attachment":[{"href":"https:\/\/www.deporteseli.com\/index.php?rest_route=%2Fwp%2Fv2%2Fmedia&parent=47615"}],"wp:term":[{"taxonomy":"product_brand","embeddable":true,"href":"https:\/\/www.deporteseli.com\/index.php?rest_route=%2Fwp%2Fv2%2Fproduct_brand&post=47615"},{"taxonomy":"product_cat","embeddable":true,"href":"https:\/\/www.deporteseli.com\/index.php?rest_route=%2Fwp%2Fv2%2Fproduct_cat&post=47615"},{"taxonomy":"product_tag","embeddable":true,"href":"https:\/\/www.deporteseli.com\/index.php?rest_route=%2Fwp%2Fv2%2Fproduct_tag&post=47615"}],"curies":[{"name":"wp","href":"https:\/\/api.w.org\/{rel}","templated":true}]}}