{"id":47609,"date":"2026-01-27T21:42:47","date_gmt":"2026-01-27T21:42:47","guid":{"rendered":"https:\/\/www.deporteseli.com\/?product=chandal-j-smith-befes"},"modified":"2026-03-07T06:35:26","modified_gmt":"2026-03-07T06:35:26","slug":"chandal-j-smith-befes","status":"publish","type":"product","link":"https:\/\/www.deporteseli.com\/?product=chandal-j-smith-befes","title":{"rendered":"CHANDAL J.SMITH BEFES"},"content":{"rendered":"<p>Jogging Junior en felpa de algod\u00f3n perchado, comodidad y estilo deportivo.    Ideal para acompa\u00f1ar cada movimiento, este ch\u00e1ndal junior est\u00e1 confeccionado en felpa de algod\u00f3n perchado que ofrece suavidad y calidez. La chaqueta abierta presenta un pr\u00e1ctico bolsillo canguro y mangas con bandas a contraste que aportan un toque moderno. Los pantalones cuentan con cinturilla ajustable, pu\u00f1os en canal\u00e9 y bolsillos laterales para m\u00e1xima funcionalidad y confort.    Composici\u00f3n: 65% poli\u00e9ster-35% algod\u00f3n, backside brushed.                                                                                                                                                                                                                                                                                                                                                                                                                                                                                                                                                                                                                                                                                                                                                                                                                                                                                                                                                                                                                                        <\/p>\n","protected":false},"excerpt":{"rendered":"<p>CHANDAL J.SMITH BEFES<\/p>\n","protected":false},"featured_media":59944,"template":"","meta":[],"product_brand":[],"product_cat":[298],"product_tag":[43],"class_list":{"0":"post-47609","1":"product","2":"type-product","3":"status-publish","4":"has-post-thumbnail","6":"product_cat-nino_textil_chandals","7":"product_tag-jhon_smith","8":"pa_color-unico","9":"pa_talla-t-10","10":"pa_talla-t-12","11":"pa_talla-t-14","12":"pa_talla-t-16","13":"pa_talla-t-8","14":"thunk-woo-product-list","15":"opn-qv-enable","16":"open-woo-hover-","17":"open-single-product-tab-horizontal","18":"open-shadow-","19":"open-shadow-hover-","21":"first","22":"instock","23":"shipping-taxable","24":"purchasable","25":"product-type-variable"},"jetpack_sharing_enabled":true,"_links":{"self":[{"href":"https:\/\/www.deporteseli.com\/index.php?rest_route=\/wp\/v2\/product\/47609","targetHints":{"allow":["GET"]}}],"collection":[{"href":"https:\/\/www.deporteseli.com\/index.php?rest_route=\/wp\/v2\/product"}],"about":[{"href":"https:\/\/www.deporteseli.com\/index.php?rest_route=\/wp\/v2\/types\/product"}],"wp:featuredmedia":[{"embeddable":true,"href":"https:\/\/www.deporteseli.com\/index.php?rest_route=\/wp\/v2\/media\/59944"}],"wp:attachment":[{"href":"https:\/\/www.deporteseli.com\/index.php?rest_route=%2Fwp%2Fv2%2Fmedia&parent=47609"}],"wp:term":[{"taxonomy":"product_brand","embeddable":true,"href":"https:\/\/www.deporteseli.com\/index.php?rest_route=%2Fwp%2Fv2%2Fproduct_brand&post=47609"},{"taxonomy":"product_cat","embeddable":true,"href":"https:\/\/www.deporteseli.com\/index.php?rest_route=%2Fwp%2Fv2%2Fproduct_cat&post=47609"},{"taxonomy":"product_tag","embeddable":true,"href":"https:\/\/www.deporteseli.com\/index.php?rest_route=%2Fwp%2Fv2%2Fproduct_tag&post=47609"}],"curies":[{"name":"wp","href":"https:\/\/api.w.org\/{rel}","templated":true}]}}