{"id":47603,"date":"2026-01-27T21:42:39","date_gmt":"2026-01-27T21:42:39","guid":{"rendered":"https:\/\/www.deporteseli.com\/?product=chandal-j-smith-cambad-jr"},"modified":"2026-03-07T06:35:20","modified_gmt":"2026-03-07T06:35:20","slug":"chandal-j-smith-cambad-jr","status":"publish","type":"product","link":"https:\/\/www.deporteseli.com\/?product=chandal-j-smith-cambad-jr","title":{"rendered":"CHANDAL J.SMITH CAMBAD JR"},"content":{"rendered":"<p>DESCRIPCI\u00d3N  Ch\u00e1ndal de poli\u00e9ster tricot: estilo cl\u00e1sico que nunca falla.    Redescubre el cl\u00e1sico con este ch\u00e1ndal de tricot de poli\u00e9ster, ideal para quienes buscan comodidad sin renunciar al estilo.  Con cremallera frontal y un dise\u00f1o atemporal, destaca por sus ic\u00f3nicas bandas en mangas y pantal\u00f3n que evocan el esp\u00edritu deportivo de siempre.  Los pu\u00f1os y el bajo con goma el\u00e1stica aseguran un ajuste c\u00f3modo y moderno. El pantal\u00f3n, de corte recto, incluye bolsillos laterales y cinturilla el\u00e1stica con cord\u00f3n para un ajuste perfecto.  Perfecto para tus entrenamientos, salidas informales o simplemente para lucir un look deportivo con actitud.    Composici\u00f3n: 100% poli\u00e9ster tricot.                                                                                                                                                                                                                                                                                                                                                                                                                                                                                                                                                                                                                                                                                                                                                                                                                                                                                                                                                                                                                                        <\/p>\n","protected":false},"excerpt":{"rendered":"<p>CHANDAL J.SMITH CAMBAD JR<\/p>\n","protected":false},"featured_media":59940,"template":"","meta":[],"product_brand":[],"product_cat":[298],"product_tag":[43],"class_list":{"0":"post-47603","1":"product","2":"type-product","3":"status-publish","4":"has-post-thumbnail","6":"product_cat-nino_textil_chandals","7":"product_tag-jhon_smith","8":"pa_color-unico","9":"pa_talla-t-10","10":"pa_talla-t-12","11":"pa_talla-t-14","12":"pa_talla-t-16","13":"pa_talla-t-8","14":"thunk-woo-product-list","15":"opn-qv-enable","16":"open-woo-hover-","17":"open-single-product-tab-horizontal","18":"open-shadow-","19":"open-shadow-hover-","21":"first","22":"instock","23":"shipping-taxable","24":"purchasable","25":"product-type-variable"},"jetpack_sharing_enabled":true,"_links":{"self":[{"href":"https:\/\/www.deporteseli.com\/index.php?rest_route=\/wp\/v2\/product\/47603","targetHints":{"allow":["GET"]}}],"collection":[{"href":"https:\/\/www.deporteseli.com\/index.php?rest_route=\/wp\/v2\/product"}],"about":[{"href":"https:\/\/www.deporteseli.com\/index.php?rest_route=\/wp\/v2\/types\/product"}],"wp:featuredmedia":[{"embeddable":true,"href":"https:\/\/www.deporteseli.com\/index.php?rest_route=\/wp\/v2\/media\/59940"}],"wp:attachment":[{"href":"https:\/\/www.deporteseli.com\/index.php?rest_route=%2Fwp%2Fv2%2Fmedia&parent=47603"}],"wp:term":[{"taxonomy":"product_brand","embeddable":true,"href":"https:\/\/www.deporteseli.com\/index.php?rest_route=%2Fwp%2Fv2%2Fproduct_brand&post=47603"},{"taxonomy":"product_cat","embeddable":true,"href":"https:\/\/www.deporteseli.com\/index.php?rest_route=%2Fwp%2Fv2%2Fproduct_cat&post=47603"},{"taxonomy":"product_tag","embeddable":true,"href":"https:\/\/www.deporteseli.com\/index.php?rest_route=%2Fwp%2Fv2%2Fproduct_tag&post=47603"}],"curies":[{"name":"wp","href":"https:\/\/api.w.org\/{rel}","templated":true}]}}