{"id":47598,"date":"2026-01-27T21:42:31","date_gmt":"2026-01-27T21:42:31","guid":{"rendered":"https:\/\/www.deporteseli.com\/?product=chandal-j-smith-cambad"},"modified":"2026-03-28T05:20:52","modified_gmt":"2026-03-28T05:20:52","slug":"chandal-j-smith-cambad","status":"publish","type":"product","link":"https:\/\/www.deporteseli.com\/?product=chandal-j-smith-cambad","title":{"rendered":"CHANDAL J.SMITH CAMBAD"},"content":{"rendered":"<p>Ch\u00e1ndal de poli\u00e9ster tricot: estilo cl\u00e1sico que nunca falla.    Redescubre el cl\u00e1sico con este ch\u00e1ndal de tricot de poli\u00e9ster, ideal para quienes buscan comodidad sin renunciar al estilo.  Con cremallera frontal y un dise\u00f1o atemporal, destaca por sus ic\u00f3nicas bandas en mangas y pantal\u00f3n que evocan el esp\u00edritu deportivo de siempre.  Los pu\u00f1os y el bajo con goma el\u00e1stica aseguran un ajuste c\u00f3modo y moderno. El pantal\u00f3n, de corte recto, incluye bolsillos laterales y cinturilla el\u00e1stica con cord\u00f3n para un ajuste perfecto.  Perfecto para tus entrenamientos, salidas informales o simplemente para lucir un look deportivo con actitud.    Composici\u00f3n: 100% poli\u00e9ster tricot.                                                                                                                                                                                                                                                                                                                                                                                                                                                                                                                                                                                                                                                                                                                                                                                                                                                                                                                                                                                                                                        <\/p>\n","protected":false},"excerpt":{"rendered":"<p>CHANDAL J.SMITH CAMBAD<\/p>\n","protected":false},"featured_media":59937,"template":"","meta":[],"product_brand":[],"product_cat":[248],"product_tag":[43],"class_list":{"0":"post-47598","1":"product","2":"type-product","3":"status-publish","4":"has-post-thumbnail","6":"product_cat-hombre_textil_chandals","7":"product_tag-jhon_smith","8":"pa_color-unico","9":"pa_talla-l","10":"pa_talla-m","11":"pa_talla-s","12":"pa_talla-xxl","13":"thunk-woo-product-list","14":"opn-qv-enable","15":"open-woo-hover-","16":"open-single-product-tab-horizontal","17":"open-shadow-","18":"open-shadow-hover-","20":"first","21":"instock","22":"shipping-taxable","23":"purchasable","24":"product-type-variable"},"jetpack_sharing_enabled":true,"_links":{"self":[{"href":"https:\/\/www.deporteseli.com\/index.php?rest_route=\/wp\/v2\/product\/47598","targetHints":{"allow":["GET"]}}],"collection":[{"href":"https:\/\/www.deporteseli.com\/index.php?rest_route=\/wp\/v2\/product"}],"about":[{"href":"https:\/\/www.deporteseli.com\/index.php?rest_route=\/wp\/v2\/types\/product"}],"wp:featuredmedia":[{"embeddable":true,"href":"https:\/\/www.deporteseli.com\/index.php?rest_route=\/wp\/v2\/media\/59937"}],"wp:attachment":[{"href":"https:\/\/www.deporteseli.com\/index.php?rest_route=%2Fwp%2Fv2%2Fmedia&parent=47598"}],"wp:term":[{"taxonomy":"product_brand","embeddable":true,"href":"https:\/\/www.deporteseli.com\/index.php?rest_route=%2Fwp%2Fv2%2Fproduct_brand&post=47598"},{"taxonomy":"product_cat","embeddable":true,"href":"https:\/\/www.deporteseli.com\/index.php?rest_route=%2Fwp%2Fv2%2Fproduct_cat&post=47598"},{"taxonomy":"product_tag","embeddable":true,"href":"https:\/\/www.deporteseli.com\/index.php?rest_route=%2Fwp%2Fv2%2Fproduct_tag&post=47598"}],"curies":[{"name":"wp","href":"https:\/\/api.w.org\/{rel}","templated":true}]}}