{"id":47595,"date":"2026-01-27T21:42:27","date_gmt":"2026-01-27T21:42:27","guid":{"rendered":"https:\/\/www.deporteseli.com\/?product=chandal-j-smith-chao"},"modified":"2026-03-07T06:35:09","modified_gmt":"2026-03-07T06:35:09","slug":"chandal-j-smith-chao","status":"publish","type":"product","link":"https:\/\/www.deporteseli.com\/?product=chandal-j-smith-chao","title":{"rendered":"CHANDAL J.SMITH CHAO"},"content":{"rendered":"<p>Ch\u00e1ndal de interlock perchado con capucha: dise\u00f1o vanguardista y m\u00e1xima comodidad.    Luce un estilo \u00fanico con este ch\u00e1ndal de interlock con interior perchado, equipado con capucha para mayor protecci\u00f3n y confort.  La chaqueta presenta un moderno estampado gr\u00e1fico geom\u00e9trico en la parte delantera, combinado con pr\u00e1cticos bolsillos con cremallera y el logo corporativo que destaca calidad y personalidad.  El pantal\u00f3n cuenta con cinturilla ajustable, bolsillos funcionales y pu\u00f1os de canal\u00e9 que garantizan un ajuste perfecto y comodidad durante todo el d\u00eda.  Perfecto para quienes buscan un look deportivo con car\u00e1cter y detalles que marcan la diferencia.    Composici\u00f3n: 100% poli\u00e9ster intelrock, backside brushed.                                                                                                                                                                                                                                                                                                                                                                                                                                                                                                                                                                                                                                                                                                                                                                                                                                                                                                                                                                                                                                        <\/p>\n","protected":false},"excerpt":{"rendered":"<p>CHANDAL J.SMITH CHAO<\/p>\n","protected":false},"featured_media":59934,"template":"","meta":[],"product_brand":[],"product_cat":[248],"product_tag":[43],"class_list":{"0":"post-47595","1":"product","2":"type-product","3":"status-publish","4":"has-post-thumbnail","6":"product_cat-hombre_textil_chandals","7":"product_tag-jhon_smith","8":"pa_color-unico","9":"pa_talla-l","10":"pa_talla-s","11":"thunk-woo-product-list","12":"opn-qv-enable","13":"open-woo-hover-","14":"open-single-product-tab-horizontal","15":"open-shadow-","16":"open-shadow-hover-","18":"first","19":"instock","20":"shipping-taxable","21":"purchasable","22":"product-type-variable"},"jetpack_sharing_enabled":true,"_links":{"self":[{"href":"https:\/\/www.deporteseli.com\/index.php?rest_route=\/wp\/v2\/product\/47595","targetHints":{"allow":["GET"]}}],"collection":[{"href":"https:\/\/www.deporteseli.com\/index.php?rest_route=\/wp\/v2\/product"}],"about":[{"href":"https:\/\/www.deporteseli.com\/index.php?rest_route=\/wp\/v2\/types\/product"}],"wp:featuredmedia":[{"embeddable":true,"href":"https:\/\/www.deporteseli.com\/index.php?rest_route=\/wp\/v2\/media\/59934"}],"wp:attachment":[{"href":"https:\/\/www.deporteseli.com\/index.php?rest_route=%2Fwp%2Fv2%2Fmedia&parent=47595"}],"wp:term":[{"taxonomy":"product_brand","embeddable":true,"href":"https:\/\/www.deporteseli.com\/index.php?rest_route=%2Fwp%2Fv2%2Fproduct_brand&post=47595"},{"taxonomy":"product_cat","embeddable":true,"href":"https:\/\/www.deporteseli.com\/index.php?rest_route=%2Fwp%2Fv2%2Fproduct_cat&post=47595"},{"taxonomy":"product_tag","embeddable":true,"href":"https:\/\/www.deporteseli.com\/index.php?rest_route=%2Fwp%2Fv2%2Fproduct_tag&post=47595"}],"curies":[{"name":"wp","href":"https:\/\/api.w.org\/{rel}","templated":true}]}}