{"id":47579,"date":"2026-01-27T21:42:05","date_gmt":"2026-01-27T21:42:05","guid":{"rendered":"https:\/\/www.deporteseli.com\/?product=pantalon-adidas-jm3843"},"modified":"2026-03-12T05:19:03","modified_gmt":"2026-03-12T05:19:03","slug":"pantalon-adidas-jm3843","status":"publish","type":"product","link":"https:\/\/www.deporteseli.com\/?product=pantalon-adidas-jm3843","title":{"rendered":"PANTALON ADIDAS JM3843"},"content":{"rendered":"<p>Descripci\u00f3n  Ponte estas mallas adidas Training Essentials para adolescentes y estar\u00e1s lista para todo. El atrevido estampado floral le da a tus piernas un estallido de color: un toque divertido para tu ropa de entrenamiento. Confeccionadas con un tejido suave y el\u00e1stico, estas mallas se mueven contigo en cada sentadilla, zancada y esprint. El elegante corte de cintura alta se adapta a tu silueta durante el saludo al Sol en yoga o al ir a por todas durante el cardio. CLIMACOOL aleja el sudor de la piel, manteni\u00e9ndola fresca y seca para minimizar las distracciones y optimizar tu rendimiento.  CLIMACOOL te ayuda a gestionar el sudor con materiales que expulsan la humedad r\u00e1pidamente. Sus fibras de secado r\u00e1pido brindan sensaci\u00f3n de frescura.                                                                                                                                                                                                                                                                                                                                                                                                                                                                                                                                                                                                                                                                                                                                                                                                                                                                                                                                                                                                                                        <\/p>\n","protected":false},"excerpt":{"rendered":"<p>PANTALON ADIDAS JM3843<\/p>\n","protected":false},"featured_media":59924,"template":"","meta":[],"product_brand":[],"product_cat":[386],"product_tag":[18],"class_list":{"0":"post-47579","1":"product","2":"type-product","3":"status-publish","4":"has-post-thumbnail","6":"product_cat-ninas_textil_mallas","7":"product_tag-adidas","8":"pa_color-unico","9":"pa_talla-t-10","10":"pa_talla-t-12","11":"pa_talla-t-14","12":"pa_talla-t-16","13":"pa_talla-t-8","14":"thunk-woo-product-list","15":"opn-qv-enable","16":"open-woo-hover-","17":"open-single-product-tab-horizontal","18":"open-shadow-","19":"open-shadow-hover-","21":"first","22":"instock","23":"shipping-taxable","24":"purchasable","25":"product-type-variable"},"jetpack_sharing_enabled":true,"_links":{"self":[{"href":"https:\/\/www.deporteseli.com\/index.php?rest_route=\/wp\/v2\/product\/47579","targetHints":{"allow":["GET"]}}],"collection":[{"href":"https:\/\/www.deporteseli.com\/index.php?rest_route=\/wp\/v2\/product"}],"about":[{"href":"https:\/\/www.deporteseli.com\/index.php?rest_route=\/wp\/v2\/types\/product"}],"wp:featuredmedia":[{"embeddable":true,"href":"https:\/\/www.deporteseli.com\/index.php?rest_route=\/wp\/v2\/media\/59924"}],"wp:attachment":[{"href":"https:\/\/www.deporteseli.com\/index.php?rest_route=%2Fwp%2Fv2%2Fmedia&parent=47579"}],"wp:term":[{"taxonomy":"product_brand","embeddable":true,"href":"https:\/\/www.deporteseli.com\/index.php?rest_route=%2Fwp%2Fv2%2Fproduct_brand&post=47579"},{"taxonomy":"product_cat","embeddable":true,"href":"https:\/\/www.deporteseli.com\/index.php?rest_route=%2Fwp%2Fv2%2Fproduct_cat&post=47579"},{"taxonomy":"product_tag","embeddable":true,"href":"https:\/\/www.deporteseli.com\/index.php?rest_route=%2Fwp%2Fv2%2Fproduct_tag&post=47579"}],"curies":[{"name":"wp","href":"https:\/\/api.w.org\/{rel}","templated":true}]}}